{"id":9287,"date":"2019-03-26T06:34:08","date_gmt":"2019-03-26T05:34:08","guid":{"rendered":"http:\/\/kraeuter-groz.de\/?page_id=9287"},"modified":"2025-02-11T10:45:28","modified_gmt":"2025-02-11T09:45:28","slug":"super-food","status":"publish","type":"page","link":"https:\/\/kraeuter-groz.de\/en\/super-food\/","title":{"rendered":"Super Food"},"content":{"rendered":"<div data-row-brightness=\"light\" class=\"vc_row wpb_row vc_row-fluid img_set rella-row-shadowbox-69d6357a2c77a\" style=\"\"><div class=\"wpb_column vc_column_container vc_col-sm-12\" ><div class=\"vc_column-inner\"  style=\"\"><div class=\"wpb_wrapper\"><div class=\"vc_row wpb_row vc_inner vc_row-fluid kr_row vc_custom_1563367957975 vc_row-o-equal-height vc_row-o-content-top vc_row-flex\" style=\"background-attachment:;\"><div class=\"wpb_column vc_column_container vc_col-sm-12\" ><div class=\"vc_column-inner\" style=\"\"><div class=\"wpb_wrapper\"><h2 style=\"font-size: 32px;color: #1b6b56;text-align: left\" class=\"vc_custom_heading\"  ><a href=\"https:\/\/kraeuter-groz.de\/wp-content\/uploads\/2020\/02\/GrozVital-Produkte.pdf\">Groz Vital<\/a><\/h2>\n\t<div class=\"wpb_text_column wpb_content_element  vc_custom_1568804428171\">\n\t\t<div class=\"wpb_wrapper\">\n\t\t\t<p>Groz Vital product line without artificial flavors or dyes which was designed for different applications.<\/p>\n<p>In the development of our Groz Vital product line, we have linked old traditional knowledge of natural medicine and in-house formulations with the latest scientific findings.<\/p>\n<p>Because only the right combination allows an optimal effect.<\/p>\n<p>In addition, by using state-of-the-art machinery and production methods, it is possible to gently process our Groz Vital product line so that valuable ingredients are retained.<\/p>\n\n\t\t<\/div>\n\t<\/div>\n<\/div><\/div><\/div><\/div><div class=\"vc_row wpb_row vc_inner vc_row-fluid kr_row vc_row-o-equal-height vc_row-o-content-top vc_row-flex\" style=\"background-attachment:;\"><div class=\"wpb_column vc_column_container vc_col-sm-12\" ><div class=\"vc_column-inner\" style=\"\"><div class=\"wpb_wrapper\"><h2 style=\"color: #000000;text-align: left\" class=\"vc_custom_heading\"  ><a href=\"https:\/\/kraeuter-groz.de\/wp-content\/uploads\/2020\/02\/GrozVital-Produkte.pdf\" target=\" _blank\">Groz Vital Kau spice mixture<\/a><\/h2>\n\t<div class=\"wpb_text_column wpb_content_element  vc_custom_1569224138026\">\n\t\t<div class=\"wpb_wrapper\">\n\t\t\t<p>Thorough chewing of the grains and spices releases the essential oils in the mouth. Intensify fresh aromas by drinking a glass of warm water.<\/p>\n<p>Swallowing the spices unfold their full-bodied features. The tasty mixes are preferably chewed after eating.<\/p>\n<p>The litter spice blends offer a new taste for your<\/p>\n<p><strong>Application:<\/strong><\/p>\n<ul>\n<li>Groz Vital Atem Frisch<\/li>\n<li>Groz Vital Hals Kracher-Kaumischung<\/li>\n<li>Groz Vital Top Vital Herbs<\/li>\n<li>Groz Vital ApfelPektin-Streumischung<\/li>\n<li>Groz Vital Day Starter-Streumischung<\/li>\n<\/ul>\n\n\t\t<\/div>\n\t<\/div>\n<\/div><\/div><\/div><\/div><div class=\"vc_row wpb_row vc_inner vc_row-fluid kr_row vc_custom_1563367990492 vc_row-o-equal-height vc_row-o-content-top vc_row-flex\" style=\"background-attachment:;\"><div class=\"wpb_column vc_column_container vc_col-sm-12\" ><div class=\"vc_column-inner\" style=\"\"><div class=\"wpb_wrapper\"><h2 style=\"color: #000000;text-align: left\" class=\"vc_custom_heading\"  ><a href=\"https:\/\/kraeuter-groz.de\/wp-content\/uploads\/2020\/02\/GrozVital-Produkte.pdf\" target=\" _blank\">Groz Vital Super Food<\/a><\/h2>\n\t<div class=\"wpb_text_column wpb_content_element  vc_custom_1568792083091\">\n\t\t<div class=\"wpb_wrapper\">\n\t\t\t<p>Groz Vital Super Food Superfood are natural plant foods with a high content of vitamins and minerals, as well as phytochemicals. They are therefore considered particularly healthy.<\/p>\n<p>Groz Vital Super Food do our body a lot of good and bring variety in our diet.<\/p>\n<p>Available for various application areas.<\/p>\n\n\t\t<\/div>\n\t<\/div>\n<\/div><\/div><\/div><\/div><div class=\"vc_row wpb_row vc_inner vc_row-fluid kr_row vc_custom_1568095796145 vc_row-o-equal-height vc_row-o-content-top vc_row-flex\" style=\"background-attachment:;\"><div class=\"wpb_column vc_column_container vc_col-sm-12\" ><div class=\"vc_column-inner\" style=\"\"><div class=\"wpb_wrapper\"><style>.ra_button_69d6357a2dfd2{border-color:!important;}<\/style><a href=\"https:\/\/kraeuter-groz.de\/wp-content\/uploads\/2025\/02\/220-GrozVital-Produkte-und-Superfoods-03.02.2025-.pdf\" target=\"_blank\" class=\"btn btn-default border-thin ra_button_69d6357a2dfd2\" >\n\t\t\t\t<span>\n\tRead More\t<\/span>\n<\/a>\n<\/div><\/div><\/div><\/div><\/div><\/div><\/div><script type=\"text\/javascript\">(function($) {$(\"head\").append(\"<style>.rella-row-shadowbox-69d6357a2c77a{-webkit-box-shadow:;-moz-box-shadow:;box-shadow:;}<\/style>\");})(jQuery);<\/script><\/div>","protected":false},"excerpt":{"rendered":"Groz Vital Groz Vital Produktlinie ohne k\u00fcnstliche Aromen oder Farbstoffe welche f\u00fcr verschiedene Anwendungsbereiche konzipiert wurde. Bei der Entwicklung unserer Groz Vital Produktlinie haben wir altes \u00fcberliefertes Wissen der Naturheilkunde und hauseigener Rezepturen mit neusten Erkenntnissen der Wissenschaft verkn\u00fcpft. Denn erst die richtige Kombination erm\u00f6glicht eine optimale Wirkung. Au\u00dferdem ist es durch den Einsatz modernster [...]","protected":false},"author":3,"featured_media":0,"parent":0,"menu_order":0,"comment_status":"closed","ping_status":"closed","template":"","meta":[],"yoast_head":"<!-- This site is optimized with the Yoast SEO plugin v19.6 - https:\/\/yoast.com\/wordpress\/plugins\/seo\/ -->\n<title>Super Food<\/title>\n<meta name=\"description\" content=\"GrozVital: Superfood, Kau- und Streumischungen, K\u00fcrbis- und Sonnenblumenkernmischungen, M\u00fcsli - Bio und konventionell\" \/>\n<meta name=\"robots\" content=\"index, follow, max-snippet:-1, max-image-preview:large, max-video-preview:-1\" \/>\n<link rel=\"canonical\" href=\"https:\/\/kraeuter-groz.de\/en\/super-food\/\" \/>\n<meta property=\"og:locale\" content=\"en_GB\" \/>\n<meta property=\"og:type\" content=\"article\" \/>\n<meta property=\"og:title\" content=\"Super Food\" \/>\n<meta property=\"og:description\" content=\"GrozVital: Superfood, Kau- und Streumischungen, K\u00fcrbis- und Sonnenblumenkernmischungen, M\u00fcsli - Bio und konventionell\" \/>\n<meta property=\"og:url\" content=\"https:\/\/kraeuter-groz.de\/en\/super-food\/\" \/>\n<meta property=\"og:site_name\" content=\"Kraeutergroz\" \/>\n<meta property=\"article:modified_time\" content=\"2025-02-11T09:45:28+00:00\" \/>\n<meta name=\"twitter:card\" content=\"summary_large_image\" \/>\n<meta name=\"twitter:label1\" content=\"Estimated reading time\" \/>\n\t<meta name=\"twitter:data1\" content=\"2 minutes\" \/>\n<script type=\"application\/ld+json\" class=\"yoast-schema-graph\">{\"@context\":\"https:\/\/schema.org\",\"@graph\":[{\"@type\":\"WebPage\",\"@id\":\"https:\/\/kraeuter-groz.de\/super-food\/\",\"url\":\"https:\/\/kraeuter-groz.de\/super-food\/\",\"name\":\"Super Food\",\"isPartOf\":{\"@id\":\"https:\/\/kraeuter-groz.de\/#website\"},\"datePublished\":\"2019-03-26T05:34:08+00:00\",\"dateModified\":\"2025-02-11T09:45:28+00:00\",\"description\":\"GrozVital: Superfood, Kau- und Streumischungen, K\u00fcrbis- und Sonnenblumenkernmischungen, M\u00fcsli - Bio und konventionell\",\"breadcrumb\":{\"@id\":\"https:\/\/kraeuter-groz.de\/super-food\/#breadcrumb\"},\"inLanguage\":\"en-GB\",\"potentialAction\":[{\"@type\":\"ReadAction\",\"target\":[\"https:\/\/kraeuter-groz.de\/super-food\/\"]}]},{\"@type\":\"BreadcrumbList\",\"@id\":\"https:\/\/kraeuter-groz.de\/super-food\/#breadcrumb\",\"itemListElement\":[{\"@type\":\"ListItem\",\"position\":1,\"name\":\"Startseite\",\"item\":\"https:\/\/kraeuter-groz.de\/\"},{\"@type\":\"ListItem\",\"position\":2,\"name\":\"Super Food\"}]},{\"@type\":\"WebSite\",\"@id\":\"https:\/\/kraeuter-groz.de\/#website\",\"url\":\"https:\/\/kraeuter-groz.de\/\",\"name\":\"Kraeutergroz\",\"description\":\"\",\"publisher\":{\"@id\":\"https:\/\/kraeuter-groz.de\/#organization\"},\"potentialAction\":[{\"@type\":\"SearchAction\",\"target\":{\"@type\":\"EntryPoint\",\"urlTemplate\":\"https:\/\/kraeuter-groz.de\/?s={search_term_string}\"},\"query-input\":\"required name=search_term_string\"}],\"inLanguage\":\"en-GB\"},{\"@type\":\"Organization\",\"@id\":\"https:\/\/kraeuter-groz.de\/#organization\",\"name\":\"Daniel Groz Soehne GmbH & Co. KG\",\"url\":\"https:\/\/kraeuter-groz.de\/\",\"sameAs\":[],\"logo\":{\"@type\":\"ImageObject\",\"inLanguage\":\"en-GB\",\"@id\":\"https:\/\/kraeuter-groz.de\/#\/schema\/logo\/image\/\",\"url\":\"https:\/\/kraeuter-groz.de\/wp-content\/uploads\/2019\/02\/logo.png\",\"contentUrl\":\"https:\/\/kraeuter-groz.de\/wp-content\/uploads\/2019\/02\/logo.png\",\"width\":1451,\"height\":1208,\"caption\":\"Daniel Groz Soehne GmbH & Co. KG\"},\"image\":{\"@id\":\"https:\/\/kraeuter-groz.de\/#\/schema\/logo\/image\/\"}}]}<\/script>\n<!-- \/ Yoast SEO plugin. -->","yoast_head_json":{"title":"Super Food","description":"GrozVital: Superfood, Kau- und Streumischungen, K\u00fcrbis- und Sonnenblumenkernmischungen, M\u00fcsli - Bio und konventionell","robots":{"index":"index","follow":"follow","max-snippet":"max-snippet:-1","max-image-preview":"max-image-preview:large","max-video-preview":"max-video-preview:-1"},"canonical":"https:\/\/kraeuter-groz.de\/en\/super-food\/","og_locale":"en_GB","og_type":"article","og_title":"Super Food","og_description":"GrozVital: Superfood, Kau- und Streumischungen, K\u00fcrbis- und Sonnenblumenkernmischungen, M\u00fcsli - Bio und konventionell","og_url":"https:\/\/kraeuter-groz.de\/en\/super-food\/","og_site_name":"Kraeutergroz","article_modified_time":"2025-02-11T09:45:28+00:00","twitter_card":"summary_large_image","twitter_misc":{"Estimated reading time":"2 minutes"},"schema":{"@context":"https:\/\/schema.org","@graph":[{"@type":"WebPage","@id":"https:\/\/kraeuter-groz.de\/super-food\/","url":"https:\/\/kraeuter-groz.de\/super-food\/","name":"Super Food","isPartOf":{"@id":"https:\/\/kraeuter-groz.de\/#website"},"datePublished":"2019-03-26T05:34:08+00:00","dateModified":"2025-02-11T09:45:28+00:00","description":"GrozVital: Superfood, Kau- und Streumischungen, K\u00fcrbis- und Sonnenblumenkernmischungen, M\u00fcsli - Bio und konventionell","breadcrumb":{"@id":"https:\/\/kraeuter-groz.de\/super-food\/#breadcrumb"},"inLanguage":"en-GB","potentialAction":[{"@type":"ReadAction","target":["https:\/\/kraeuter-groz.de\/super-food\/"]}]},{"@type":"BreadcrumbList","@id":"https:\/\/kraeuter-groz.de\/super-food\/#breadcrumb","itemListElement":[{"@type":"ListItem","position":1,"name":"Startseite","item":"https:\/\/kraeuter-groz.de\/"},{"@type":"ListItem","position":2,"name":"Super Food"}]},{"@type":"WebSite","@id":"https:\/\/kraeuter-groz.de\/#website","url":"https:\/\/kraeuter-groz.de\/","name":"Kraeutergroz","description":"","publisher":{"@id":"https:\/\/kraeuter-groz.de\/#organization"},"potentialAction":[{"@type":"SearchAction","target":{"@type":"EntryPoint","urlTemplate":"https:\/\/kraeuter-groz.de\/?s={search_term_string}"},"query-input":"required name=search_term_string"}],"inLanguage":"en-GB"},{"@type":"Organization","@id":"https:\/\/kraeuter-groz.de\/#organization","name":"Daniel Groz Soehne GmbH & Co. KG","url":"https:\/\/kraeuter-groz.de\/","sameAs":[],"logo":{"@type":"ImageObject","inLanguage":"en-GB","@id":"https:\/\/kraeuter-groz.de\/#\/schema\/logo\/image\/","url":"https:\/\/kraeuter-groz.de\/wp-content\/uploads\/2019\/02\/logo.png","contentUrl":"https:\/\/kraeuter-groz.de\/wp-content\/uploads\/2019\/02\/logo.png","width":1451,"height":1208,"caption":"Daniel Groz Soehne GmbH & Co. KG"},"image":{"@id":"https:\/\/kraeuter-groz.de\/#\/schema\/logo\/image\/"}}]}},"_links":{"self":[{"href":"https:\/\/kraeuter-groz.de\/en\/wp-json\/wp\/v2\/pages\/9287"}],"collection":[{"href":"https:\/\/kraeuter-groz.de\/en\/wp-json\/wp\/v2\/pages"}],"about":[{"href":"https:\/\/kraeuter-groz.de\/en\/wp-json\/wp\/v2\/types\/page"}],"author":[{"embeddable":true,"href":"https:\/\/kraeuter-groz.de\/en\/wp-json\/wp\/v2\/users\/3"}],"replies":[{"embeddable":true,"href":"https:\/\/kraeuter-groz.de\/en\/wp-json\/wp\/v2\/comments?post=9287"}],"version-history":[{"count":14,"href":"https:\/\/kraeuter-groz.de\/en\/wp-json\/wp\/v2\/pages\/9287\/revisions"}],"predecessor-version":[{"id":10666,"href":"https:\/\/kraeuter-groz.de\/en\/wp-json\/wp\/v2\/pages\/9287\/revisions\/10666"}],"wp:attachment":[{"href":"https:\/\/kraeuter-groz.de\/en\/wp-json\/wp\/v2\/media?parent=9287"}],"curies":[{"name":"wp","href":"https:\/\/api.w.org\/{rel}","templated":true}]}}