{"id":8867,"date":"2019-02-22T13:25:56","date_gmt":"2019-02-22T13:25:56","guid":{"rendered":"http:\/\/kraeuter-groz.de\/?page_id=8867"},"modified":"2022-04-13T11:22:28","modified_gmt":"2022-04-13T09:22:28","slug":"lohnabfullung","status":"publish","type":"page","link":"https:\/\/kraeuter-groz.de\/en\/lohnabfullung\/","title":{"rendered":"Contract bottling"},"content":{"rendered":"<div data-row-brightness=\"light\" class=\"vc_row wpb_row vc_row-fluid freund_row vc_custom_1551101619387 rella-row-shadowbox-69ea5c5b450f8 rella-row-responsive-69ea5c5b450fc\" style=\"\"><div class=\"wpb_column vc_column_container vc_col-sm-12\" ><div class=\"vc_column-inner\"  style=\"\"><div class=\"wpb_wrapper\"><style>.ra_section_title_69ea5c5b457fe h1{font-size:26px;border-bottom-color:1.25em;color:#1b6b56;line-height:1.25em;}<\/style><header class=\"section-title section-title-default section-title-resolve align-left ra_section_title_69ea5c5b457fe vc_custom_1550843284941\" >\n\t<h1 class=\"title\">Contract bottling<\/h1><\/header><div class=\"vc_row wpb_row vc_inner vc_row-fluid vc_custom_1550842730789\" style=\"background-attachment:;\"><div class=\"wpb_column vc_column_container vc_col-sm-10\" ><div class=\"vc_column-inner\" style=\"\"><div class=\"wpb_wrapper\">\r\n\t<div class=\"wpb_single_image wpb_content_element vc_align_center\" >\r\n\t\t\r\n\t\t<figure class=\"wpb_wrapper vc_figure\">\r\n\t\t\t<div class=\"vc_single_image-wrapper   vc_box_border_grey\"><img data-rjs=\"https:\/\/kraeuter-groz.de\/wp-content\/uploads\/2019\/12\/2001.jpg\" width=\"2048\" height=\"1658\" src=\"https:\/\/kraeuter-groz.de\/wp-content\/uploads\/2019\/12\/2001-30x24.jpg\" class=\"vc_single_image-img attachment-full progressive__img progressive--not-loaded\" alt=\"Lohnabf\u00fcllung Verpackunsarten\" loading=\"lazy\" srcset=\"\" sizes=\"(max-width: 2048px) 100vw, 2048px\" data-progressive=\"https:\/\/kraeuter-groz.de\/wp-content\/uploads\/2019\/12\/2001.jpg\" \/><\/div>\r\n\t\t<\/figure>\r\n\t<\/div>\r\n<\/div><\/div><\/div><div class=\"wpb_column vc_column_container vc_col-sm-2\" ><div class=\"vc_column-inner\" style=\"\"><div class=\"wpb_wrapper\"><\/div><\/div><\/div><\/div><div class=\"vc_row wpb_row vc_inner vc_row-fluid vc_custom_1553505588994\" style=\"background-attachment:;\"><div class=\"wpb_column vc_column_container vc_col-sm-12\" ><div class=\"vc_column-inner\" style=\"\"><div class=\"wpb_wrapper\"><style>.ra_content_box_69ea5c5b546b6 h3{color: !important;font-size: !important;}.ra_content_box_69ea5c5b546b6 .content-box-content p{color: !important;font-size: !important;}<\/style><div id=\"ra_content_box_69ea5c5b546b6\" class=\"content-box content-box-default content-box-classic ra_content_box_69ea5c5b546b6\">\n\n\t\t\n\t<div class=\"content-box-content\">\n\t\t\t\t\n\t\t\t\t<p>Contract filling allows you to focus on the essential areas of your business and the sale of your products. Benefit from our 200 years of know-how. This saves you time, space and money. We have the flexibility to pack small and large quantities in top quality.<\/p>\n\t\t\t\t\n\t<\/div>\n\n<\/div><\/div><\/div><\/div><\/div><div class=\"vc_row wpb_row vc_inner vc_row-fluid vc_row-o-equal-height vc_row-o-content-middle vc_row-flex\" style=\"background-attachment:;\"><div class=\"wpb_column vc_column_container vc_col-sm-8\" ><div class=\"vc_column-inner\" style=\"\"><div class=\"wpb_wrapper\"><h2 style=\"font-size: 16px;text-align: left\" class=\"vc_custom_heading\"  >On our modern bottling plants we can fill all types of packaging:<\/h2><style>.ra_icon_box_69ea5c5b54bd2 .icon-container{color:#1b6b56;font-size:20px;}<\/style>\n<div class=\"icon-box icon-box-xsm icon-box-side ra_icon_box_69ea5c5b54bd2 vc_custom_1553505265897\"  id=\"ra_icon_box_69ea5c5b54bd2\">\n\n\t\t<span class=\"icon-container\"><i class=\"fa fa-check\"><\/i><\/span>\n\t\n\t<div class=\"contents\">\n\t\t\t\t<h3><\/h3>\t\t<p>Various block bottom bags<\/p>\n\t\t\t\t\n\t<\/div>\n<\/div>\n<style>.ra_icon_box_69ea5c5b54d8f .icon-container{color:#1b6b56;font-size:20px;}<\/style>\n<div class=\"icon-box icon-box-xsm icon-box-side ra_icon_box_69ea5c5b54d8f vc_custom_1553505281263\"  id=\"ra_icon_box_69ea5c5b54d8f\">\n\n\t\t<span class=\"icon-container\"><i class=\"fa fa-check\"><\/i><\/span>\n\t\n\t<div class=\"contents\">\n\t\t\t\t<h3><\/h3>\t\t<p>Pyramid and cushion tea bags with and without serving<\/p>\n\t\t\t\t\n\t<\/div>\n<\/div>\n<style>.ra_icon_box_69ea5c5b54f12 .icon-container{color:#1b6b56;font-size:20px;}<\/style>\n<div class=\"icon-box icon-box-xsm icon-box-side ra_icon_box_69ea5c5b54f12 vc_custom_1553505298918\"  id=\"ra_icon_box_69ea5c5b54f12\">\n\n\t\t<span class=\"icon-container\"><i class=\"fa fa-check\"><\/i><\/span>\n\t\n\t<div class=\"contents\">\n\t\t\t\t<h3><\/h3>\t\t<p>Stand-up pouch (Doypack)<\/p>\n\t\t\t\t\n\t<\/div>\n<\/div>\n<style>.ra_icon_box_69ea5c5b5508a .icon-container{color:#1b6b56;font-size:20px;}<\/style>\n<div class=\"icon-box icon-box-xsm icon-box-side ra_icon_box_69ea5c5b5508a vc_custom_1553505313627\"  id=\"ra_icon_box_69ea5c5b5508a\">\n\n\t\t<span class=\"icon-container\"><i class=\"fa fa-check\"><\/i><\/span>\n\t\n\t<div class=\"contents\">\n\t\t\t\t<h3><\/h3>\t\t<p>Folding Cartons<\/p>\n\t\t\t\t\n\t<\/div>\n<\/div>\n<style>.ra_icon_box_69ea5c5b551f9 .icon-container{color:#1b6b56;font-size:20px;}<\/style>\n<div class=\"icon-box icon-box-xsm icon-box-side ra_icon_box_69ea5c5b551f9 vc_custom_1553505338816\"  id=\"ra_icon_box_69ea5c5b551f9\">\n\n\t\t<span class=\"icon-container\"><i class=\"fa fa-check\"><\/i><\/span>\n\t\n\t<div class=\"contents\">\n\t\t\t\t<h3><\/h3>\t\t<p>Cardboard cans<\/p>\n\t\t\t\t\n\t<\/div>\n<\/div>\n<style>.ra_icon_box_69ea5c5b5536d .icon-container{color:#1b6b56;font-size:20px;}<\/style>\n<div class=\"icon-box icon-box-xsm icon-box-side ra_icon_box_69ea5c5b5536d vc_custom_1553505360104\"  id=\"ra_icon_box_69ea5c5b5536d\">\n\n\t\t<span class=\"icon-container\"><i class=\"fa fa-check\"><\/i><\/span>\n\t\n\t<div class=\"contents\">\n\t\t\t\t<h3><\/h3>\t\t<p>Glass jar<\/p>\n\t\t\t\t\n\t<\/div>\n<\/div>\n<style>.ra_content_box_69ea5c5b554af h3{color: !important;font-size: !important;}.ra_content_box_69ea5c5b554af .content-box-content p{color: !important;font-size: !important;}<\/style><div id=\"ra_content_box_69ea5c5b554af\" class=\"content-box content-box-default content-box-classic ra_content_box_69ea5c5b554af\">\n\n\t\t\n\t<div class=\"content-box-content\">\n\t\t\t\t\n\t\t\t\t<p>Tin cans from 2000 pieces individually printable! <\/p>\n\t\t\t\t\n\t<\/div>\n\n<\/div><\/div><\/div><\/div><div class=\"wpb_column vc_column_container vc_col-sm-4\" ><div class=\"vc_column-inner\" style=\"\"><div class=\"wpb_wrapper\"><\/div><\/div><\/div><\/div><\/div><\/div><\/div><script type=\"text\/javascript\">(function($) {$(\"head\").append(\"<style>@media (max-width: 767px) { .rella-row-responsive-69ea5c5b450fc {padding-top:10px !important; padding-bottom:20px !important;  }  } .rella-row-shadowbox-69ea5c5b450f8{-webkit-box-shadow:;-moz-box-shadow:;box-shadow:;}<\/style>\");})(jQuery);<\/script><\/div>","protected":false},"excerpt":{"rendered":".ra_section_title_69ea5c5b55ebe h1{font-size:26px;border-bottom-color:1.25em;color:#1b6b56;line-height:1.25em;} Lohnabf\u00fcllung .ra_content_box_69ea5c5b63e6f h3{color: !important;font-size: !important;}.ra_content_box_69ea5c5b63e6f .content-box-content p{color: !important;font-size: !important;} Die Lohnabf\u00fcllung erlaubt Ihnen, sich auf die wesentliche Bereiche Ihres Unternehmens und auf den Verkauf Ihrer Produkte zu konzentrieren. Profitieren Sie von unserem 200-j\u00e4hrigen Know-how. So sparen Sie Zeit, Platz und Geld. Wir besitzen die Flexibilit\u00e4t, kleine und gro\u00dfe Mengen in bester Qualit\u00e4t abzupacken. [...]","protected":false},"author":3,"featured_media":0,"parent":0,"menu_order":0,"comment_status":"closed","ping_status":"closed","template":"","meta":[],"yoast_head":"<!-- This site is optimized with the Yoast SEO plugin v19.6 - https:\/\/yoast.com\/wordpress\/plugins\/seo\/ -->\n<title>Lohnabf\u00fcllung - Kleine und gro\u00dfe Mengen in Verpackungen aller Art<\/title>\n<meta name=\"description\" content=\"Rundum-Service: Moderne Abf\u00fcllung f\u00fcr Ihre hochwertige Tee-, Kr\u00e4uter-, Gew\u00fcrzmischung oder Super Food in Lohnverpackung oder als Werbemittel.\" \/>\n<meta name=\"robots\" content=\"index, follow, max-snippet:-1, max-image-preview:large, max-video-preview:-1\" \/>\n<link rel=\"canonical\" href=\"https:\/\/kraeuter-groz.de\/en\/lohnabfullung\/\" \/>\n<meta property=\"og:locale\" content=\"en_GB\" \/>\n<meta property=\"og:type\" content=\"article\" \/>\n<meta property=\"og:title\" content=\"Lohnabf\u00fcllung - Kleine und gro\u00dfe Mengen in Verpackungen aller Art\" \/>\n<meta property=\"og:description\" content=\"Rundum-Service: Moderne Abf\u00fcllung f\u00fcr Ihre hochwertige Tee-, Kr\u00e4uter-, Gew\u00fcrzmischung oder Super Food in Lohnverpackung oder als Werbemittel.\" \/>\n<meta property=\"og:url\" content=\"https:\/\/kraeuter-groz.de\/en\/lohnabfullung\/\" \/>\n<meta property=\"og:site_name\" content=\"Kraeutergroz\" \/>\n<meta property=\"article:modified_time\" content=\"2022-04-13T09:22:28+00:00\" \/>\n<meta name=\"twitter:card\" content=\"summary_large_image\" \/>\n<meta name=\"twitter:label1\" content=\"Estimated reading time\" \/>\n\t<meta name=\"twitter:data1\" content=\"2 minutes\" \/>\n<script type=\"application\/ld+json\" class=\"yoast-schema-graph\">{\"@context\":\"https:\/\/schema.org\",\"@graph\":[{\"@type\":\"WebPage\",\"@id\":\"https:\/\/kraeuter-groz.de\/lohnabfullung\/\",\"url\":\"https:\/\/kraeuter-groz.de\/lohnabfullung\/\",\"name\":\"Lohnabf\u00fcllung - Kleine und gro\u00dfe Mengen in Verpackungen aller Art\",\"isPartOf\":{\"@id\":\"https:\/\/kraeuter-groz.de\/#website\"},\"datePublished\":\"2019-02-22T13:25:56+00:00\",\"dateModified\":\"2022-04-13T09:22:28+00:00\",\"description\":\"Rundum-Service: Moderne Abf\u00fcllung f\u00fcr Ihre hochwertige Tee-, Kr\u00e4uter-, Gew\u00fcrzmischung oder Super Food in Lohnverpackung oder als Werbemittel.\",\"breadcrumb\":{\"@id\":\"https:\/\/kraeuter-groz.de\/lohnabfullung\/#breadcrumb\"},\"inLanguage\":\"en-GB\",\"potentialAction\":[{\"@type\":\"ReadAction\",\"target\":[\"https:\/\/kraeuter-groz.de\/lohnabfullung\/\"]}]},{\"@type\":\"BreadcrumbList\",\"@id\":\"https:\/\/kraeuter-groz.de\/lohnabfullung\/#breadcrumb\",\"itemListElement\":[{\"@type\":\"ListItem\",\"position\":1,\"name\":\"Startseite\",\"item\":\"https:\/\/kraeuter-groz.de\/\"},{\"@type\":\"ListItem\",\"position\":2,\"name\":\"Lohnabf\u00fcllung\"}]},{\"@type\":\"WebSite\",\"@id\":\"https:\/\/kraeuter-groz.de\/#website\",\"url\":\"https:\/\/kraeuter-groz.de\/\",\"name\":\"Kraeutergroz\",\"description\":\"\",\"publisher\":{\"@id\":\"https:\/\/kraeuter-groz.de\/#organization\"},\"potentialAction\":[{\"@type\":\"SearchAction\",\"target\":{\"@type\":\"EntryPoint\",\"urlTemplate\":\"https:\/\/kraeuter-groz.de\/?s={search_term_string}\"},\"query-input\":\"required name=search_term_string\"}],\"inLanguage\":\"en-GB\"},{\"@type\":\"Organization\",\"@id\":\"https:\/\/kraeuter-groz.de\/#organization\",\"name\":\"Daniel Groz Soehne GmbH & Co. KG\",\"url\":\"https:\/\/kraeuter-groz.de\/\",\"sameAs\":[],\"logo\":{\"@type\":\"ImageObject\",\"inLanguage\":\"en-GB\",\"@id\":\"https:\/\/kraeuter-groz.de\/#\/schema\/logo\/image\/\",\"url\":\"https:\/\/kraeuter-groz.de\/wp-content\/uploads\/2019\/02\/logo.png\",\"contentUrl\":\"https:\/\/kraeuter-groz.de\/wp-content\/uploads\/2019\/02\/logo.png\",\"width\":1451,\"height\":1208,\"caption\":\"Daniel Groz Soehne GmbH & Co. KG\"},\"image\":{\"@id\":\"https:\/\/kraeuter-groz.de\/#\/schema\/logo\/image\/\"}}]}<\/script>\n<!-- \/ Yoast SEO plugin. -->","yoast_head_json":{"title":"Lohnabf\u00fcllung - Kleine und gro\u00dfe Mengen in Verpackungen aller Art","description":"Rundum-Service: Moderne Abf\u00fcllung f\u00fcr Ihre hochwertige Tee-, Kr\u00e4uter-, Gew\u00fcrzmischung oder Super Food in Lohnverpackung oder als Werbemittel.","robots":{"index":"index","follow":"follow","max-snippet":"max-snippet:-1","max-image-preview":"max-image-preview:large","max-video-preview":"max-video-preview:-1"},"canonical":"https:\/\/kraeuter-groz.de\/en\/lohnabfullung\/","og_locale":"en_GB","og_type":"article","og_title":"Lohnabf\u00fcllung - Kleine und gro\u00dfe Mengen in Verpackungen aller Art","og_description":"Rundum-Service: Moderne Abf\u00fcllung f\u00fcr Ihre hochwertige Tee-, Kr\u00e4uter-, Gew\u00fcrzmischung oder Super Food in Lohnverpackung oder als Werbemittel.","og_url":"https:\/\/kraeuter-groz.de\/en\/lohnabfullung\/","og_site_name":"Kraeutergroz","article_modified_time":"2022-04-13T09:22:28+00:00","twitter_card":"summary_large_image","twitter_misc":{"Estimated reading time":"2 minutes"},"schema":{"@context":"https:\/\/schema.org","@graph":[{"@type":"WebPage","@id":"https:\/\/kraeuter-groz.de\/lohnabfullung\/","url":"https:\/\/kraeuter-groz.de\/lohnabfullung\/","name":"Lohnabf\u00fcllung - Kleine und gro\u00dfe Mengen in Verpackungen aller Art","isPartOf":{"@id":"https:\/\/kraeuter-groz.de\/#website"},"datePublished":"2019-02-22T13:25:56+00:00","dateModified":"2022-04-13T09:22:28+00:00","description":"Rundum-Service: Moderne Abf\u00fcllung f\u00fcr Ihre hochwertige Tee-, Kr\u00e4uter-, Gew\u00fcrzmischung oder Super Food in Lohnverpackung oder als Werbemittel.","breadcrumb":{"@id":"https:\/\/kraeuter-groz.de\/lohnabfullung\/#breadcrumb"},"inLanguage":"en-GB","potentialAction":[{"@type":"ReadAction","target":["https:\/\/kraeuter-groz.de\/lohnabfullung\/"]}]},{"@type":"BreadcrumbList","@id":"https:\/\/kraeuter-groz.de\/lohnabfullung\/#breadcrumb","itemListElement":[{"@type":"ListItem","position":1,"name":"Startseite","item":"https:\/\/kraeuter-groz.de\/"},{"@type":"ListItem","position":2,"name":"Lohnabf\u00fcllung"}]},{"@type":"WebSite","@id":"https:\/\/kraeuter-groz.de\/#website","url":"https:\/\/kraeuter-groz.de\/","name":"Kraeutergroz","description":"","publisher":{"@id":"https:\/\/kraeuter-groz.de\/#organization"},"potentialAction":[{"@type":"SearchAction","target":{"@type":"EntryPoint","urlTemplate":"https:\/\/kraeuter-groz.de\/?s={search_term_string}"},"query-input":"required name=search_term_string"}],"inLanguage":"en-GB"},{"@type":"Organization","@id":"https:\/\/kraeuter-groz.de\/#organization","name":"Daniel Groz Soehne GmbH & Co. KG","url":"https:\/\/kraeuter-groz.de\/","sameAs":[],"logo":{"@type":"ImageObject","inLanguage":"en-GB","@id":"https:\/\/kraeuter-groz.de\/#\/schema\/logo\/image\/","url":"https:\/\/kraeuter-groz.de\/wp-content\/uploads\/2019\/02\/logo.png","contentUrl":"https:\/\/kraeuter-groz.de\/wp-content\/uploads\/2019\/02\/logo.png","width":1451,"height":1208,"caption":"Daniel Groz Soehne GmbH & Co. KG"},"image":{"@id":"https:\/\/kraeuter-groz.de\/#\/schema\/logo\/image\/"}}]}},"_links":{"self":[{"href":"https:\/\/kraeuter-groz.de\/en\/wp-json\/wp\/v2\/pages\/8867"}],"collection":[{"href":"https:\/\/kraeuter-groz.de\/en\/wp-json\/wp\/v2\/pages"}],"about":[{"href":"https:\/\/kraeuter-groz.de\/en\/wp-json\/wp\/v2\/types\/page"}],"author":[{"embeddable":true,"href":"https:\/\/kraeuter-groz.de\/en\/wp-json\/wp\/v2\/users\/3"}],"replies":[{"embeddable":true,"href":"https:\/\/kraeuter-groz.de\/en\/wp-json\/wp\/v2\/comments?post=8867"}],"version-history":[{"count":12,"href":"https:\/\/kraeuter-groz.de\/en\/wp-json\/wp\/v2\/pages\/8867\/revisions"}],"predecessor-version":[{"id":10270,"href":"https:\/\/kraeuter-groz.de\/en\/wp-json\/wp\/v2\/pages\/8867\/revisions\/10270"}],"wp:attachment":[{"href":"https:\/\/kraeuter-groz.de\/en\/wp-json\/wp\/v2\/media?parent=8867"}],"curies":[{"name":"wp","href":"https:\/\/api.w.org\/{rel}","templated":true}]}}