{"id":8860,"date":"2019-02-22T13:25:01","date_gmt":"2019-02-22T13:25:01","guid":{"rendered":"http:\/\/kraeuter-groz.de\/?page_id=8860"},"modified":"2022-04-13T11:25:29","modified_gmt":"2022-04-13T09:25:29","slug":"etiketten-service","status":"publish","type":"page","link":"https:\/\/kraeuter-groz.de\/en\/etiketten-service\/","title":{"rendered":"Label-Service"},"content":{"rendered":"<div data-row-brightness=\"light\" class=\"vc_row wpb_row vc_row-fluid freund_row vc_custom_1551100712534 rella-row-shadowbox-69ea5e0619ee8 rella-row-responsive-69ea5e0619eec\" style=\"\"><div class=\"wpb_column vc_column_container vc_col-sm-12\" ><div class=\"vc_column-inner\"  style=\"\"><div class=\"wpb_wrapper\"><style>.ra_section_title_69ea5e061a432 h1{font-size:26px;border-bottom-color:1.25em;color:#1b6b56;line-height:1.25em;}<\/style><header class=\"section-title section-title-default section-title-resolve align-left ra_section_title_69ea5e061a432 vc_custom_1551101715491\" >\n\t<h1 class=\"title\">Label-Service<\/h1><\/header><div class=\"vc_row wpb_row vc_inner vc_row-fluid vc_custom_1550842730789\" style=\"background-attachment:;\"><div class=\"wpb_column vc_column_container vc_col-sm-10\" ><div class=\"vc_column-inner\" style=\"\"><div class=\"wpb_wrapper\">\r\n\t<div class=\"wpb_single_image wpb_content_element vc_align_center\" >\r\n\t\t\r\n\t\t<figure class=\"wpb_wrapper vc_figure\">\r\n\t\t\t<div class=\"vc_single_image-wrapper   vc_box_border_grey\"><img data-rjs=\"https:\/\/kraeuter-groz.de\/wp-content\/uploads\/2019\/07\/Webp.net-compress-image-2.jpg\" class=\"vc_single_image-img\" src=\"https:\/\/kraeuter-groz.de\/wp-content\/uploads\/2019\/07\/Webp.net-compress-image-2-711x400.jpg\" width=\"711\" height=\"400\" alt=\"Individuelle Verpackung mit Etikettbedruckung\" title=\"Webp.net-compress-image (2)\" \/><\/div>\r\n\t\t<\/figure>\r\n\t<\/div>\r\n<\/div><\/div><\/div><div class=\"wpb_column vc_column_container vc_col-sm-2\" ><div class=\"vc_column-inner\" style=\"\"><div class=\"wpb_wrapper\"><\/div><\/div><\/div><\/div><div class=\"vc_row wpb_row vc_inner vc_row-fluid\" style=\"background-attachment:;\"><div class=\"wpb_column vc_column_container vc_col-sm-12\" ><div class=\"vc_column-inner\" style=\"\"><div class=\"wpb_wrapper\"><style>.ra_content_box_69ea5e061b3a4 h3{color: !important;font-size: !important;}.ra_content_box_69ea5e061b3a4 .content-box-content p{color: !important;font-size: !important;}<\/style><div id=\"ra_content_box_69ea5e061b3a4\" class=\"content-box content-box-default content-box-classic ra_content_box_69ea5e061b3a4\">\n\n\t\t\n\t<div class=\"content-box-content\">\n\t\t\t\t\n\t\t\t\t<p>We work together with a high-performance printing company that produces your labels quickly and affordably in high quality. Minimum quantity 1000 labels per variety.<br \/>\nIhr Vorteil: Bei uns bekommen Sie alles aus einer Hand!<\/p>\n\t\t\t\t\n\t<\/div>\n\n<\/div><\/div><\/div><\/div><\/div><\/div><\/div><\/div><script type=\"text\/javascript\">(function($) {$(\"head\").append(\"<style>@media (max-width: 767px) { .rella-row-responsive-69ea5e0619eec {padding-top:10px !important; padding-bottom:20px !important;  }  } .rella-row-shadowbox-69ea5e0619ee8{-webkit-box-shadow:;-moz-box-shadow:;box-shadow:;}<\/style>\");})(jQuery);<\/script><\/div>","protected":false},"excerpt":{"rendered":".ra_section_title_69ea5e061bc3f h1{font-size:26px;border-bottom-color:1.25em;color:#1b6b56;line-height:1.25em;} Etiketten Service .ra_content_box_69ea5e061c599 h3{color: !important;font-size: !important;}.ra_content_box_69ea5e061c599 .content-box-content p{color: !important;font-size: !important;} Wir arbeiten mit einer leistungsf\u00e4higen Druckerei zusammen, die Ihre Etiketten schnell und preisg\u00fcnstig in hoher Qualit\u00e4t fertigt. Mindestmenge 1000 Etiketten je Sorte. Ihr Vorteil: Bei uns bekommen Sie alles aus einer Hand! (function($) {$(\"head\").append(\"@media (max-width: 767px) { .rella-row-responsive-69ea5e061b968 {padding-top:10px !important; padding-bottom:20px !important; } [...]","protected":false},"author":3,"featured_media":0,"parent":0,"menu_order":0,"comment_status":"closed","ping_status":"closed","template":"","meta":[],"yoast_head":"<!-- This site is optimized with the Yoast SEO plugin v19.6 - https:\/\/yoast.com\/wordpress\/plugins\/seo\/ -->\n<title>Etiketten Service<\/title>\n<meta name=\"description\" content=\"Kennzeichnen Sie Ihre Tee-, Kr\u00e4uter- oder Gew\u00fcrzmischungen schnell und preisg\u00fcnstig mit individuell gedruckten Etiketten f\u00fcr Ihre Verpackung.\" \/>\n<meta name=\"robots\" content=\"index, follow, max-snippet:-1, max-image-preview:large, max-video-preview:-1\" \/>\n<link rel=\"canonical\" href=\"https:\/\/kraeuter-groz.de\/en\/etiketten-service\/\" \/>\n<meta property=\"og:locale\" content=\"en_GB\" \/>\n<meta property=\"og:type\" content=\"article\" \/>\n<meta property=\"og:title\" content=\"Etiketten Service\" \/>\n<meta property=\"og:description\" content=\"Kennzeichnen Sie Ihre Tee-, Kr\u00e4uter- oder Gew\u00fcrzmischungen schnell und preisg\u00fcnstig mit individuell gedruckten Etiketten f\u00fcr Ihre Verpackung.\" \/>\n<meta property=\"og:url\" content=\"https:\/\/kraeuter-groz.de\/en\/etiketten-service\/\" \/>\n<meta property=\"og:site_name\" content=\"Kraeutergroz\" \/>\n<meta property=\"article:modified_time\" content=\"2022-04-13T09:25:29+00:00\" \/>\n<meta name=\"twitter:card\" content=\"summary_large_image\" \/>\n<meta name=\"twitter:label1\" content=\"Estimated reading time\" \/>\n\t<meta name=\"twitter:data1\" content=\"2 minutes\" \/>\n<script type=\"application\/ld+json\" class=\"yoast-schema-graph\">{\"@context\":\"https:\/\/schema.org\",\"@graph\":[{\"@type\":\"WebPage\",\"@id\":\"https:\/\/kraeuter-groz.de\/etiketten-service\/\",\"url\":\"https:\/\/kraeuter-groz.de\/etiketten-service\/\",\"name\":\"Etiketten Service\",\"isPartOf\":{\"@id\":\"https:\/\/kraeuter-groz.de\/#website\"},\"datePublished\":\"2019-02-22T13:25:01+00:00\",\"dateModified\":\"2022-04-13T09:25:29+00:00\",\"description\":\"Kennzeichnen Sie Ihre Tee-, Kr\u00e4uter- oder Gew\u00fcrzmischungen schnell und preisg\u00fcnstig mit individuell gedruckten Etiketten f\u00fcr Ihre Verpackung.\",\"breadcrumb\":{\"@id\":\"https:\/\/kraeuter-groz.de\/etiketten-service\/#breadcrumb\"},\"inLanguage\":\"en-GB\",\"potentialAction\":[{\"@type\":\"ReadAction\",\"target\":[\"https:\/\/kraeuter-groz.de\/etiketten-service\/\"]}]},{\"@type\":\"BreadcrumbList\",\"@id\":\"https:\/\/kraeuter-groz.de\/etiketten-service\/#breadcrumb\",\"itemListElement\":[{\"@type\":\"ListItem\",\"position\":1,\"name\":\"Startseite\",\"item\":\"https:\/\/kraeuter-groz.de\/\"},{\"@type\":\"ListItem\",\"position\":2,\"name\":\"Etiketten Service\"}]},{\"@type\":\"WebSite\",\"@id\":\"https:\/\/kraeuter-groz.de\/#website\",\"url\":\"https:\/\/kraeuter-groz.de\/\",\"name\":\"Kraeutergroz\",\"description\":\"\",\"publisher\":{\"@id\":\"https:\/\/kraeuter-groz.de\/#organization\"},\"potentialAction\":[{\"@type\":\"SearchAction\",\"target\":{\"@type\":\"EntryPoint\",\"urlTemplate\":\"https:\/\/kraeuter-groz.de\/?s={search_term_string}\"},\"query-input\":\"required name=search_term_string\"}],\"inLanguage\":\"en-GB\"},{\"@type\":\"Organization\",\"@id\":\"https:\/\/kraeuter-groz.de\/#organization\",\"name\":\"Daniel Groz Soehne GmbH & Co. KG\",\"url\":\"https:\/\/kraeuter-groz.de\/\",\"sameAs\":[],\"logo\":{\"@type\":\"ImageObject\",\"inLanguage\":\"en-GB\",\"@id\":\"https:\/\/kraeuter-groz.de\/#\/schema\/logo\/image\/\",\"url\":\"https:\/\/kraeuter-groz.de\/wp-content\/uploads\/2019\/02\/logo.png\",\"contentUrl\":\"https:\/\/kraeuter-groz.de\/wp-content\/uploads\/2019\/02\/logo.png\",\"width\":1451,\"height\":1208,\"caption\":\"Daniel Groz Soehne GmbH & Co. KG\"},\"image\":{\"@id\":\"https:\/\/kraeuter-groz.de\/#\/schema\/logo\/image\/\"}}]}<\/script>\n<!-- \/ Yoast SEO plugin. -->","yoast_head_json":{"title":"Etiketten Service","description":"Kennzeichnen Sie Ihre Tee-, Kr\u00e4uter- oder Gew\u00fcrzmischungen schnell und preisg\u00fcnstig mit individuell gedruckten Etiketten f\u00fcr Ihre Verpackung.","robots":{"index":"index","follow":"follow","max-snippet":"max-snippet:-1","max-image-preview":"max-image-preview:large","max-video-preview":"max-video-preview:-1"},"canonical":"https:\/\/kraeuter-groz.de\/en\/etiketten-service\/","og_locale":"en_GB","og_type":"article","og_title":"Etiketten Service","og_description":"Kennzeichnen Sie Ihre Tee-, Kr\u00e4uter- oder Gew\u00fcrzmischungen schnell und preisg\u00fcnstig mit individuell gedruckten Etiketten f\u00fcr Ihre Verpackung.","og_url":"https:\/\/kraeuter-groz.de\/en\/etiketten-service\/","og_site_name":"Kraeutergroz","article_modified_time":"2022-04-13T09:25:29+00:00","twitter_card":"summary_large_image","twitter_misc":{"Estimated reading time":"2 minutes"},"schema":{"@context":"https:\/\/schema.org","@graph":[{"@type":"WebPage","@id":"https:\/\/kraeuter-groz.de\/etiketten-service\/","url":"https:\/\/kraeuter-groz.de\/etiketten-service\/","name":"Etiketten Service","isPartOf":{"@id":"https:\/\/kraeuter-groz.de\/#website"},"datePublished":"2019-02-22T13:25:01+00:00","dateModified":"2022-04-13T09:25:29+00:00","description":"Kennzeichnen Sie Ihre Tee-, Kr\u00e4uter- oder Gew\u00fcrzmischungen schnell und preisg\u00fcnstig mit individuell gedruckten Etiketten f\u00fcr Ihre Verpackung.","breadcrumb":{"@id":"https:\/\/kraeuter-groz.de\/etiketten-service\/#breadcrumb"},"inLanguage":"en-GB","potentialAction":[{"@type":"ReadAction","target":["https:\/\/kraeuter-groz.de\/etiketten-service\/"]}]},{"@type":"BreadcrumbList","@id":"https:\/\/kraeuter-groz.de\/etiketten-service\/#breadcrumb","itemListElement":[{"@type":"ListItem","position":1,"name":"Startseite","item":"https:\/\/kraeuter-groz.de\/"},{"@type":"ListItem","position":2,"name":"Etiketten Service"}]},{"@type":"WebSite","@id":"https:\/\/kraeuter-groz.de\/#website","url":"https:\/\/kraeuter-groz.de\/","name":"Kraeutergroz","description":"","publisher":{"@id":"https:\/\/kraeuter-groz.de\/#organization"},"potentialAction":[{"@type":"SearchAction","target":{"@type":"EntryPoint","urlTemplate":"https:\/\/kraeuter-groz.de\/?s={search_term_string}"},"query-input":"required name=search_term_string"}],"inLanguage":"en-GB"},{"@type":"Organization","@id":"https:\/\/kraeuter-groz.de\/#organization","name":"Daniel Groz Soehne GmbH & Co. KG","url":"https:\/\/kraeuter-groz.de\/","sameAs":[],"logo":{"@type":"ImageObject","inLanguage":"en-GB","@id":"https:\/\/kraeuter-groz.de\/#\/schema\/logo\/image\/","url":"https:\/\/kraeuter-groz.de\/wp-content\/uploads\/2019\/02\/logo.png","contentUrl":"https:\/\/kraeuter-groz.de\/wp-content\/uploads\/2019\/02\/logo.png","width":1451,"height":1208,"caption":"Daniel Groz Soehne GmbH & Co. KG"},"image":{"@id":"https:\/\/kraeuter-groz.de\/#\/schema\/logo\/image\/"}}]}},"_links":{"self":[{"href":"https:\/\/kraeuter-groz.de\/en\/wp-json\/wp\/v2\/pages\/8860"}],"collection":[{"href":"https:\/\/kraeuter-groz.de\/en\/wp-json\/wp\/v2\/pages"}],"about":[{"href":"https:\/\/kraeuter-groz.de\/en\/wp-json\/wp\/v2\/types\/page"}],"author":[{"embeddable":true,"href":"https:\/\/kraeuter-groz.de\/en\/wp-json\/wp\/v2\/users\/3"}],"replies":[{"embeddable":true,"href":"https:\/\/kraeuter-groz.de\/en\/wp-json\/wp\/v2\/comments?post=8860"}],"version-history":[{"count":10,"href":"https:\/\/kraeuter-groz.de\/en\/wp-json\/wp\/v2\/pages\/8860\/revisions"}],"predecessor-version":[{"id":9910,"href":"https:\/\/kraeuter-groz.de\/en\/wp-json\/wp\/v2\/pages\/8860\/revisions\/9910"}],"wp:attachment":[{"href":"https:\/\/kraeuter-groz.de\/en\/wp-json\/wp\/v2\/media?parent=8860"}],"curies":[{"name":"wp","href":"https:\/\/api.w.org\/{rel}","templated":true}]}}