{"id":8858,"date":"2019-02-22T13:25:17","date_gmt":"2019-02-22T13:25:17","guid":{"rendered":"http:\/\/kraeuter-groz.de\/?page_id=8858"},"modified":"2022-04-13T11:28:33","modified_gmt":"2022-04-13T09:28:33","slug":"pyramidenbeutel","status":"publish","type":"page","link":"https:\/\/kraeuter-groz.de\/en\/pyramidenbeutel\/","title":{"rendered":"pyramid tea bags"},"content":{"rendered":"<div data-row-brightness=\"light\" class=\"vc_row wpb_row vc_row-fluid freund_row vc_custom_1553508655325 rella-row-shadowbox-69ea44914ff3b rella-row-responsive-69ea44914ff3f\" style=\"\"><div class=\"wpb_column vc_column_container vc_col-sm-12\" ><div class=\"vc_column-inner\"  style=\"\"><div class=\"wpb_wrapper\"><style>.ra_section_title_69ea4491505ea h1{font-size:26px;border-bottom-color:1.25em;color:#1b6b56;line-height:1.25em;}<\/style><header class=\"section-title section-title-default section-title-resolve align-left ra_section_title_69ea4491505ea vc_custom_1553669575830\" >\n\t<h1 class=\"title\">pyramid tea bags<\/h1><\/header><div class=\"vc_row wpb_row vc_inner vc_row-fluid vc_custom_1550842730789\" style=\"background-attachment:;\"><div class=\"wpb_column vc_column_container vc_col-sm-10\" ><div class=\"vc_column-inner\" style=\"\"><div class=\"wpb_wrapper\"><div class=\"wpb_gallery wpb_content_element vc_clearfix\" ><div class=\"wpb_wrapper\"><div class=\"wpb_gallery_slides wpb_flexslider flexslider_slide flexslider\" data-interval=\"5\" data-flex_fx=\"slide\"><ul class=\"slides\"><li><a class=\"prettyphoto\" href=\"https:\/\/kraeuter-groz.de\/wp-content\/uploads\/2019\/05\/adobestock_35790363.jpg\" data-rel=\"prettyPhoto[rel-8858-349447346]\"><img width=\"847\" height=\"565\" src=\"https:\/\/kraeuter-groz.de\/wp-content\/uploads\/2019\/05\/adobestock_35790363-30x20.jpg\" class=\"attachment-full progressive__img progressive--not-loaded\" alt=\"Pyramidenteebeutel\" loading=\"lazy\" srcset=\"\" sizes=\"(max-width: 847px) 100vw, 847px\" data-progressive=\"https:\/\/kraeuter-groz.de\/wp-content\/uploads\/2019\/05\/adobestock_35790363.jpg\" \/><\/a><\/li><li><a class=\"prettyphoto\" href=\"https:\/\/kraeuter-groz.de\/wp-content\/uploads\/2019\/12\/2002-987x1024.jpg\" data-rel=\"prettyPhoto[rel-8858-349447346]\"><img width=\"2048\" height=\"2125\" src=\"https:\/\/kraeuter-groz.de\/wp-content\/uploads\/2019\/12\/2002-29x30.jpg\" class=\"attachment-full progressive__img progressive--not-loaded\" alt=\"Tee im Umbeutel und Faltschachtel\" loading=\"lazy\" srcset=\"\" sizes=\"(max-width: 2048px) 100vw, 2048px\" data-progressive=\"https:\/\/kraeuter-groz.de\/wp-content\/uploads\/2019\/12\/2002.jpg\" \/><\/a><\/li><li><a class=\"prettyphoto\" href=\"https:\/\/kraeuter-groz.de\/wp-content\/uploads\/2019\/12\/2003-768x1024.jpg\" data-rel=\"prettyPhoto[rel-8858-349447346]\"><img width=\"2048\" height=\"2731\" src=\"https:\/\/kraeuter-groz.de\/wp-content\/uploads\/2019\/12\/2003-22x30.jpg\" class=\"attachment-full progressive__img progressive--not-loaded\" alt=\"Tee Doypack\" loading=\"lazy\" srcset=\"\" sizes=\"(max-width: 2048px) 100vw, 2048px\" data-progressive=\"https:\/\/kraeuter-groz.de\/wp-content\/uploads\/2019\/12\/2003.jpg\" \/><\/a><\/li><li><a class=\"prettyphoto\" href=\"https:\/\/kraeuter-groz.de\/wp-content\/uploads\/2019\/12\/2004-1024x797.jpg\" data-rel=\"prettyPhoto[rel-8858-349447346]\"><img width=\"2048\" height=\"1593\" src=\"https:\/\/kraeuter-groz.de\/wp-content\/uploads\/2019\/12\/2004-30x23.jpg\" class=\"attachment-full progressive__img progressive--not-loaded\" alt=\"Tee Faltschachtelverpackung\" loading=\"lazy\" srcset=\"\" sizes=\"(max-width: 2048px) 100vw, 2048px\" data-progressive=\"https:\/\/kraeuter-groz.de\/wp-content\/uploads\/2019\/12\/2004.jpg\" \/><\/a><\/li><li><a class=\"prettyphoto\" href=\"https:\/\/kraeuter-groz.de\/wp-content\/uploads\/2019\/12\/2005-1024x768.jpg\" data-rel=\"prettyPhoto[rel-8858-349447346]\"><img width=\"2048\" height=\"1536\" src=\"https:\/\/kraeuter-groz.de\/wp-content\/uploads\/2019\/12\/2005-30x23.jpg\" class=\"attachment-full progressive__img progressive--not-loaded\" alt=\"Einzelteeverpackung\" loading=\"lazy\" srcset=\"\" sizes=\"(max-width: 2048px) 100vw, 2048px\" data-progressive=\"https:\/\/kraeuter-groz.de\/wp-content\/uploads\/2019\/12\/2005.jpg\" \/><\/a><\/li><\/ul><\/div><\/div><\/div><\/div><\/div><\/div><div class=\"wpb_column vc_column_container vc_col-sm-2\" ><div class=\"vc_column-inner\" style=\"\"><div class=\"wpb_wrapper\"><\/div><\/div><\/div><\/div><div class=\"vc_row wpb_row vc_inner vc_row-fluid vc_custom_1553505588994\" style=\"background-attachment:;\"><div class=\"wpb_column vc_column_container vc_col-sm-12\" ><div class=\"vc_column-inner\" style=\"\"><div class=\"wpb_wrapper\"><style>.ra_content_box_69ea449192a89 h3{color: !important;font-size: !important;}.ra_content_box_69ea449192a89 .content-box-content p{color: !important;font-size: !important;}<\/style><div id=\"ra_content_box_69ea449192a89\" class=\"content-box content-box-default content-box-classic ra_content_box_69ea449192a89\">\n\n\t\t\n\t<div class=\"content-box-content\">\n\t\t\t\t\n\t\t\t\t<p>Pyramid and pillow bags are the tea infusion bags of the future. Only high quality tea's come in the pyramid tea bags. and enjoy strong popularity.<br \/>\nThey differ from conventional paper bags in form and material. The pyramid shape ensures the best possible development of the flavors and gives loose tea a lot of room to bring out.<br \/>\nNatural raw materials and biodegradable filter material do not affect the taste of fine teas in any way. That is, no negative taste of paper as with some conventional teabags.<\/p>\n\t\t\t\t\n\t<\/div>\n\n<\/div><\/div><\/div><\/div><\/div><div class=\"vc_row wpb_row vc_inner vc_row-fluid\" style=\"background-attachment:;\"><div class=\"wpb_column vc_column_container vc_col-sm-12\" ><div class=\"vc_column-inner\" style=\"\"><div class=\"wpb_wrapper\"><h2 style=\"font-size: 16px;text-align: left\" class=\"vc_custom_heading\"  >Available in:<\/h2><style>.ra_icon_box_69ea449192fa0 .icon-container{color:#1b6b56;font-size:20px;}<\/style>\n<div class=\"icon-box icon-box-xsm icon-box-side ra_icon_box_69ea449192fa0 vc_custom_1553508302096\"  id=\"ra_icon_box_69ea449192fa0\">\n\n\t\t<span class=\"icon-container\"><i class=\"fa fa-check\"><\/i><\/span>\n\t\n\t<div class=\"contents\">\n\t\t\t\t<h3><\/h3>\t\t<p>Loosely poured in cardboard box with thread and thread label<\/p>\n\t\t\t\t\n\t<\/div>\n<\/div>\n<style>.ra_icon_box_69ea449193160 .icon-container{color:#1b6b56;font-size:20px;}<\/style>\n<div class=\"icon-box icon-box-xsm icon-box-side ra_icon_box_69ea449193160 vc_custom_1553508318592\"  id=\"ra_icon_box_69ea449193160\">\n\n\t\t<span class=\"icon-container\"><i class=\"fa fa-check\"><\/i><\/span>\n\t\n\t<div class=\"contents\">\n\t\t\t\t<h3><\/h3>\t\t<p>Packed in carton, doypack or as per your request<\/p>\n\t\t\t\t\n\t<\/div>\n<\/div>\n<style>.ra_icon_box_69ea4491932fd .icon-container{color:#1b6b56;font-size:20px;}<\/style>\n<div class=\"icon-box icon-box-xsm icon-box-side ra_icon_box_69ea4491932fd vc_custom_1553508337704\"  id=\"ra_icon_box_69ea4491932fd\">\n\n\t\t<span class=\"icon-container\"><i class=\"fa fa-check\"><\/i><\/span>\n\t\n\t<div class=\"contents\">\n\t\t\t\t<h3><\/h3>\t\t<p>Pyramid bag with and without bag<\/p>\n\t\t\t\t\n\t<\/div>\n<\/div>\n<style>.ra_icon_box_69ea449193470 .icon-container{color:#1b6b56;font-size:20px;}<\/style>\n<div class=\"icon-box icon-box-xsm icon-box-side ra_icon_box_69ea449193470 vc_custom_1553508362624\"  id=\"ra_icon_box_69ea449193470\">\n\n\t\t<span class=\"icon-container\"><i class=\"fa fa-check\"><\/i><\/span>\n\t\n\t<div class=\"contents\">\n\t\t\t\t<h3><\/h3>\t\t<p>Shoulder bag: individually printed, biodegradable film<\/p>\n\t\t\t\t\n\t<\/div>\n<\/div>\n<style>.ra_icon_box_69ea4491935e4 .icon-container{color:#1b6b56;font-size:20px;}<\/style>\n<div class=\"icon-box icon-box-xsm icon-box-side ra_icon_box_69ea4491935e4 vc_custom_1553505399924\"  id=\"ra_icon_box_69ea4491935e4\">\n\n\t\t<span class=\"icon-container\"><i class=\"fa fa-check\"><\/i><\/span>\n\t\n\t<div class=\"contents\">\n\t\t\t\t<h3><\/h3>\t\t<p>Private label<\/p>\n\t\t\t\t\n\t<\/div>\n<\/div>\n<style>.ra_icon_box_69ea449193778 .icon-container{color:#1b6b56;font-size:20px;}<\/style>\n<div class=\"icon-box icon-box-xsm icon-box-side ra_icon_box_69ea449193778 vc_custom_1553508378524\"  id=\"ra_icon_box_69ea449193778\">\n\n\t\t<span class=\"icon-container\"><i class=\"fa fa-check\"><\/i><\/span>\n\t\n\t<div class=\"contents\">\n\t\t\t\t<h3><\/h3>\t\t<p>Ideal advertising medium<\/p>\n\t\t\t\t\n\t<\/div>\n<\/div>\n<style>.ra_icon_box_69ea4491938e3 .icon-container{color:#1b6b56;font-size:20px;}<\/style>\n<div class=\"icon-box icon-box-xsm icon-box-side ra_icon_box_69ea4491938e3 vc_custom_1553508419954\"  id=\"ra_icon_box_69ea4491938e3\">\n\n\t\t<span class=\"icon-container\"><i class=\"fa fa-check\"><\/i><\/span>\n\t\n\t<div class=\"contents\">\n\t\t\t\t<h3><\/h3>\t\t<p>Sachet's fragrance<\/p>\n\t\t\t\t\n\t<\/div>\n<\/div>\n<style>.ra_icon_box_69ea449193a6c .icon-container{color:#1b6b56;font-size:20px;}<\/style>\n<div class=\"icon-box icon-box-xsm icon-box-side ra_icon_box_69ea449193a6c vc_custom_1553508434186\"  id=\"ra_icon_box_69ea449193a6c\">\n\n\t\t<span class=\"icon-container\"><i class=\"fa fa-check\"><\/i><\/span>\n\t\n\t<div class=\"contents\">\n\t\t\t\t<h3><\/h3>\t\t<p>Commercial kitchens tea bags<\/p>\n\t\t\t\t\n\t<\/div>\n<\/div>\n<style>.ra_content_box_69ea449193bc4 h3{color: !important;font-size: !important;}.ra_content_box_69ea449193bc4 .content-box-content p{color: !important;font-size: !important;}<\/style><div id=\"ra_content_box_69ea449193bc4\" class=\"content-box content-box-default content-box-classic ra_content_box_69ea449193bc4\">\n\n\t\t\n\t<div class=\"content-box-content\">\n\t\t\t\t\n\t\t\t\t<p>Minimum order quantity from 8000 pieces<\/p>\n\t\t\t\t\n\t<\/div>\n\n<\/div><\/div><\/div><\/div><\/div><\/div><\/div><\/div><script type=\"text\/javascript\">(function($) {$(\"head\").append(\"<style>@media (max-width: 767px) { .rella-row-responsive-69ea44914ff3f {padding-top:10px !important; padding-bottom:20px !important;  }  } .rella-row-shadowbox-69ea44914ff3b{-webkit-box-shadow:;-moz-box-shadow:;box-shadow:;}<\/style>\");})(jQuery);<\/script><\/div>","protected":false},"excerpt":{"rendered":".ra_section_title_69ea4491944a6 h1{font-size:26px;border-bottom-color:1.25em;color:#1b6b56;line-height:1.25em;} Pyramiden Teebeutel.ra_content_box_69ea4491d67b1 h3{color: !important;font-size: !important;}.ra_content_box_69ea4491d67b1 .content-box-content p{color: !important;font-size: !important;} Pyramiden- und Kissenbeutel sind die Teeaufgussbeutel der Zukunft. Nur hochwertige Qualit\u00e4t Tee\u2019s kommen in die Pyramiden Teebeutel. und erfreuen sich starker Beliebtheit. Sie unterscheiden sich von herk\u00f6mmlichen Papierbeuteln in Form und Material. Die Pyramidenform sorgt f\u00fcr die bestm\u00f6gliche Entfaltung der Aromen und bietet losem [...]","protected":false},"author":3,"featured_media":0,"parent":0,"menu_order":0,"comment_status":"closed","ping_status":"closed","template":"","meta":[],"yoast_head":"<!-- This site is optimized with the Yoast SEO plugin v19.6 - https:\/\/yoast.com\/wordpress\/plugins\/seo\/ -->\n<title>Pyramidenteebeutel<\/title>\n<meta name=\"description\" content=\"Abf\u00fcllung in Pyramidenteebeutel oder Kissenteebeutel f\u00fcr bestm\u00f6gliche Entfaltung der Aromen. Hier kommt Ihr Tee optimal zur Geltung.\" \/>\n<meta name=\"robots\" content=\"index, follow, max-snippet:-1, max-image-preview:large, max-video-preview:-1\" \/>\n<link rel=\"canonical\" href=\"https:\/\/kraeuter-groz.de\/en\/pyramidenbeutel\/\" \/>\n<meta property=\"og:locale\" content=\"en_GB\" \/>\n<meta property=\"og:type\" content=\"article\" \/>\n<meta property=\"og:title\" content=\"Pyramidenteebeutel\" \/>\n<meta property=\"og:description\" content=\"Abf\u00fcllung in Pyramidenteebeutel oder Kissenteebeutel f\u00fcr bestm\u00f6gliche Entfaltung der Aromen. Hier kommt Ihr Tee optimal zur Geltung.\" \/>\n<meta property=\"og:url\" content=\"https:\/\/kraeuter-groz.de\/en\/pyramidenbeutel\/\" \/>\n<meta property=\"og:site_name\" content=\"Kraeutergroz\" \/>\n<meta property=\"article:modified_time\" content=\"2022-04-13T09:28:33+00:00\" \/>\n<meta name=\"twitter:card\" content=\"summary_large_image\" \/>\n<meta name=\"twitter:label1\" content=\"Estimated reading time\" \/>\n\t<meta name=\"twitter:data1\" content=\"3 minutes\" \/>\n<script type=\"application\/ld+json\" class=\"yoast-schema-graph\">{\"@context\":\"https:\/\/schema.org\",\"@graph\":[{\"@type\":\"WebPage\",\"@id\":\"https:\/\/kraeuter-groz.de\/pyramidenbeutel\/\",\"url\":\"https:\/\/kraeuter-groz.de\/pyramidenbeutel\/\",\"name\":\"Pyramidenteebeutel\",\"isPartOf\":{\"@id\":\"https:\/\/kraeuter-groz.de\/#website\"},\"datePublished\":\"2019-02-22T13:25:17+00:00\",\"dateModified\":\"2022-04-13T09:28:33+00:00\",\"description\":\"Abf\u00fcllung in Pyramidenteebeutel oder Kissenteebeutel f\u00fcr bestm\u00f6gliche Entfaltung der Aromen. Hier kommt Ihr Tee optimal zur Geltung.\",\"breadcrumb\":{\"@id\":\"https:\/\/kraeuter-groz.de\/pyramidenbeutel\/#breadcrumb\"},\"inLanguage\":\"en-GB\",\"potentialAction\":[{\"@type\":\"ReadAction\",\"target\":[\"https:\/\/kraeuter-groz.de\/pyramidenbeutel\/\"]}]},{\"@type\":\"BreadcrumbList\",\"@id\":\"https:\/\/kraeuter-groz.de\/pyramidenbeutel\/#breadcrumb\",\"itemListElement\":[{\"@type\":\"ListItem\",\"position\":1,\"name\":\"Startseite\",\"item\":\"https:\/\/kraeuter-groz.de\/\"},{\"@type\":\"ListItem\",\"position\":2,\"name\":\"Pyramiden Teebeutel\"}]},{\"@type\":\"WebSite\",\"@id\":\"https:\/\/kraeuter-groz.de\/#website\",\"url\":\"https:\/\/kraeuter-groz.de\/\",\"name\":\"Kraeutergroz\",\"description\":\"\",\"publisher\":{\"@id\":\"https:\/\/kraeuter-groz.de\/#organization\"},\"potentialAction\":[{\"@type\":\"SearchAction\",\"target\":{\"@type\":\"EntryPoint\",\"urlTemplate\":\"https:\/\/kraeuter-groz.de\/?s={search_term_string}\"},\"query-input\":\"required name=search_term_string\"}],\"inLanguage\":\"en-GB\"},{\"@type\":\"Organization\",\"@id\":\"https:\/\/kraeuter-groz.de\/#organization\",\"name\":\"Daniel Groz Soehne GmbH & Co. KG\",\"url\":\"https:\/\/kraeuter-groz.de\/\",\"sameAs\":[],\"logo\":{\"@type\":\"ImageObject\",\"inLanguage\":\"en-GB\",\"@id\":\"https:\/\/kraeuter-groz.de\/#\/schema\/logo\/image\/\",\"url\":\"https:\/\/kraeuter-groz.de\/wp-content\/uploads\/2019\/02\/logo.png\",\"contentUrl\":\"https:\/\/kraeuter-groz.de\/wp-content\/uploads\/2019\/02\/logo.png\",\"width\":1451,\"height\":1208,\"caption\":\"Daniel Groz Soehne GmbH & Co. KG\"},\"image\":{\"@id\":\"https:\/\/kraeuter-groz.de\/#\/schema\/logo\/image\/\"}}]}<\/script>\n<!-- \/ Yoast SEO plugin. -->","yoast_head_json":{"title":"Pyramidenteebeutel","description":"Abf\u00fcllung in Pyramidenteebeutel oder Kissenteebeutel f\u00fcr bestm\u00f6gliche Entfaltung der Aromen. Hier kommt Ihr Tee optimal zur Geltung.","robots":{"index":"index","follow":"follow","max-snippet":"max-snippet:-1","max-image-preview":"max-image-preview:large","max-video-preview":"max-video-preview:-1"},"canonical":"https:\/\/kraeuter-groz.de\/en\/pyramidenbeutel\/","og_locale":"en_GB","og_type":"article","og_title":"Pyramidenteebeutel","og_description":"Abf\u00fcllung in Pyramidenteebeutel oder Kissenteebeutel f\u00fcr bestm\u00f6gliche Entfaltung der Aromen. Hier kommt Ihr Tee optimal zur Geltung.","og_url":"https:\/\/kraeuter-groz.de\/en\/pyramidenbeutel\/","og_site_name":"Kraeutergroz","article_modified_time":"2022-04-13T09:28:33+00:00","twitter_card":"summary_large_image","twitter_misc":{"Estimated reading time":"3 minutes"},"schema":{"@context":"https:\/\/schema.org","@graph":[{"@type":"WebPage","@id":"https:\/\/kraeuter-groz.de\/pyramidenbeutel\/","url":"https:\/\/kraeuter-groz.de\/pyramidenbeutel\/","name":"Pyramidenteebeutel","isPartOf":{"@id":"https:\/\/kraeuter-groz.de\/#website"},"datePublished":"2019-02-22T13:25:17+00:00","dateModified":"2022-04-13T09:28:33+00:00","description":"Abf\u00fcllung in Pyramidenteebeutel oder Kissenteebeutel f\u00fcr bestm\u00f6gliche Entfaltung der Aromen. Hier kommt Ihr Tee optimal zur Geltung.","breadcrumb":{"@id":"https:\/\/kraeuter-groz.de\/pyramidenbeutel\/#breadcrumb"},"inLanguage":"en-GB","potentialAction":[{"@type":"ReadAction","target":["https:\/\/kraeuter-groz.de\/pyramidenbeutel\/"]}]},{"@type":"BreadcrumbList","@id":"https:\/\/kraeuter-groz.de\/pyramidenbeutel\/#breadcrumb","itemListElement":[{"@type":"ListItem","position":1,"name":"Startseite","item":"https:\/\/kraeuter-groz.de\/"},{"@type":"ListItem","position":2,"name":"Pyramiden Teebeutel"}]},{"@type":"WebSite","@id":"https:\/\/kraeuter-groz.de\/#website","url":"https:\/\/kraeuter-groz.de\/","name":"Kraeutergroz","description":"","publisher":{"@id":"https:\/\/kraeuter-groz.de\/#organization"},"potentialAction":[{"@type":"SearchAction","target":{"@type":"EntryPoint","urlTemplate":"https:\/\/kraeuter-groz.de\/?s={search_term_string}"},"query-input":"required name=search_term_string"}],"inLanguage":"en-GB"},{"@type":"Organization","@id":"https:\/\/kraeuter-groz.de\/#organization","name":"Daniel Groz Soehne GmbH & Co. KG","url":"https:\/\/kraeuter-groz.de\/","sameAs":[],"logo":{"@type":"ImageObject","inLanguage":"en-GB","@id":"https:\/\/kraeuter-groz.de\/#\/schema\/logo\/image\/","url":"https:\/\/kraeuter-groz.de\/wp-content\/uploads\/2019\/02\/logo.png","contentUrl":"https:\/\/kraeuter-groz.de\/wp-content\/uploads\/2019\/02\/logo.png","width":1451,"height":1208,"caption":"Daniel Groz Soehne GmbH & Co. KG"},"image":{"@id":"https:\/\/kraeuter-groz.de\/#\/schema\/logo\/image\/"}}]}},"_links":{"self":[{"href":"https:\/\/kraeuter-groz.de\/en\/wp-json\/wp\/v2\/pages\/8858"}],"collection":[{"href":"https:\/\/kraeuter-groz.de\/en\/wp-json\/wp\/v2\/pages"}],"about":[{"href":"https:\/\/kraeuter-groz.de\/en\/wp-json\/wp\/v2\/types\/page"}],"author":[{"embeddable":true,"href":"https:\/\/kraeuter-groz.de\/en\/wp-json\/wp\/v2\/users\/3"}],"replies":[{"embeddable":true,"href":"https:\/\/kraeuter-groz.de\/en\/wp-json\/wp\/v2\/comments?post=8858"}],"version-history":[{"count":12,"href":"https:\/\/kraeuter-groz.de\/en\/wp-json\/wp\/v2\/pages\/8858\/revisions"}],"predecessor-version":[{"id":9975,"href":"https:\/\/kraeuter-groz.de\/en\/wp-json\/wp\/v2\/pages\/8858\/revisions\/9975"}],"wp:attachment":[{"href":"https:\/\/kraeuter-groz.de\/en\/wp-json\/wp\/v2\/media?parent=8858"}],"curies":[{"name":"wp","href":"https:\/\/api.w.org\/{rel}","templated":true}]}}