{"id":8631,"date":"2019-02-19T13:59:11","date_gmt":"2019-02-19T13:59:11","guid":{"rendered":"http:\/\/kraeuter-groz.de\/?page_id=8631"},"modified":"2022-04-13T11:28:44","modified_gmt":"2022-04-13T09:28:44","slug":"qualitat","status":"publish","type":"page","link":"https:\/\/kraeuter-groz.de\/en\/qualitat\/","title":{"rendered":"Quality"},"content":{"rendered":"<div data-row-brightness=\"light\" class=\"vc_row wpb_row vc_row-fluid rella-row-shadowbox-69db9d6518733\" style=\"\"><div class=\"wpb_column vc_column_container vc_col-sm-3\" ><div class=\"vc_column-inner\"  style=\"\"><div class=\"wpb_wrapper\">\r\n\t<div class=\"wpb_single_image wpb_content_element vc_align_left\" >\r\n\t\t\r\n\t\t<figure class=\"wpb_wrapper vc_figure\">\r\n\t\t\t<div class=\"vc_single_image-wrapper   vc_box_border_grey\"><img data-rjs=\"https:\/\/kraeuter-groz.de\/wp-content\/uploads\/2019\/07\/bio-1.png\" width=\"200\" height=\"150\" src=\"https:\/\/kraeuter-groz.de\/wp-content\/uploads\/2019\/07\/bio-1.png\" class=\"vc_single_image-img attachment-full\" alt=\"Bio Siegel\" loading=\"lazy\" \/><\/div>\r\n\t\t<\/figure>\r\n\t<\/div>\r\n<\/div><\/div><\/div><div class=\"wpb_column vc_column_container vc_col-sm-3\" ><div class=\"vc_column-inner\"  style=\"\"><div class=\"wpb_wrapper\">\r\n\t<div class=\"wpb_single_image wpb_content_element vc_align_left\" >\r\n\t\t\r\n\t\t<figure class=\"wpb_wrapper vc_figure\">\r\n\t\t\t<div class=\"vc_single_image-wrapper   vc_box_border_grey\"><img data-rjs=\"https:\/\/kraeuter-groz.de\/wp-content\/uploads\/2019\/07\/dkgv-1.png\" width=\"200\" height=\"150\" src=\"https:\/\/kraeuter-groz.de\/wp-content\/uploads\/2019\/07\/dkgv-1.png\" class=\"vc_single_image-img attachment-full\" alt=\"DKGV-Siegel\" loading=\"lazy\" \/><\/div>\r\n\t\t<\/figure>\r\n\t<\/div>\r\n<\/div><\/div><\/div><div class=\"ein wpb_column vc_column_container vc_col-sm-3 text-lg-center text-md-center text-sm-center text-xs-center\" ><div class=\"vc_column-inner\"  style=\"\"><div class=\"wpb_wrapper\">\r\n\t<div class=\"wpb_single_image wpb_content_element vc_align_left\" >\r\n\t\t\r\n\t\t<figure class=\"wpb_wrapper vc_figure\">\r\n\t\t\t<div class=\"vc_single_image-wrapper   vc_box_border_grey\"><img data-rjs=\"https:\/\/kraeuter-groz.de\/wp-content\/uploads\/2019\/07\/HACCP-e1563961619341.png\" width=\"200\" height=\"188\" src=\"https:\/\/kraeuter-groz.de\/wp-content\/uploads\/2019\/07\/HACCP-e1563961619341.png\" class=\"vc_single_image-img attachment-full\" alt=\"HACCP Zertifizierung\" loading=\"lazy\" \/><\/div>\r\n\t\t<\/figure>\r\n\t<\/div>\r\n<\/div><\/div><\/div><div class=\"wpb_column vc_column_container vc_col-sm-3\" ><div class=\"vc_column-inner\"  style=\"\"><div class=\"wpb_wrapper\">\r\n\t<div class=\"wpb_single_image wpb_content_element vc_align_left\" >\r\n\t\t\r\n\t\t<figure class=\"wpb_wrapper vc_figure\">\r\n\t\t\t<div class=\"vc_single_image-wrapper   vc_box_border_grey\"><img data-rjs=\"https:\/\/kraeuter-groz.de\/wp-content\/uploads\/2019\/07\/wga-1.png\" width=\"200\" height=\"150\" src=\"https:\/\/kraeuter-groz.de\/wp-content\/uploads\/2019\/07\/wga-1.png\" class=\"vc_single_image-img attachment-full\" alt=\"WGA\" loading=\"lazy\" \/><\/div>\r\n\t\t<\/figure>\r\n\t<\/div>\r\n<\/div><\/div><\/div><script type=\"text\/javascript\">(function($) {$(\"head\").append(\"<style>.rella-row-shadowbox-69db9d6518733{-webkit-box-shadow:;-moz-box-shadow:;box-shadow:;}<\/style>\");})(jQuery);<\/script><\/div><div data-row-brightness=\"light\" class=\"vc_row wpb_row vc_row-fluid rella-row-shadowbox-69db9d6543691\" style=\"\"><div class=\"wpb_column vc_column_container vc_col-sm-12\" ><div class=\"vc_column-inner\"  style=\"\"><div class=\"wpb_wrapper\"><style>.ra_content_box_69db9d6543a91 h3{color: !important;font-size: !important;}.ra_content_box_69db9d6543a91 .content-box-content p{color: !important;font-size: !important;}<\/style><div id=\"ra_content_box_69db9d6543a91\" class=\"content-box content-box-default content-box-classic ra_content_box_69db9d6543a91\">\n\n\t\t\n\t<div class=\"content-box-content\">\n\t\t\t\t\n\t\t\t\t<p>Incoming goods are checked for visible and hidden quality defects in the form of visual, sensory and physical-chemical examinations.<\/p>\n\t\t\t\t\n\t<\/div>\n\n<\/div><\/div><\/div><\/div><script type=\"text\/javascript\">(function($) {$(\"head\").append(\"<style>.rella-row-shadowbox-69db9d6543691{-webkit-box-shadow:;-moz-box-shadow:;box-shadow:;}<\/style>\");})(jQuery);<\/script><\/div><div data-row-brightness=\"light\" class=\"vc_row wpb_row vc_row-fluid rella-row-shadowbox-69db9d6543c8b\" style=\"\"><div class=\"wpb_column vc_column_container vc_col-sm-6\" ><div class=\"vc_column-inner\"  style=\"\"><div class=\"wpb_wrapper\">\r\n\t<div class=\"wpb_single_image wpb_content_element vc_align_left\" >\r\n\t\t\r\n\t\t<figure class=\"wpb_wrapper vc_figure\">\r\n\t\t\t<div class=\"vc_single_image-wrapper   vc_box_border_grey\"><img data-rjs=\"https:\/\/kraeuter-groz.de\/wp-content\/uploads\/2019\/03\/0008-Wareneingang.jpg\" width=\"1280\" height=\"1024\" src=\"https:\/\/kraeuter-groz.de\/wp-content\/uploads\/2019\/03\/0008-Wareneingang-30x24.jpg\" class=\"vc_single_image-img attachment-full progressive__img progressive--not-loaded\" alt=\"Wareneingang\" loading=\"lazy\" srcset=\"\" sizes=\"(max-width: 1280px) 100vw, 1280px\" data-progressive=\"https:\/\/kraeuter-groz.de\/wp-content\/uploads\/2019\/03\/0008-Wareneingang.jpg\" \/><\/div>\r\n\t\t<\/figure>\r\n\t<\/div>\r\n<\/div><\/div><\/div><div class=\"wpb_column vc_column_container vc_col-sm-6\" ><div class=\"vc_column-inner\"  style=\"\"><div class=\"wpb_wrapper\"><\/div><\/div><\/div><script type=\"text\/javascript\">(function($) {$(\"head\").append(\"<style>.rella-row-shadowbox-69db9d6543c8b{-webkit-box-shadow:;-moz-box-shadow:;box-shadow:;}<\/style>\");})(jQuery);<\/script><\/div><div data-row-brightness=\"light\" class=\"vc_row wpb_row vc_row-fluid rella-row-shadowbox-69db9d6552b05\" style=\"\"><div class=\"wpb_column vc_column_container vc_col-sm-12\" ><div class=\"vc_column-inner\"  style=\"\"><div class=\"wpb_wrapper\"><style>.ra_content_box_69db9d6552d81 h3{color: !important;font-size: !important;}.ra_content_box_69db9d6552d81 .content-box-content p{color: !important;font-size: !important;}<\/style><div id=\"ra_content_box_69db9d6552d81\" class=\"content-box content-box-default content-box-classic ra_content_box_69db9d6552d81\">\n\n\t\t\n\t<div class=\"content-box-content\">\n\t\t\t\t\n\t\t\t\t<p>Investigations on pesticide residues, heavy metal content, aflatoxins, other residues are carried out in the monitoring framework.<\/p>\n<p>In the fields of medicinal herbs and tea-like products, microbiological tests are carried out by us; Here we are guided by the same criteria as in the residue control.<\/p>\n\t\t\t\t\n\t<\/div>\n\n<\/div><\/div><\/div><\/div><script type=\"text\/javascript\">(function($) {$(\"head\").append(\"<style>.rella-row-shadowbox-69db9d6552b05{-webkit-box-shadow:;-moz-box-shadow:;box-shadow:;}<\/style>\");})(jQuery);<\/script><\/div><div data-row-brightness=\"light\" class=\"vc_row wpb_row vc_row-fluid rella-row-shadowbox-69db9d6552f52\" style=\"\"><div class=\"wpb_column vc_column_container vc_col-sm-12\" ><div class=\"vc_column-inner\"  style=\"\"><div class=\"wpb_wrapper\">\r\n\t<div class=\"wpb_single_image wpb_content_element vc_align_left\" >\r\n\t\t\r\n\t\t<figure class=\"wpb_wrapper vc_figure\">\r\n\t\t\t<div class=\"vc_single_image-wrapper   vc_box_border_grey\"><img data-rjs=\"https:\/\/kraeuter-groz.de\/wp-content\/uploads\/2019\/03\/Qualitat1.jpeg\" width=\"5760\" height=\"1784\" src=\"https:\/\/kraeuter-groz.de\/wp-content\/uploads\/2019\/03\/Qualitat1-30x9.jpeg\" class=\"vc_single_image-img attachment-full progressive__img progressive--not-loaded\" alt=\"\" loading=\"lazy\" srcset=\"\" sizes=\"(max-width: 5760px) 100vw, 5760px\" data-progressive=\"https:\/\/kraeuter-groz.de\/wp-content\/uploads\/2019\/03\/Qualitat1.jpeg\" \/><\/div>\r\n\t\t<\/figure>\r\n\t<\/div>\r\n<\/div><\/div><\/div><script type=\"text\/javascript\">(function($) {$(\"head\").append(\"<style>.rella-row-shadowbox-69db9d6552f52{-webkit-box-shadow:;-moz-box-shadow:;box-shadow:;}<\/style>\");})(jQuery);<\/script><\/div><div data-row-brightness=\"light\" class=\"vc_row wpb_row vc_row-fluid rella-row-shadowbox-69db9d6564d5f\" style=\"\"><div class=\"wpb_column vc_column_container vc_col-sm-12\" ><div class=\"vc_column-inner vc_custom_1553507557481\"  style=\"\"><div class=\"wpb_wrapper\"><style>.ra_content_box_69db9d656501c h3{color: !important;font-size: !important;}.ra_content_box_69db9d656501c .content-box-content p{color: !important;font-size: !important;}<\/style><div id=\"ra_content_box_69db9d656501c\" class=\"content-box content-box-default content-box-classic ra_content_box_69db9d656501c\">\n\n\t\t\n\t<div class=\"content-box-content\">\n\t\t\t\t\n\t\t\t\t<p>The valuable natural treasures come from all countries of the world. These are subjected to a stock protection treatment e.g. subjected to CO2. In certain cases, germ reduction by steam sterilization is required. Both methods are also approved for organic products.<\/p>\n\t\t\t\t\n\t<\/div>\n\n<\/div><\/div><\/div><\/div><script type=\"text\/javascript\">(function($) {$(\"head\").append(\"<style>.rella-row-shadowbox-69db9d6564d5f{-webkit-box-shadow:;-moz-box-shadow:;box-shadow:;}<\/style>\");})(jQuery);<\/script><\/div><div data-vc-full-width=\"true\" data-vc-full-width-init=\"false\" data-section-name=\"Customizer\" data-row-brightness=\"light\" class=\"vc_row wpb_row vc_row-fluid n_second_sep_prod vc_custom_1558959601195 rella-row-shadowbox-69db9d65651f2 rella-row-responsive-69db9d65651f5 vc_row-has-fill vc_row-o-equal-height vc_row-o-content-middle vc_row-flex\" style=\"background-attachment:fixed;\"><div class=\"rella_animate_when_almost_visible wpb_appear appear wpb_column vc_column_container vc_col-sm-12 vc_col-has-fill rella-column-responsive-69db9d65654e9\" ><div class=\"vc_column-inner vc_custom_1551102780588\"  style=\"\"><div class=\"wpb_wrapper\"><style>.ra_section_title_69db9d6565631 h1{font-size:40px;border-bottom-color:#ffffff;color:#ffffff;}<\/style><header class=\"section-title section-title-default align-center ra_section_title_69db9d6565631\" >\n\t<h1 class=\"title\">Certifications<\/h1><\/header><style>.ra_content_box_69db9d6565942 h3{color: !important;font-size: !important;}.ra_content_box_69db9d6565942 .content-box-content p{color:#ffffff !important;font-size:17px !important;}<\/style><div id=\"ra_content_box_69db9d6565942\" class=\"content-box content-box-default content-box-classic ra_content_box_69db9d6565942\">\n\n\t\t\n\t<div class=\"content-box-content\">\n\t\t\t\t\n\t\t\t\t<p>\u2022 Drug certification according to \u00a7 52a AMG<br \/>\n\u2022 Organic certification according to EC-\u00d6KO-Verordnung 834\/2007<br \/>\n\u2022 HACCP concept with integrated batch tracing<br \/>\n\u2022 Feed Hygiene Regulation EC 183\/2005 registration<\/p>\n\t\t\t\t\n\t<\/div>\n\n<\/div><\/div><\/div><script type=\"text\/javascript\">(function($) {$(\"head\").append(\"<style>@media (max-width: 767px) { .rella-column-responsive-69db9d65654e9 > .vc_column-inner {margin-right:15px !important; margin-left:15px !important; padding-top:20px !important; padding-right:10px !important; padding-bottom:20px !important; padding-left:10px !important;  }  } <\/style>\");})(jQuery);<\/script><\/div><script type=\"text\/javascript\">(function($) {$(\"head\").append(\"<style>@media (max-width: 991px) and (min-width: 768px) { .rella-row-responsive-69db9d65651f5 {padding-top:80px !important; padding-bottom:60px !important;  }  } @media (max-width: 767px) { .rella-row-responsive-69db9d65651f5 {margin-top:50px !important; padding-top:40px !important; padding-bottom:40px !important;  }  } .rella-row-shadowbox-69db9d65651f2{-webkit-box-shadow:;-moz-box-shadow:;box-shadow:;}<\/style>\");})(jQuery);<\/script><\/div><div class=\"vc_row-full-width vc_clearfix\"><\/div>","protected":false},"excerpt":{"rendered":"(function($) {$(\"head\").append(\".rella-row-shadowbox-69db9d6566173{-webkit-box-shadow:;-moz-box-shadow:;box-shadow:;}\");})(jQuery);.ra_content_box_69db9d6582db7 h3{color: !important;font-size: !important;}.ra_content_box_69db9d6582db7 .content-box-content p{color: !important;font-size: !important;} Eingehende Waren werden auf sichtbare und versteckte Qualit\u00e4tsm\u00e4ngel in Form von Visueller, sensorischen und physikalischen-chemischen Untersuchungen \u00fcberpr\u00fcft. (function($) {$(\"head\").append(\".rella-row-shadowbox-69db9d6582b07{-webkit-box-shadow:;-moz-box-shadow:;box-shadow:;}\");})(jQuery); (function($) {$(\"head\").append(\".rella-row-shadowbox-69db9d6582f82{-webkit-box-shadow:;-moz-box-shadow:;box-shadow:;}\");})(jQuery);.ra_content_box_69db9d6592b63 h3{color: !important;font-size: !important;}.ra_content_box_69db9d6592b63 .content-box-content p{color: !important;font-size: !important;} Untersuchungen auf Pflanzenschutzmittelr\u00fcckst\u00e4nde, Schwermetallgehalt, Aflatoxine, sonstige R\u00fcckst\u00e4nde erfolgen im Monitoringrahmen. In den Berreichen Heilkr\u00e4uter und Tee\u00e4hnlich Erzeugnissen werden [...]","protected":false},"author":3,"featured_media":0,"parent":0,"menu_order":0,"comment_status":"closed","ping_status":"closed","template":"","meta":[],"yoast_head":"<!-- This site is optimized with the Yoast SEO plugin v19.6 - https:\/\/yoast.com\/wordpress\/plugins\/seo\/ -->\n<title>Zertifizierte Qualit\u00e4t<\/title>\n<meta name=\"description\" content=\"Wir sind zertifiziert und kontrollieren auf Qualit\u00e4t und m\u00f6gliche R\u00fcckst\u00e4nde. Auf unsere Produkte k\u00f6nnen Sie vertrauen.\" \/>\n<meta name=\"robots\" content=\"index, follow, max-snippet:-1, max-image-preview:large, max-video-preview:-1\" \/>\n<link rel=\"canonical\" href=\"https:\/\/kraeuter-groz.de\/en\/qualitat\/\" \/>\n<meta property=\"og:locale\" content=\"en_GB\" \/>\n<meta property=\"og:type\" content=\"article\" \/>\n<meta property=\"og:title\" content=\"Zertifizierte Qualit\u00e4t\" \/>\n<meta property=\"og:description\" content=\"Wir sind zertifiziert und kontrollieren auf Qualit\u00e4t und m\u00f6gliche R\u00fcckst\u00e4nde. Auf unsere Produkte k\u00f6nnen Sie vertrauen.\" \/>\n<meta property=\"og:url\" content=\"https:\/\/kraeuter-groz.de\/en\/qualitat\/\" \/>\n<meta property=\"og:site_name\" content=\"Kraeutergroz\" \/>\n<meta property=\"article:modified_time\" content=\"2022-04-13T09:28:44+00:00\" \/>\n<meta name=\"twitter:card\" content=\"summary_large_image\" \/>\n<meta name=\"twitter:label1\" content=\"Estimated reading time\" \/>\n\t<meta name=\"twitter:data1\" content=\"5 minutes\" \/>\n<script type=\"application\/ld+json\" class=\"yoast-schema-graph\">{\"@context\":\"https:\/\/schema.org\",\"@graph\":[{\"@type\":\"WebPage\",\"@id\":\"https:\/\/kraeuter-groz.de\/qualitat\/\",\"url\":\"https:\/\/kraeuter-groz.de\/qualitat\/\",\"name\":\"Zertifizierte Qualit\u00e4t\",\"isPartOf\":{\"@id\":\"https:\/\/kraeuter-groz.de\/#website\"},\"datePublished\":\"2019-02-19T13:59:11+00:00\",\"dateModified\":\"2022-04-13T09:28:44+00:00\",\"description\":\"Wir sind zertifiziert und kontrollieren auf Qualit\u00e4t und m\u00f6gliche R\u00fcckst\u00e4nde. Auf unsere Produkte k\u00f6nnen Sie vertrauen.\",\"breadcrumb\":{\"@id\":\"https:\/\/kraeuter-groz.de\/qualitat\/#breadcrumb\"},\"inLanguage\":\"en-GB\",\"potentialAction\":[{\"@type\":\"ReadAction\",\"target\":[\"https:\/\/kraeuter-groz.de\/qualitat\/\"]}]},{\"@type\":\"BreadcrumbList\",\"@id\":\"https:\/\/kraeuter-groz.de\/qualitat\/#breadcrumb\",\"itemListElement\":[{\"@type\":\"ListItem\",\"position\":1,\"name\":\"Startseite\",\"item\":\"https:\/\/kraeuter-groz.de\/\"},{\"@type\":\"ListItem\",\"position\":2,\"name\":\"Qualit\u00e4t\"}]},{\"@type\":\"WebSite\",\"@id\":\"https:\/\/kraeuter-groz.de\/#website\",\"url\":\"https:\/\/kraeuter-groz.de\/\",\"name\":\"Kraeutergroz\",\"description\":\"\",\"publisher\":{\"@id\":\"https:\/\/kraeuter-groz.de\/#organization\"},\"potentialAction\":[{\"@type\":\"SearchAction\",\"target\":{\"@type\":\"EntryPoint\",\"urlTemplate\":\"https:\/\/kraeuter-groz.de\/?s={search_term_string}\"},\"query-input\":\"required name=search_term_string\"}],\"inLanguage\":\"en-GB\"},{\"@type\":\"Organization\",\"@id\":\"https:\/\/kraeuter-groz.de\/#organization\",\"name\":\"Daniel Groz Soehne GmbH & Co. KG\",\"url\":\"https:\/\/kraeuter-groz.de\/\",\"sameAs\":[],\"logo\":{\"@type\":\"ImageObject\",\"inLanguage\":\"en-GB\",\"@id\":\"https:\/\/kraeuter-groz.de\/#\/schema\/logo\/image\/\",\"url\":\"https:\/\/kraeuter-groz.de\/wp-content\/uploads\/2019\/02\/logo.png\",\"contentUrl\":\"https:\/\/kraeuter-groz.de\/wp-content\/uploads\/2019\/02\/logo.png\",\"width\":1451,\"height\":1208,\"caption\":\"Daniel Groz Soehne GmbH & Co. KG\"},\"image\":{\"@id\":\"https:\/\/kraeuter-groz.de\/#\/schema\/logo\/image\/\"}}]}<\/script>\n<!-- \/ Yoast SEO plugin. -->","yoast_head_json":{"title":"Zertifizierte Qualit\u00e4t","description":"Wir sind zertifiziert und kontrollieren auf Qualit\u00e4t und m\u00f6gliche R\u00fcckst\u00e4nde. Auf unsere Produkte k\u00f6nnen Sie vertrauen.","robots":{"index":"index","follow":"follow","max-snippet":"max-snippet:-1","max-image-preview":"max-image-preview:large","max-video-preview":"max-video-preview:-1"},"canonical":"https:\/\/kraeuter-groz.de\/en\/qualitat\/","og_locale":"en_GB","og_type":"article","og_title":"Zertifizierte Qualit\u00e4t","og_description":"Wir sind zertifiziert und kontrollieren auf Qualit\u00e4t und m\u00f6gliche R\u00fcckst\u00e4nde. Auf unsere Produkte k\u00f6nnen Sie vertrauen.","og_url":"https:\/\/kraeuter-groz.de\/en\/qualitat\/","og_site_name":"Kraeutergroz","article_modified_time":"2022-04-13T09:28:44+00:00","twitter_card":"summary_large_image","twitter_misc":{"Estimated reading time":"5 minutes"},"schema":{"@context":"https:\/\/schema.org","@graph":[{"@type":"WebPage","@id":"https:\/\/kraeuter-groz.de\/qualitat\/","url":"https:\/\/kraeuter-groz.de\/qualitat\/","name":"Zertifizierte Qualit\u00e4t","isPartOf":{"@id":"https:\/\/kraeuter-groz.de\/#website"},"datePublished":"2019-02-19T13:59:11+00:00","dateModified":"2022-04-13T09:28:44+00:00","description":"Wir sind zertifiziert und kontrollieren auf Qualit\u00e4t und m\u00f6gliche R\u00fcckst\u00e4nde. Auf unsere Produkte k\u00f6nnen Sie vertrauen.","breadcrumb":{"@id":"https:\/\/kraeuter-groz.de\/qualitat\/#breadcrumb"},"inLanguage":"en-GB","potentialAction":[{"@type":"ReadAction","target":["https:\/\/kraeuter-groz.de\/qualitat\/"]}]},{"@type":"BreadcrumbList","@id":"https:\/\/kraeuter-groz.de\/qualitat\/#breadcrumb","itemListElement":[{"@type":"ListItem","position":1,"name":"Startseite","item":"https:\/\/kraeuter-groz.de\/"},{"@type":"ListItem","position":2,"name":"Qualit\u00e4t"}]},{"@type":"WebSite","@id":"https:\/\/kraeuter-groz.de\/#website","url":"https:\/\/kraeuter-groz.de\/","name":"Kraeutergroz","description":"","publisher":{"@id":"https:\/\/kraeuter-groz.de\/#organization"},"potentialAction":[{"@type":"SearchAction","target":{"@type":"EntryPoint","urlTemplate":"https:\/\/kraeuter-groz.de\/?s={search_term_string}"},"query-input":"required name=search_term_string"}],"inLanguage":"en-GB"},{"@type":"Organization","@id":"https:\/\/kraeuter-groz.de\/#organization","name":"Daniel Groz Soehne GmbH & Co. KG","url":"https:\/\/kraeuter-groz.de\/","sameAs":[],"logo":{"@type":"ImageObject","inLanguage":"en-GB","@id":"https:\/\/kraeuter-groz.de\/#\/schema\/logo\/image\/","url":"https:\/\/kraeuter-groz.de\/wp-content\/uploads\/2019\/02\/logo.png","contentUrl":"https:\/\/kraeuter-groz.de\/wp-content\/uploads\/2019\/02\/logo.png","width":1451,"height":1208,"caption":"Daniel Groz Soehne GmbH & Co. KG"},"image":{"@id":"https:\/\/kraeuter-groz.de\/#\/schema\/logo\/image\/"}}]}},"_links":{"self":[{"href":"https:\/\/kraeuter-groz.de\/en\/wp-json\/wp\/v2\/pages\/8631"}],"collection":[{"href":"https:\/\/kraeuter-groz.de\/en\/wp-json\/wp\/v2\/pages"}],"about":[{"href":"https:\/\/kraeuter-groz.de\/en\/wp-json\/wp\/v2\/types\/page"}],"author":[{"embeddable":true,"href":"https:\/\/kraeuter-groz.de\/en\/wp-json\/wp\/v2\/users\/3"}],"replies":[{"embeddable":true,"href":"https:\/\/kraeuter-groz.de\/en\/wp-json\/wp\/v2\/comments?post=8631"}],"version-history":[{"count":10,"href":"https:\/\/kraeuter-groz.de\/en\/wp-json\/wp\/v2\/pages\/8631\/revisions"}],"predecessor-version":[{"id":9758,"href":"https:\/\/kraeuter-groz.de\/en\/wp-json\/wp\/v2\/pages\/8631\/revisions\/9758"}],"wp:attachment":[{"href":"https:\/\/kraeuter-groz.de\/en\/wp-json\/wp\/v2\/media?parent=8631"}],"curies":[{"name":"wp","href":"https:\/\/api.w.org\/{rel}","templated":true}]}}