{"id":8624,"date":"2019-02-19T13:57:59","date_gmt":"2019-02-19T13:57:59","guid":{"rendered":"http:\/\/kraeuter-groz.de\/?page_id=8624"},"modified":"2025-02-11T11:06:19","modified_gmt":"2025-02-11T10:06:19","slug":"produkte","status":"publish","type":"page","link":"https:\/\/kraeuter-groz.de\/en\/produkte\/","title":{"rendered":"Products"},"content":{"rendered":"<div data-row-brightness=\"light\" class=\"vc_row wpb_row vc_row-fluid produkte_first_title rella-row-shadowbox-69d11bdf7dbda\" style=\"\"><div class=\"wpb_column vc_column_container vc_col-sm-12\" ><div class=\"vc_column-inner\"  style=\"\"><div class=\"wpb_wrapper\"><style>.ra_section_title_69d11bdf7e293 h1{font-size:26px;border-bottom-color:1.25em;color:#1b6b56;line-height:1.25em;}<\/style><header class=\"section-title section-title-default section-title-resolve align-left ra_section_title_69d11bdf7e293 vc_custom_1550815217105\" >\n\t<h1 class=\"title\">KR\u00c4UTER GROZ supplies only commercial customers<\/h1><\/header><style>.ra_content_box_69d11bdf7e62b h3{color: !important;font-size: !important;}.ra_content_box_69d11bdf7e62b .content-box-content p{color: !important;font-size: !important;}<\/style><div id=\"ra_content_box_69d11bdf7e62b\" class=\"content-box content-box-default content-box-classic ra_content_box_69d11bdf7e62b\">\n\n\t\t\n\t<div class=\"content-box-content\">\n\t\t\t\t\n\t\t\t\t<p>End consumers can purchase our products through selected retailers, consignors and distributors or through our factory outlet. Details on request.<\/p>\n<p>Entdecken Sie unsere neuen Produktlisten.<\/p>\n\t\t\t\t\n\t<\/div>\n\n<\/div><\/div><\/div><\/div><script type=\"text\/javascript\">(function($) {$(\"head\").append(\"<style>.rella-row-shadowbox-69d11bdf7dbda{-webkit-box-shadow:;-moz-box-shadow:;box-shadow:;}<\/style>\");})(jQuery);<\/script><\/div><div data-row-brightness=\"light\" class=\"vc_row wpb_row vc_row-fluid produkte_page_icon vc_custom_1551098962660 rella-row-shadowbox-69d11bdf7e893 rella-row-responsive-69d11bdf7e897\" style=\"\"><div class=\"wpb_column vc_column_container vc_col-sm-12\" ><div class=\"vc_column-inner\"  style=\"\"><div class=\"wpb_wrapper\"><style>.ra_icon_box_69d11bdf7ec67 .icon-container{color:#1b6b56;background-color:#f1f5e5;}.ra_icon_box_69d11bdf7ec67:hover .icon-container{background-color:#e4edcb;border-color:#e4edcb!important;}.ra_icon_box_69d11bdf7ec67 h3{font-size:16px;}<\/style>\n<div class=\"icon-box icon-box-circle icon-box-bordered icon-box-side ra_icon_box_69d11bdf7ec67\"  id=\"ra_icon_box_69d11bdf7ec67\">\n\n\t\t<span class=\"icon-container\"><i class=\"fa fa-coffee\"><\/i><\/span>\n\t\n\t<div class=\"contents\">\n\t\t\t\t<h3>Tea<\/h3>\t\t\t\t\t\t<a href=\"https:\/\/kraeuter-groz.de\/en\/tee\/\" class=\"btn btn-underlined border-thin ra_button_69d11bdf7ef4f\" >\n\t\t\t\t<span>\n\tmore\t<\/span>\n<\/a>\n\n\t<\/div>\n<\/div>\n<style>.ra_icon_box_69d11bdf7f280 .icon-container{color:#1b6b56;background-color:#f1f5e5;}.ra_icon_box_69d11bdf7f280:hover .icon-container{background-color:#e4edcb;border-color:#e4edcb!important;}.ra_icon_box_69d11bdf7f280 h3{font-size:16px;}<\/style>\n<div class=\"icon-box icon-box-circle icon-box-bordered icon-box-side ra_icon_box_69d11bdf7f280\"  id=\"ra_icon_box_69d11bdf7f280\">\n\n\t\t<span class=\"icon-container\"><i class=\"fa fa-leaf\"><\/i><\/span>\n\t\n\t<div class=\"contents\">\n\t\t\t\t<h3>Herbs<\/h3>\t\t\t\t\t\t<a href=\"https:\/\/kraeuter-groz.de\/en\/krauter\/\" class=\"btn btn-underlined border-thin ra_button_69d11bdf7f38e\" >\n\t\t\t\t<span>\n\tmore\t<\/span>\n<\/a>\n\n\t<\/div>\n<\/div>\n<style>.ra_icon_box_69d11bdf7f4e8 .icon-container{background-color:#f1f5e5;}.ra_icon_box_69d11bdf7f4e8:hover .icon-container{background-color:#e4edcb;border-color:#e4edcb!important;}.ra_icon_box_69d11bdf7f4e8 h3{font-size:16px;}<\/style>\n<div class=\"icon-box icon-box-circle icon-box-bordered icon-box-side ra_icon_box_69d11bdf7f4e8\"  id=\"ra_icon_box_69d11bdf7f4e8\">\n\n\t\t<span class=\"icon-container\"><img src=\"https:\/\/kraeuter-groz.de\/wp-content\/uploads\/2019\/03\/gewu\u0308rze.png\" alt=\"Gew\u00fcrze\" \/><\/span>\n\t\n\t<div class=\"contents\">\n\t\t\t\t<h3>Spices<\/h3>\t\t\t\t\t\t<a href=\"https:\/\/kraeuter-groz.de\/en\/gewurze\/\" class=\"btn btn-underlined border-thin ra_button_69d11bdf7f80a\" >\n\t\t\t\t<span>\n\tmore\t<\/span>\n<\/a>\n\n\t<\/div>\n<\/div>\n<style>.ra_icon_box_69d11bdf7f95c .icon-container{color:#1b6b56;background-color:#f1f5e5;}.ra_icon_box_69d11bdf7f95c:hover .icon-container{background-color:#e4edcb;border-color:#e4edcb!important;}.ra_icon_box_69d11bdf7f95c h3{font-size:16px;}<\/style>\n<div class=\"icon-box icon-box-circle icon-box-bordered icon-box-side ra_icon_box_69d11bdf7f95c\"  id=\"ra_icon_box_69d11bdf7f95c\">\n\n\t\t<span class=\"icon-container\"><i class=\"fa fa-plus\"><\/i><\/span>\n\t\n\t<div class=\"contents\">\n\t\t\t\t<h3>Super Food<\/h3>\t\t\t\t\t\t<a href=\"https:\/\/kraeuter-groz.de\/en\/spezialitaten\/\" class=\"btn btn-underlined border-thin ra_button_69d11bdf7fa4f\" >\n\t\t\t\t<span>\n\tmore\t<\/span>\n<\/a>\n\n\t<\/div>\n<\/div>\n<style>.ra_icon_box_69d11bdf7fb97 .icon-container{color:#1b6b56;background-color:#f1f5e5;}.ra_icon_box_69d11bdf7fb97:hover .icon-container{background-color:#e4edcb;border-color:#e4edcb!important;}.ra_icon_box_69d11bdf7fb97 h3{font-size:16px;}<\/style>\n<div class=\"icon-box icon-box-circle icon-box-bordered icon-box-side ra_icon_box_69d11bdf7fb97\"  id=\"ra_icon_box_69d11bdf7fb97\">\n\n\t\t<span class=\"icon-container\"><i class=\"fa fa-tags\"><\/i><\/span>\n\t\n\t<div class=\"contents\">\n\t\t\t\t<h3>Contract bottling<\/h3>\t\t\t\t\t\t<a href=\"https:\/\/kraeuter-groz.de\/en\/spezialitaten\/\" class=\"btn btn-underlined border-thin ra_button_69d11bdf7fc88\" >\n\t\t\t\t<span>\n\tmore\t<\/span>\n<\/a>\n\n\t<\/div>\n<\/div>\n<style>.ra_icon_box_69d11bdf7fdca .icon-container{color:#1b6b56;background-color:#f1f5e5;}.ra_icon_box_69d11bdf7fdca:hover .icon-container{background-color:#e4edcb;border-color:#e4edcb!important;}.ra_icon_box_69d11bdf7fdca h3{font-size:16px;}<\/style>\n<div class=\"icon-box icon-box-circle icon-box-bordered icon-box-side ra_icon_box_69d11bdf7fdca\"  id=\"ra_icon_box_69d11bdf7fdca\">\n\n\t\t<span class=\"icon-container\"><i class=\"icon-triangle-up\"><\/i><\/span>\n\t\n\t<div class=\"contents\">\n\t\t\t\t<h3>pyramid tea bags<\/h3>\t\t\t\t\t\t<a href=\"https:\/\/kraeuter-groz.de\/en\/verpackungs-material\/\" class=\"btn btn-underlined border-thin ra_button_69d11bdf7feb8\" >\n\t\t\t\t<span>\n\tmore\t<\/span>\n<\/a>\n\n\t<\/div>\n<\/div>\n<\/div><\/div><\/div><script type=\"text\/javascript\">(function($) {$(\"head\").append(\"<style>@media (max-width: 767px) { .rella-row-responsive-69d11bdf7e897 {padding-top:15px !important;  }  } .rella-row-shadowbox-69d11bdf7e893{-webkit-box-shadow:;-moz-box-shadow:;box-shadow:;}<\/style>\");})(jQuery);<\/script><\/div><div data-vc-full-width=\"true\" data-vc-full-width-init=\"false\" data-section-name=\"Customizer\" data-row-brightness=\"light\" class=\"vc_row wpb_row vc_row-fluid n_second_sep_prod vc_custom_1551099152246 rella-row-shadowbox-69d11bdf80207 rella-row-responsive-69d11bdf8020a vc_row-has-fill vc_row-o-equal-height vc_row-o-content-middle vc_row-flex\" style=\"background-attachment:fixed;\"><div class=\"rella_animate_when_almost_visible wpb_appear appear wpb_column vc_column_container vc_col-sm-12 vc_col-has-fill rella-column-responsive-69d11bdf80440\" ><div class=\"vc_column-inner vc_custom_1551159939665\"  style=\"\"><div class=\"wpb_wrapper\"><style>.ra_section_title_69d11bdf80584 h1{font-size:40px;border-bottom-color:#ffffff;color:#ffffff;}<\/style><header class=\"section-title section-title-default align-center ra_section_title_69d11bdf80584\" >\n\t<h1 class=\"title\">Contact<\/h1><\/header><style>.ra_button_69d11bdf806b0{background-color:#ffffff;color:#000000;border-color:#ffffff !important;}.ra_button_69d11bdf806b0:focus,.ra_button_69d11bdf806b0:hover{background-color:#000000;border-color:#ffffff !important;color:#ffffff !important;}<\/style><a href=\"https:\/\/kraeuter-groz.de\/en\/kontakt\/\" class=\"btn btn-solid border-thin ra_button_69d11bdf806b0\" >\n\t\t\t\t<span>\n\tmore\t<\/span>\n<\/a>\n<\/div><\/div><script type=\"text\/javascript\">(function($) {$(\"head\").append(\"<style>@media (max-width: 767px) { .rella-column-responsive-69d11bdf80440 > .vc_column-inner {margin-right:25px !important; margin-left:25px !important;  }  } <\/style>\");})(jQuery);<\/script><\/div><script type=\"text\/javascript\">(function($) {$(\"head\").append(\"<style>@media (max-width: 991px) and (min-width: 768px) { .rella-row-responsive-69d11bdf8020a {padding-top:80px !important; padding-bottom:60px !important;  }  } @media (max-width: 767px) { .rella-row-responsive-69d11bdf8020a {margin-top:10px !important; margin-bottom:50px !important; padding-top:40px !important; padding-bottom:40px !important;  }  } .rella-row-shadowbox-69d11bdf80207{-webkit-box-shadow:;-moz-box-shadow:;box-shadow:;}<\/style>\");})(jQuery);<\/script><\/div><div class=\"vc_row-full-width vc_clearfix\"><\/div>","protected":false},"excerpt":{"rendered":".ra_section_title_69d11bdf812ff h1{font-size:26px;border-bottom-color:1.25em;color:#1b6b56;line-height:1.25em;} KR\u00c4UTER GROZ beliefert nur gewerbliche Abnehmer.ra_content_box_69d11bdf8143d h3{color: !important;font-size: !important;}.ra_content_box_69d11bdf8143d .content-box-content p{color: !important;font-size: !important;} Endverbraucher k\u00f6nnen unsere Produkte \u00fcber ausgew\u00e4hlte Fachh\u00e4ndler, Versender sowie Vertriebsunternehmen oder in unserem Werkverkauf beziehen. N\u00e4heres auf Anfrage. Entdecken Sie unsere neuen Produktlisten. (function($) {$(\"head\").append(\".rella-row-shadowbox-69d11bdf81066{-webkit-box-shadow:;-moz-box-shadow:;box-shadow:;}\");})(jQuery);.ra_icon_box_69d11bdf818b8 .icon-container{color:#1b6b56;background-color:#f1f5e5;}.ra_icon_box_69d11bdf818b8:hover .icon-container{background-color:#e4edcb;border-color:#e4edcb!important;}.ra_icon_box_69d11bdf818b8 h3{font-size:16px;} Tee Mehr .ra_icon_box_69d11bdf81b17 .icon-container{color:#1b6b56;background-color:#f1f5e5;}.ra_icon_box_69d11bdf81b17:hover .icon-container{background-color:#e4edcb;border-color:#e4edcb!important;}.ra_icon_box_69d11bdf81b17 h3{font-size:16px;} Kr\u00e4uter Mehr .ra_icon_box_69d11bdf81d4b .icon-container{background-color:#f1f5e5;}.ra_icon_box_69d11bdf81d4b:hover .icon-container{background-color:#e4edcb;border-color:#e4edcb!important;}.ra_icon_box_69d11bdf81d4b h3{font-size:16px;} [...]","protected":false},"author":3,"featured_media":0,"parent":0,"menu_order":0,"comment_status":"closed","ping_status":"closed","template":"","meta":[],"yoast_head":"<!-- This site is optimized with the Yoast SEO plugin v19.6 - https:\/\/yoast.com\/wordpress\/plugins\/seo\/ -->\n<title>Tee, Kr\u00e4uter, Gew\u00fcrze Super Food vom Spezialisten in Lohnabf\u00fcllung<\/title>\n<meta name=\"description\" content=\"Lohnabf\u00fcllung f\u00fcr hochwertige Tee, Kr\u00e4uter, Gew\u00fcrze Super Food vom Fachmann in Verpackungen aller Art f\u00fcr gewerbliche Kunden.\" \/>\n<meta name=\"robots\" content=\"index, follow, max-snippet:-1, max-image-preview:large, max-video-preview:-1\" \/>\n<link rel=\"canonical\" href=\"https:\/\/kraeuter-groz.de\/en\/produkte\/\" \/>\n<meta property=\"og:locale\" content=\"en_GB\" \/>\n<meta property=\"og:type\" content=\"article\" \/>\n<meta property=\"og:title\" content=\"Tee, Kr\u00e4uter, Gew\u00fcrze Super Food vom Spezialisten in Lohnabf\u00fcllung\" \/>\n<meta property=\"og:description\" content=\"Lohnabf\u00fcllung f\u00fcr hochwertige Tee, Kr\u00e4uter, Gew\u00fcrze Super Food vom Fachmann in Verpackungen aller Art f\u00fcr gewerbliche Kunden.\" \/>\n<meta property=\"og:url\" content=\"https:\/\/kraeuter-groz.de\/en\/produkte\/\" \/>\n<meta property=\"og:site_name\" content=\"Kraeutergroz\" \/>\n<meta property=\"article:modified_time\" content=\"2025-02-11T10:06:19+00:00\" \/>\n<meta name=\"twitter:card\" content=\"summary_large_image\" \/>\n<meta name=\"twitter:label1\" content=\"Estimated reading time\" \/>\n\t<meta name=\"twitter:data1\" content=\"9 minutes\" \/>\n<script type=\"application\/ld+json\" class=\"yoast-schema-graph\">{\"@context\":\"https:\/\/schema.org\",\"@graph\":[{\"@type\":\"WebPage\",\"@id\":\"https:\/\/kraeuter-groz.de\/produkte\/\",\"url\":\"https:\/\/kraeuter-groz.de\/produkte\/\",\"name\":\"Tee, Kr\u00e4uter, Gew\u00fcrze Super Food vom Spezialisten in Lohnabf\u00fcllung\",\"isPartOf\":{\"@id\":\"https:\/\/kraeuter-groz.de\/#website\"},\"datePublished\":\"2019-02-19T13:57:59+00:00\",\"dateModified\":\"2025-02-11T10:06:19+00:00\",\"description\":\"Lohnabf\u00fcllung f\u00fcr hochwertige Tee, Kr\u00e4uter, Gew\u00fcrze Super Food vom Fachmann in Verpackungen aller Art f\u00fcr gewerbliche Kunden.\",\"breadcrumb\":{\"@id\":\"https:\/\/kraeuter-groz.de\/produkte\/#breadcrumb\"},\"inLanguage\":\"en-GB\",\"potentialAction\":[{\"@type\":\"ReadAction\",\"target\":[\"https:\/\/kraeuter-groz.de\/produkte\/\"]}]},{\"@type\":\"BreadcrumbList\",\"@id\":\"https:\/\/kraeuter-groz.de\/produkte\/#breadcrumb\",\"itemListElement\":[{\"@type\":\"ListItem\",\"position\":1,\"name\":\"Startseite\",\"item\":\"https:\/\/kraeuter-groz.de\/\"},{\"@type\":\"ListItem\",\"position\":2,\"name\":\"Produkte\"}]},{\"@type\":\"WebSite\",\"@id\":\"https:\/\/kraeuter-groz.de\/#website\",\"url\":\"https:\/\/kraeuter-groz.de\/\",\"name\":\"Kraeutergroz\",\"description\":\"\",\"publisher\":{\"@id\":\"https:\/\/kraeuter-groz.de\/#organization\"},\"potentialAction\":[{\"@type\":\"SearchAction\",\"target\":{\"@type\":\"EntryPoint\",\"urlTemplate\":\"https:\/\/kraeuter-groz.de\/?s={search_term_string}\"},\"query-input\":\"required name=search_term_string\"}],\"inLanguage\":\"en-GB\"},{\"@type\":\"Organization\",\"@id\":\"https:\/\/kraeuter-groz.de\/#organization\",\"name\":\"Daniel Groz Soehne GmbH & Co. KG\",\"url\":\"https:\/\/kraeuter-groz.de\/\",\"sameAs\":[],\"logo\":{\"@type\":\"ImageObject\",\"inLanguage\":\"en-GB\",\"@id\":\"https:\/\/kraeuter-groz.de\/#\/schema\/logo\/image\/\",\"url\":\"https:\/\/kraeuter-groz.de\/wp-content\/uploads\/2019\/02\/logo.png\",\"contentUrl\":\"https:\/\/kraeuter-groz.de\/wp-content\/uploads\/2019\/02\/logo.png\",\"width\":1451,\"height\":1208,\"caption\":\"Daniel Groz Soehne GmbH & Co. KG\"},\"image\":{\"@id\":\"https:\/\/kraeuter-groz.de\/#\/schema\/logo\/image\/\"}}]}<\/script>\n<!-- \/ Yoast SEO plugin. -->","yoast_head_json":{"title":"Tee, Kr\u00e4uter, Gew\u00fcrze Super Food vom Spezialisten in Lohnabf\u00fcllung","description":"Lohnabf\u00fcllung f\u00fcr hochwertige Tee, Kr\u00e4uter, Gew\u00fcrze Super Food vom Fachmann in Verpackungen aller Art f\u00fcr gewerbliche Kunden.","robots":{"index":"index","follow":"follow","max-snippet":"max-snippet:-1","max-image-preview":"max-image-preview:large","max-video-preview":"max-video-preview:-1"},"canonical":"https:\/\/kraeuter-groz.de\/en\/produkte\/","og_locale":"en_GB","og_type":"article","og_title":"Tee, Kr\u00e4uter, Gew\u00fcrze Super Food vom Spezialisten in Lohnabf\u00fcllung","og_description":"Lohnabf\u00fcllung f\u00fcr hochwertige Tee, Kr\u00e4uter, Gew\u00fcrze Super Food vom Fachmann in Verpackungen aller Art f\u00fcr gewerbliche Kunden.","og_url":"https:\/\/kraeuter-groz.de\/en\/produkte\/","og_site_name":"Kraeutergroz","article_modified_time":"2025-02-11T10:06:19+00:00","twitter_card":"summary_large_image","twitter_misc":{"Estimated reading time":"9 minutes"},"schema":{"@context":"https:\/\/schema.org","@graph":[{"@type":"WebPage","@id":"https:\/\/kraeuter-groz.de\/produkte\/","url":"https:\/\/kraeuter-groz.de\/produkte\/","name":"Tee, Kr\u00e4uter, Gew\u00fcrze Super Food vom Spezialisten in Lohnabf\u00fcllung","isPartOf":{"@id":"https:\/\/kraeuter-groz.de\/#website"},"datePublished":"2019-02-19T13:57:59+00:00","dateModified":"2025-02-11T10:06:19+00:00","description":"Lohnabf\u00fcllung f\u00fcr hochwertige Tee, Kr\u00e4uter, Gew\u00fcrze Super Food vom Fachmann in Verpackungen aller Art f\u00fcr gewerbliche Kunden.","breadcrumb":{"@id":"https:\/\/kraeuter-groz.de\/produkte\/#breadcrumb"},"inLanguage":"en-GB","potentialAction":[{"@type":"ReadAction","target":["https:\/\/kraeuter-groz.de\/produkte\/"]}]},{"@type":"BreadcrumbList","@id":"https:\/\/kraeuter-groz.de\/produkte\/#breadcrumb","itemListElement":[{"@type":"ListItem","position":1,"name":"Startseite","item":"https:\/\/kraeuter-groz.de\/"},{"@type":"ListItem","position":2,"name":"Produkte"}]},{"@type":"WebSite","@id":"https:\/\/kraeuter-groz.de\/#website","url":"https:\/\/kraeuter-groz.de\/","name":"Kraeutergroz","description":"","publisher":{"@id":"https:\/\/kraeuter-groz.de\/#organization"},"potentialAction":[{"@type":"SearchAction","target":{"@type":"EntryPoint","urlTemplate":"https:\/\/kraeuter-groz.de\/?s={search_term_string}"},"query-input":"required name=search_term_string"}],"inLanguage":"en-GB"},{"@type":"Organization","@id":"https:\/\/kraeuter-groz.de\/#organization","name":"Daniel Groz Soehne GmbH & Co. KG","url":"https:\/\/kraeuter-groz.de\/","sameAs":[],"logo":{"@type":"ImageObject","inLanguage":"en-GB","@id":"https:\/\/kraeuter-groz.de\/#\/schema\/logo\/image\/","url":"https:\/\/kraeuter-groz.de\/wp-content\/uploads\/2019\/02\/logo.png","contentUrl":"https:\/\/kraeuter-groz.de\/wp-content\/uploads\/2019\/02\/logo.png","width":1451,"height":1208,"caption":"Daniel Groz Soehne GmbH & Co. KG"},"image":{"@id":"https:\/\/kraeuter-groz.de\/#\/schema\/logo\/image\/"}}]}},"_links":{"self":[{"href":"https:\/\/kraeuter-groz.de\/en\/wp-json\/wp\/v2\/pages\/8624"}],"collection":[{"href":"https:\/\/kraeuter-groz.de\/en\/wp-json\/wp\/v2\/pages"}],"about":[{"href":"https:\/\/kraeuter-groz.de\/en\/wp-json\/wp\/v2\/types\/page"}],"author":[{"embeddable":true,"href":"https:\/\/kraeuter-groz.de\/en\/wp-json\/wp\/v2\/users\/3"}],"replies":[{"embeddable":true,"href":"https:\/\/kraeuter-groz.de\/en\/wp-json\/wp\/v2\/comments?post=8624"}],"version-history":[{"count":11,"href":"https:\/\/kraeuter-groz.de\/en\/wp-json\/wp\/v2\/pages\/8624\/revisions"}],"predecessor-version":[{"id":10671,"href":"https:\/\/kraeuter-groz.de\/en\/wp-json\/wp\/v2\/pages\/8624\/revisions\/10671"}],"wp:attachment":[{"href":"https:\/\/kraeuter-groz.de\/en\/wp-json\/wp\/v2\/media?parent=8624"}],"curies":[{"name":"wp","href":"https:\/\/api.w.org\/{rel}","templated":true}]}}