{"id":8561,"date":"2019-02-19T12:57:12","date_gmt":"2019-02-19T12:57:12","guid":{"rendered":"http:\/\/kraeuter-groz.de\/?page_id=8561"},"modified":"2025-02-11T10:47:03","modified_gmt":"2025-02-11T09:47:03","slug":"verpackungs-material","status":"publish","type":"page","link":"https:\/\/kraeuter-groz.de\/en\/verpackungs-material\/","title":{"rendered":"Packaging materials"},"content":{"rendered":"<div data-row-brightness=\"light\" class=\"vc_row wpb_row vc_row-fluid p_search rella-row-shadowbox-69ea592cc0fe0\" style=\"\"><div class=\"wpb_column vc_column_container vc_col-sm-8\" ><div class=\"vc_column-inner\"  style=\"\"><div class=\"wpb_wrapper\"><div  class=\"vc_wp_search wpb_content_element\"><div class=\"widget widget_search\"><form role=\"search\" method=\"get\" class=\"search-form\" action=\"https:\/\/kraeuter-groz.de\/en\/\" data-trp-original-action=\"https:\/\/kraeuter-groz.de\/en\/\">\n\t\t\t\t<label>\n\t\t\t\t\t<span class=\"screen-reader-text\">Search for:<\/span>\n\t\t\t\t\t<input type=\"search\" class=\"search-field\" placeholder=\"Search &hellip;\" value=\"\" name=\"s\" \/>\n\t\t\t\t<\/label>\n\t\t\t\t<input type=\"submit\" class=\"search-submit\" value=\"Search\" \/>\n\t\t\t<input type=\"hidden\" name=\"trp-form-language\" value=\"en\"\/><\/form><\/div><\/div><\/div><\/div><\/div><div class=\"wpb_column vc_column_container vc_col-sm-4\" ><div class=\"vc_column-inner\"  style=\"\"><div class=\"wpb_wrapper\"><\/div><\/div><\/div><script type=\"text\/javascript\">(function($) {$(\"head\").append(\"<style>.rella-row-shadowbox-69ea592cc0fe0{-webkit-box-shadow:;-moz-box-shadow:;box-shadow:;}<\/style>\");})(jQuery);<\/script><\/div><div data-row-brightness=\"light\" class=\"vc_row wpb_row vc_row-fluid img_set rella-row-shadowbox-69ea592cc1ae1\" style=\"\"><div class=\"wpb_column vc_column_container vc_col-sm-12\" ><div class=\"vc_column-inner\"  style=\"\"><div class=\"wpb_wrapper\"><div class=\"vc_row wpb_row vc_inner vc_row-fluid kr_row vc_custom_1563367935649 vc_row-o-equal-height vc_row-o-content-top vc_row-flex\" style=\"background-attachment:;\"><div class=\"wpb_column vc_column_container vc_col-sm-6\" ><div class=\"vc_column-inner\" style=\"\"><div class=\"wpb_wrapper\"><div class=\"wpb_gallery wpb_content_element vc_clearfix\" ><div class=\"wpb_wrapper\"><h2 class=\"wpb_heading wpb_gallery_heading\">Packagings<\/h2><div class=\"wpb_gallery_slides wpb_flexslider flexslider_fade flexslider\" data-interval=\"0\" data-flex_fx=\"fade\"><ul class=\"slides\"><li><a class=\"prettyphoto\" href=\"https:\/\/kraeuter-groz.de\/wp-content\/uploads\/2019\/10\/Nr.-1003.jpg\" data-rel=\"prettyPhoto[rel-8561-1823333706]\"><img width=\"900\" height=\"600\" src=\"https:\/\/kraeuter-groz.de\/wp-content\/uploads\/2019\/10\/Nr.-1003-30x20.jpg\" class=\"attachment-full progressive__img progressive--not-loaded\" alt=\"Kr\u00e4utertee Doypacks\" loading=\"lazy\" srcset=\"\" sizes=\"(max-width: 900px) 100vw, 900px\" data-progressive=\"https:\/\/kraeuter-groz.de\/wp-content\/uploads\/2019\/10\/Nr.-1003.jpg\" \/><\/a><\/li><li><a class=\"prettyphoto\" href=\"https:\/\/kraeuter-groz.de\/wp-content\/uploads\/2019\/03\/0014-3-Dosen-e1553667336338-1024x509.jpg\" data-rel=\"prettyPhoto[rel-8561-1823333706]\"><img width=\"2917\" height=\"1451\" src=\"https:\/\/kraeuter-groz.de\/wp-content\/uploads\/2019\/03\/0014-3-Dosen-e1553667336338-30x15.jpg\" class=\"attachment-full progressive__img progressive--not-loaded\" alt=\"Blechdosen rund\" loading=\"lazy\" srcset=\"\" sizes=\"(max-width: 2917px) 100vw, 2917px\" data-progressive=\"https:\/\/kraeuter-groz.de\/wp-content\/uploads\/2019\/03\/0014-3-Dosen-e1553667336338.jpg\" \/><\/a><\/li><\/ul><\/div><\/div><\/div><\/div><\/div><\/div><div class=\"wpb_column vc_column_container vc_col-sm-6\" ><div class=\"vc_column-inner\" style=\"\"><div class=\"wpb_wrapper\"><h2 style=\"color: #000000;text-align: left\" class=\"vc_custom_heading\"  ><a href=\"https:\/\/kraeuter-groz.de\/wp-content\/uploads\/2020\/04\/25-Verpackungen.pdf\" target=\" _blank\">Packagings<\/a><\/h2>\n\t<div class=\"wpb_text_column wpb_content_element  vc_custom_1558954760346\">\n\t\t<div class=\"wpb_wrapper\">\n\t\t\t<p>The decision for a specific packaging nowadays serves more the ever as quick and easy, rememberable, sustainable indetification of a product on the market. We support you in distinguishing yourself from competing products.<\/p>\n<p><strong>We deliver to you:<\/strong><\/p>\n<ul>\n<li>Various block bottom bags<\/li>\n<li>Stand-up pouches (Doypcks)<\/li>\n<li>Folding box<\/li>\n<li>Cardboard cans<\/li>\n<li>Glass jar<\/li>\n<li>Tin cans<\/li>\n<li>Commercial kitchens tea bags<\/li>\n<li>Sachet<\/li>\n<\/ul>\n<p>Tin cans from 2000 pieces individually printable per variety!<\/p>\n\n\t\t<\/div>\n\t<\/div>\n<style>.ra_button_69ea592cde78a{border-color:!important;}<\/style><a href=\"https:\/\/kraeuter-groz.de\/wp-content\/uploads\/2025\/02\/300-Verpackungsmaterial-03.02.2025-.pdf\" target=\"_blank\" class=\"btn btn-default border-thin ra_button_69ea592cde78a\" >\n\t\t\t\t<span>\n\tRead More\t<\/span>\n<\/a>\n<\/div><\/div><\/div><\/div><div class=\"vc_row wpb_row vc_inner vc_row-fluid kr_row vc_custom_1563367945529 vc_row-o-equal-height vc_row-o-content-top vc_row-flex\" style=\"background-attachment:;\"><div class=\"wpb_column vc_column_container vc_col-sm-6\" ><div class=\"vc_column-inner\" style=\"\"><div class=\"wpb_wrapper\"><div class=\"wpb_gallery wpb_content_element vc_clearfix\" ><div class=\"wpb_wrapper\"><h2 class=\"wpb_heading wpb_gallery_heading\">Labeling<\/h2><div class=\"wpb_gallery_slides wpb_flexslider flexslider_fade flexslider\" data-interval=\"0\" data-flex_fx=\"fade\"><ul class=\"slides\"><li><a class=\"prettyphoto\" href=\"https:\/\/kraeuter-groz.de\/wp-content\/uploads\/2019\/10\/Nr.-1004.jpg\" data-rel=\"prettyPhoto[rel-8561-1555329910]\"><img width=\"750\" height=\"500\" src=\"https:\/\/kraeuter-groz.de\/wp-content\/uploads\/2019\/10\/Nr.-1004-30x20.jpg\" class=\"attachment-full progressive__img progressive--not-loaded\" alt=\"Ayurvedische Teemischungen\" loading=\"lazy\" srcset=\"\" sizes=\"(max-width: 750px) 100vw, 750px\" data-progressive=\"https:\/\/kraeuter-groz.de\/wp-content\/uploads\/2019\/10\/Nr.-1004.jpg\" \/><\/a><\/li><li><a class=\"prettyphoto\" href=\"https:\/\/kraeuter-groz.de\/wp-content\/uploads\/2019\/10\/Nr.-1005-1024x683.jpg\" data-rel=\"prettyPhoto[rel-8561-1555329910]\"><img width=\"1050\" height=\"700\" src=\"https:\/\/kraeuter-groz.de\/wp-content\/uploads\/2019\/10\/Nr.-1005-30x20.jpg\" class=\"attachment-full progressive__img progressive--not-loaded\" alt=\"Fr\u00fcchtetee in verschiedenen Verpackungen\" loading=\"lazy\" srcset=\"\" sizes=\"(max-width: 1050px) 100vw, 1050px\" data-progressive=\"https:\/\/kraeuter-groz.de\/wp-content\/uploads\/2019\/10\/Nr.-1005.jpg\" \/><\/a><\/li><li><a class=\"prettyphoto\" href=\"https:\/\/kraeuter-groz.de\/wp-content\/uploads\/2019\/03\/0050-Teet\u00fcten-Etikettt-1-1024x576.jpg\" data-rel=\"prettyPhoto[rel-8561-1555329910]\"><img width=\"5392\" height=\"3033\" src=\"https:\/\/kraeuter-groz.de\/wp-content\/uploads\/2019\/03\/0050-Teet\u00fcten-Etikettt-1-30x17.jpg\" class=\"attachment-full progressive__img progressive--not-loaded\" alt=\"Etikett f\u00fcr Teet\u00fcten\" loading=\"lazy\" srcset=\"\" sizes=\"(max-width: 5392px) 100vw, 5392px\" data-progressive=\"https:\/\/kraeuter-groz.de\/wp-content\/uploads\/2019\/03\/0050-Teet\u00fcten-Etikettt-1.jpg\" \/><\/a><\/li><\/ul><\/div><\/div><\/div><\/div><\/div><\/div><div class=\"wpb_column vc_column_container vc_col-sm-6\" ><div class=\"vc_column-inner\" style=\"\"><div class=\"wpb_wrapper\"><h2 style=\"color: #000000;text-align: left\" class=\"vc_custom_heading\"  ><a href=\"https:\/\/kraeuter-groz.de\/en\/etiketten-service\/\" title=\"Label-Service\">Labeling<\/a><\/h2>\n\t<div class=\"wpb_text_column wpb_content_element  vc_custom_1553504425568\">\n\t\t<div class=\"wpb_wrapper\">\n\t\t\t<p>Labels and packaging usually convey the first impression and the purchasing decision.<\/p>\n<p><strong>We deliver prepackages:<\/strong><\/p>\n<ul>\n<li>with herb Groz label<\/li>\n<li>with free company impression<\/li>\n<li>on request with private label<\/li>\n<\/ul>\n\n\t\t<\/div>\n\t<\/div>\n<style>.ra_button_69ea592d1840e{border-color:!important;}<\/style><a href=\"https:\/\/kraeuter-groz.de\/en\/etiketten-service\/\" title=\"Label-Service\" class=\"btn btn-default border-thin ra_button_69ea592d1840e\" >\n\t\t\t\t<span>\n\tRead More\t<\/span>\n<\/a>\n<\/div><\/div><\/div><\/div><\/div><\/div><\/div><script type=\"text\/javascript\">(function($) {$(\"head\").append(\"<style>.rella-row-shadowbox-69ea592cc1ae1{-webkit-box-shadow:;-moz-box-shadow:;box-shadow:;}<\/style>\");})(jQuery);<\/script><\/div>","protected":false},"excerpt":{"rendered":"Search for: (function($) {$(\"head\").append(\".rella-row-shadowbox-69ea592d18b8b{-webkit-box-shadow:;-moz-box-shadow:;box-shadow:;}\");})(jQuery);VerpackungenVerpackungen Die Entscheidung f\u00fcr eine bestimmte Verpackung dient heutzutage mehr den je der m\u00f6glichst schnellen und einfachen, erinnerbaren, nachhaltigen Indetifikation eines Produktes auf dem Markt. Wir unterst\u00fctzen Sie dabei, dass Sie sich von Konkurrenzprodukten abgrenzen k\u00f6nnen. Wir liefern Ihnen: Verschiedenste Blockbodenbeutel Standbodenbeutel (Doypcks) Faltschachtel Pappwickeldosen Gl\u00e4ser Blechdosen Gro\u00dfk\u00fcchen Teebeutel Sachet Blechddosen ab [...]","protected":false},"author":3,"featured_media":0,"parent":0,"menu_order":0,"comment_status":"closed","ping_status":"closed","template":"","meta":[],"yoast_head":"<!-- This site is optimized with the Yoast SEO plugin v19.6 - https:\/\/yoast.com\/wordpress\/plugins\/seo\/ -->\n<title>Verpackungsmaterial und Etiketten<\/title>\n<meta name=\"description\" content=\"Verschiedenste Verpackungen mit auf Wunsch individuellen Etiketten. Blockbodenbeutel, Doypacks, Faltschachteln, Gl\u00e4ser, Dosen, Sachets.\" \/>\n<meta name=\"robots\" content=\"index, follow, max-snippet:-1, max-image-preview:large, max-video-preview:-1\" \/>\n<link rel=\"canonical\" href=\"https:\/\/kraeuter-groz.de\/en\/verpackungs-material\/\" \/>\n<meta property=\"og:locale\" content=\"en_GB\" \/>\n<meta property=\"og:type\" content=\"article\" \/>\n<meta property=\"og:title\" content=\"Verpackungsmaterial und Etiketten\" \/>\n<meta property=\"og:description\" content=\"Verschiedenste Verpackungen mit auf Wunsch individuellen Etiketten. Blockbodenbeutel, Doypacks, Faltschachteln, Gl\u00e4ser, Dosen, Sachets.\" \/>\n<meta property=\"og:url\" content=\"https:\/\/kraeuter-groz.de\/en\/verpackungs-material\/\" \/>\n<meta property=\"og:site_name\" content=\"Kraeutergroz\" \/>\n<meta property=\"article:modified_time\" content=\"2025-02-11T09:47:03+00:00\" \/>\n<meta name=\"twitter:card\" content=\"summary_large_image\" \/>\n<meta name=\"twitter:label1\" content=\"Estimated reading time\" \/>\n\t<meta name=\"twitter:data1\" content=\"2 minutes\" \/>\n<script type=\"application\/ld+json\" class=\"yoast-schema-graph\">{\"@context\":\"https:\/\/schema.org\",\"@graph\":[{\"@type\":\"WebPage\",\"@id\":\"https:\/\/kraeuter-groz.de\/verpackungs-material\/\",\"url\":\"https:\/\/kraeuter-groz.de\/verpackungs-material\/\",\"name\":\"Verpackungsmaterial und Etiketten\",\"isPartOf\":{\"@id\":\"https:\/\/kraeuter-groz.de\/#website\"},\"datePublished\":\"2019-02-19T12:57:12+00:00\",\"dateModified\":\"2025-02-11T09:47:03+00:00\",\"description\":\"Verschiedenste Verpackungen mit auf Wunsch individuellen Etiketten. Blockbodenbeutel, Doypacks, Faltschachteln, Gl\u00e4ser, Dosen, Sachets.\",\"breadcrumb\":{\"@id\":\"https:\/\/kraeuter-groz.de\/verpackungs-material\/#breadcrumb\"},\"inLanguage\":\"en-GB\",\"potentialAction\":[{\"@type\":\"ReadAction\",\"target\":[\"https:\/\/kraeuter-groz.de\/verpackungs-material\/\"]}]},{\"@type\":\"BreadcrumbList\",\"@id\":\"https:\/\/kraeuter-groz.de\/verpackungs-material\/#breadcrumb\",\"itemListElement\":[{\"@type\":\"ListItem\",\"position\":1,\"name\":\"Startseite\",\"item\":\"https:\/\/kraeuter-groz.de\/\"},{\"@type\":\"ListItem\",\"position\":2,\"name\":\"Verpackungsmaterial\"}]},{\"@type\":\"WebSite\",\"@id\":\"https:\/\/kraeuter-groz.de\/#website\",\"url\":\"https:\/\/kraeuter-groz.de\/\",\"name\":\"Kraeutergroz\",\"description\":\"\",\"publisher\":{\"@id\":\"https:\/\/kraeuter-groz.de\/#organization\"},\"potentialAction\":[{\"@type\":\"SearchAction\",\"target\":{\"@type\":\"EntryPoint\",\"urlTemplate\":\"https:\/\/kraeuter-groz.de\/?s={search_term_string}\"},\"query-input\":\"required name=search_term_string\"}],\"inLanguage\":\"en-GB\"},{\"@type\":\"Organization\",\"@id\":\"https:\/\/kraeuter-groz.de\/#organization\",\"name\":\"Daniel Groz Soehne GmbH & Co. KG\",\"url\":\"https:\/\/kraeuter-groz.de\/\",\"sameAs\":[],\"logo\":{\"@type\":\"ImageObject\",\"inLanguage\":\"en-GB\",\"@id\":\"https:\/\/kraeuter-groz.de\/#\/schema\/logo\/image\/\",\"url\":\"https:\/\/kraeuter-groz.de\/wp-content\/uploads\/2019\/02\/logo.png\",\"contentUrl\":\"https:\/\/kraeuter-groz.de\/wp-content\/uploads\/2019\/02\/logo.png\",\"width\":1451,\"height\":1208,\"caption\":\"Daniel Groz Soehne GmbH & Co. KG\"},\"image\":{\"@id\":\"https:\/\/kraeuter-groz.de\/#\/schema\/logo\/image\/\"}}]}<\/script>\n<!-- \/ Yoast SEO plugin. -->","yoast_head_json":{"title":"Verpackungsmaterial und Etiketten","description":"Verschiedenste Verpackungen mit auf Wunsch individuellen Etiketten. Blockbodenbeutel, Doypacks, Faltschachteln, Gl\u00e4ser, Dosen, Sachets.","robots":{"index":"index","follow":"follow","max-snippet":"max-snippet:-1","max-image-preview":"max-image-preview:large","max-video-preview":"max-video-preview:-1"},"canonical":"https:\/\/kraeuter-groz.de\/en\/verpackungs-material\/","og_locale":"en_GB","og_type":"article","og_title":"Verpackungsmaterial und Etiketten","og_description":"Verschiedenste Verpackungen mit auf Wunsch individuellen Etiketten. Blockbodenbeutel, Doypacks, Faltschachteln, Gl\u00e4ser, Dosen, Sachets.","og_url":"https:\/\/kraeuter-groz.de\/en\/verpackungs-material\/","og_site_name":"Kraeutergroz","article_modified_time":"2025-02-11T09:47:03+00:00","twitter_card":"summary_large_image","twitter_misc":{"Estimated reading time":"2 minutes"},"schema":{"@context":"https:\/\/schema.org","@graph":[{"@type":"WebPage","@id":"https:\/\/kraeuter-groz.de\/verpackungs-material\/","url":"https:\/\/kraeuter-groz.de\/verpackungs-material\/","name":"Verpackungsmaterial und Etiketten","isPartOf":{"@id":"https:\/\/kraeuter-groz.de\/#website"},"datePublished":"2019-02-19T12:57:12+00:00","dateModified":"2025-02-11T09:47:03+00:00","description":"Verschiedenste Verpackungen mit auf Wunsch individuellen Etiketten. Blockbodenbeutel, Doypacks, Faltschachteln, Gl\u00e4ser, Dosen, Sachets.","breadcrumb":{"@id":"https:\/\/kraeuter-groz.de\/verpackungs-material\/#breadcrumb"},"inLanguage":"en-GB","potentialAction":[{"@type":"ReadAction","target":["https:\/\/kraeuter-groz.de\/verpackungs-material\/"]}]},{"@type":"BreadcrumbList","@id":"https:\/\/kraeuter-groz.de\/verpackungs-material\/#breadcrumb","itemListElement":[{"@type":"ListItem","position":1,"name":"Startseite","item":"https:\/\/kraeuter-groz.de\/"},{"@type":"ListItem","position":2,"name":"Verpackungsmaterial"}]},{"@type":"WebSite","@id":"https:\/\/kraeuter-groz.de\/#website","url":"https:\/\/kraeuter-groz.de\/","name":"Kraeutergroz","description":"","publisher":{"@id":"https:\/\/kraeuter-groz.de\/#organization"},"potentialAction":[{"@type":"SearchAction","target":{"@type":"EntryPoint","urlTemplate":"https:\/\/kraeuter-groz.de\/?s={search_term_string}"},"query-input":"required name=search_term_string"}],"inLanguage":"en-GB"},{"@type":"Organization","@id":"https:\/\/kraeuter-groz.de\/#organization","name":"Daniel Groz Soehne GmbH & Co. KG","url":"https:\/\/kraeuter-groz.de\/","sameAs":[],"logo":{"@type":"ImageObject","inLanguage":"en-GB","@id":"https:\/\/kraeuter-groz.de\/#\/schema\/logo\/image\/","url":"https:\/\/kraeuter-groz.de\/wp-content\/uploads\/2019\/02\/logo.png","contentUrl":"https:\/\/kraeuter-groz.de\/wp-content\/uploads\/2019\/02\/logo.png","width":1451,"height":1208,"caption":"Daniel Groz Soehne GmbH & Co. KG"},"image":{"@id":"https:\/\/kraeuter-groz.de\/#\/schema\/logo\/image\/"}}]}},"_links":{"self":[{"href":"https:\/\/kraeuter-groz.de\/en\/wp-json\/wp\/v2\/pages\/8561"}],"collection":[{"href":"https:\/\/kraeuter-groz.de\/en\/wp-json\/wp\/v2\/pages"}],"about":[{"href":"https:\/\/kraeuter-groz.de\/en\/wp-json\/wp\/v2\/types\/page"}],"author":[{"embeddable":true,"href":"https:\/\/kraeuter-groz.de\/en\/wp-json\/wp\/v2\/users\/3"}],"replies":[{"embeddable":true,"href":"https:\/\/kraeuter-groz.de\/en\/wp-json\/wp\/v2\/comments?post=8561"}],"version-history":[{"count":14,"href":"https:\/\/kraeuter-groz.de\/en\/wp-json\/wp\/v2\/pages\/8561\/revisions"}],"predecessor-version":[{"id":10668,"href":"https:\/\/kraeuter-groz.de\/en\/wp-json\/wp\/v2\/pages\/8561\/revisions\/10668"}],"wp:attachment":[{"href":"https:\/\/kraeuter-groz.de\/en\/wp-json\/wp\/v2\/media?parent=8561"}],"curies":[{"name":"wp","href":"https:\/\/api.w.org\/{rel}","templated":true}]}}