{"id":8559,"date":"2019-02-19T12:56:57","date_gmt":"2019-02-19T12:56:57","guid":{"rendered":"http:\/\/kraeuter-groz.de\/?page_id=8559"},"modified":"2025-03-10T14:01:17","modified_gmt":"2025-03-10T13:01:17","slug":"spezialitaten","status":"publish","type":"page","link":"https:\/\/kraeuter-groz.de\/en\/spezialitaten\/","title":{"rendered":"Specialties"},"content":{"rendered":"<div data-row-brightness=\"light\" class=\"vc_row wpb_row vc_row-fluid p_search rella-row-shadowbox-69ea433a54b44\" style=\"\"><div class=\"wpb_column vc_column_container vc_col-sm-8\" ><div class=\"vc_column-inner\"  style=\"\"><div class=\"wpb_wrapper\"><div  class=\"vc_wp_search wpb_content_element\"><div class=\"widget widget_search\"><form role=\"search\" method=\"get\" class=\"search-form\" action=\"https:\/\/kraeuter-groz.de\/en\/\" data-trp-original-action=\"https:\/\/kraeuter-groz.de\/en\/\">\n\t\t\t\t<label>\n\t\t\t\t\t<span class=\"screen-reader-text\">Search for:<\/span>\n\t\t\t\t\t<input type=\"search\" class=\"search-field\" placeholder=\"Search &hellip;\" value=\"\" name=\"s\" \/>\n\t\t\t\t<\/label>\n\t\t\t\t<input type=\"submit\" class=\"search-submit\" value=\"Search\" \/>\n\t\t\t<input type=\"hidden\" name=\"trp-form-language\" value=\"en\"\/><\/form><\/div><\/div><\/div><\/div><\/div><div class=\"wpb_column vc_column_container vc_col-sm-4\" ><div class=\"vc_column-inner\"  style=\"\"><div class=\"wpb_wrapper\"><\/div><\/div><\/div><script type=\"text\/javascript\">(function($) {$(\"head\").append(\"<style>.rella-row-shadowbox-69ea433a54b44{-webkit-box-shadow:;-moz-box-shadow:;box-shadow:;}<\/style>\");})(jQuery);<\/script><\/div><div data-row-brightness=\"light\" class=\"vc_row wpb_row vc_row-fluid img_set rella-row-shadowbox-69ea433a5551b\" style=\"\"><div class=\"wpb_column vc_column_container vc_col-sm-12\" ><div class=\"vc_column-inner\"  style=\"\"><div class=\"wpb_wrapper\"><div class=\"vc_row wpb_row vc_inner vc_row-fluid kr_row vc_custom_1563367957975 vc_row-o-equal-height vc_row-o-content-top vc_row-flex\" style=\"background-attachment:;\"><div class=\"wpb_column vc_column_container vc_col-sm-6\" ><div class=\"vc_column-inner\" style=\"\"><div class=\"wpb_wrapper\"><div class=\"wpb_gallery wpb_content_element vc_clearfix\" ><div class=\"wpb_wrapper\"><h2 class=\"wpb_heading wpb_gallery_heading\">Exclusive gift ideas<\/h2><div class=\"wpb_gallery_slides wpb_flexslider flexslider_fade flexslider\" data-interval=\"0\" data-flex_fx=\"fade\"><ul class=\"slides\"><li><a class=\"prettyphoto\" href=\"https:\/\/kraeuter-groz.de\/wp-content\/uploads\/2019\/03\/7.jpg\" data-rel=\"prettyPhoto[rel-8559-2010150392]\"><img width=\"550\" height=\"400\" src=\"https:\/\/kraeuter-groz.de\/wp-content\/uploads\/2019\/03\/7-30x22.jpg\" class=\"attachment-full progressive__img progressive--not-loaded\" alt=\"Pr\u00e4sentideen\" loading=\"lazy\" srcset=\"\" sizes=\"(max-width: 550px) 100vw, 550px\" data-progressive=\"https:\/\/kraeuter-groz.de\/wp-content\/uploads\/2019\/03\/7.jpg\" \/><\/a><\/li><\/ul><\/div><\/div><\/div><\/div><\/div><\/div><div class=\"wpb_column vc_column_container vc_col-sm-6\" ><div class=\"vc_column-inner\" style=\"\"><div class=\"wpb_wrapper\"><h2 style=\"color: #000000;text-align: left\" class=\"vc_custom_heading\"  ><a href=\"#\">Exclusive gift ideas<\/a><\/h2>\n\t<div class=\"wpb_text_column wpb_content_element  vc_custom_1552455113263\">\n\t\t<div class=\"wpb_wrapper\">\n\t\t\t<p>Individually put together according to your wishes.<\/p>\n\n\t\t<\/div>\n\t<\/div>\n<style>.ra_button_69ea433a646b0{border-color:!important;}<\/style><a href=\"https:\/\/kraeuter-groz.de\/en\/werbemittel-konfigurieren\/\" title=\"Advertising configurator\" class=\"btn btn-default border-thin ra_button_69ea433a646b0\" >\n\t\t\t\t<span>\n\tRead More\t<\/span>\n<\/a>\n<\/div><\/div><\/div><\/div><div class=\"vc_row wpb_row vc_inner vc_row-fluid kr_row vc_custom_1563367965236 vc_row-o-equal-height vc_row-o-content-top vc_row-flex\" style=\"background-attachment:;\"><div class=\"wpb_column vc_column_container vc_col-sm-6\" ><div class=\"vc_column-inner\" style=\"\"><div class=\"wpb_wrapper\"><div class=\"wpb_gallery wpb_content_element vc_clearfix\" ><div class=\"wpb_wrapper\"><h2 class=\"wpb_heading wpb_gallery_heading\">Delicious sweets<\/h2><div class=\"wpb_gallery_slides wpb_flexslider flexslider_fade flexslider\" data-interval=\"0\" data-flex_fx=\"fade\"><ul class=\"slides\"><li><a class=\"prettyphoto\" href=\"https:\/\/kraeuter-groz.de\/wp-content\/uploads\/2019\/03\/19.jpg\" data-rel=\"prettyPhoto[rel-8559-24681597]\"><img width=\"550\" height=\"400\" src=\"https:\/\/kraeuter-groz.de\/wp-content\/uploads\/2019\/03\/19-30x22.jpg\" class=\"attachment-full progressive__img progressive--not-loaded\" alt=\"Spezialit\u00e4ten N\u00fcsse und Fr\u00fcchte\" loading=\"lazy\" srcset=\"\" sizes=\"(max-width: 550px) 100vw, 550px\" data-progressive=\"https:\/\/kraeuter-groz.de\/wp-content\/uploads\/2019\/03\/19.jpg\" \/><\/a><\/li><\/ul><\/div><\/div><\/div><\/div><\/div><\/div><div class=\"wpb_column vc_column_container vc_col-sm-6\" ><div class=\"vc_column-inner\" style=\"\"><div class=\"wpb_wrapper\"><h2 style=\"color: #000000;text-align: left\" class=\"vc_custom_heading\"  ><a href=\"https:\/\/kraeuter-groz.de\/wp-content\/uploads\/2020\/02\/S\u00fc\u00dfe-Naschereien.pdf\" target=\" _blank\">Delicious sweets<\/a><\/h2>\n\t<div class=\"wpb_text_column wpb_content_element  vc_custom_1552455670278\">\n\t\t<div class=\"wpb_wrapper\">\n\t\t\t<p>You should definitely try these delicious things.<br \/>\nYou will be enthusiastic!<\/p>\n\n\t\t<\/div>\n\t<\/div>\n<style>.ra_button_69ea433a726ca{border-color:!important;}<\/style><a href=\"https:\/\/kraeuter-groz.de\/wp-content\/uploads\/2025\/02\/190-Suesse-Naschereien-03.02.2025-.pdf\" target=\"_blank\" class=\"btn btn-default border-thin ra_button_69ea433a726ca\" >\n\t\t\t\t<span>\n\tRead More\t<\/span>\n<\/a>\n<\/div><\/div><\/div><\/div><div class=\"vc_row wpb_row vc_inner vc_row-fluid kr_row vc_custom_1563367974506 vc_row-o-equal-height vc_row-o-content-top vc_row-flex\" style=\"background-attachment:;\"><div class=\"wpb_column vc_column_container vc_col-sm-6\" ><div class=\"vc_column-inner\" style=\"\"><div class=\"wpb_wrapper\"><div class=\"wpb_gallery wpb_content_element vc_clearfix\" ><div class=\"wpb_wrapper\"><h2 class=\"wpb_heading wpb_gallery_heading\">Nuts \/ dried fruit<\/h2><div class=\"wpb_gallery_slides wpb_flexslider flexslider_fade flexslider\" data-interval=\"0\" data-flex_fx=\"fade\"><ul class=\"slides\"><li><a class=\"prettyphoto\" href=\"https:\/\/kraeuter-groz.de\/wp-content\/uploads\/2019\/03\/20.jpg\" data-rel=\"prettyPhoto[rel-8559-343842078]\"><img width=\"550\" height=\"400\" src=\"https:\/\/kraeuter-groz.de\/wp-content\/uploads\/2019\/03\/20-30x22.jpg\" class=\"attachment-full progressive__img progressive--not-loaded\" alt=\"Trockenfr\u00fcchte Spezialit\u00e4ten\" loading=\"lazy\" srcset=\"\" sizes=\"(max-width: 550px) 100vw, 550px\" data-progressive=\"https:\/\/kraeuter-groz.de\/wp-content\/uploads\/2019\/03\/20.jpg\" \/><\/a><\/li><\/ul><\/div><\/div><\/div><\/div><\/div><\/div><div class=\"wpb_column vc_column_container vc_col-sm-6\" ><div class=\"vc_column-inner\" style=\"\"><div class=\"wpb_wrapper\"><h2 style=\"color: #000000;text-align: left\" class=\"vc_custom_heading\"  ><a href=\"https:\/\/kraeuter-groz.de\/wp-content\/uploads\/2020\/02\/Trockenfr\u00fcchte-und-N\u00fcsse.pdf\" target=\" _blank\">Nuts \/ dried fruit<\/a><\/h2>\n\t<div class=\"wpb_text_column wpb_content_element  vc_custom_1571403619810\">\n\t\t<div class=\"wpb_wrapper\">\n\t\t\t<p><strong>Did you know,<\/strong><br \/>\nthat dry fruits contain a lot of vitamins, ballast and minerals in concentrated form, but hardly any fat?<\/p>\n<p>In contrast to sweets, natural fruit sugar does not get into the blood so quickly in dried fruits. And, the metabolism is less stressed - so the feeling of satiety lasts longer!<\/p>\n<p><strong>Dried fruits are ideal for work, traveling, sport and play. And so healthy &amp; delicious!<\/strong><\/p>\n<p>Nuts have high nutritional value, contain vital vitamins, minerals and phytochemicals.<\/p>\n\n\t\t<\/div>\n\t<\/div>\n<style>.ra_button_69ea433a80652{border-color:!important;}<\/style><a href=\"https:\/\/kraeuter-groz.de\/wp-content\/uploads\/2025\/02\/180-Trockenfruechte-und-Nuesse-03.02.2025-.pdf\" target=\"_blank\" class=\"btn btn-default border-thin ra_button_69ea433a80652\" >\n\t\t\t\t<span>\n\tRead More\t<\/span>\n<\/a>\n<\/div><\/div><\/div><\/div><div class=\"vc_row wpb_row vc_inner vc_row-fluid\" style=\"background-attachment:;\"><div class=\"wpb_column vc_column_container vc_col-sm-6\" ><div class=\"vc_column-inner\" style=\"\"><div class=\"wpb_wrapper\"><div class=\"wpb_gallery wpb_content_element vc_clearfix\" ><div class=\"wpb_wrapper\"><h2 class=\"wpb_heading wpb_gallery_heading\">Dry vegetables<\/h2><div class=\"wpb_gallery_slides wpb_flexslider flexslider_fade flexslider\" data-interval=\"0\" data-flex_fx=\"fade\"><ul class=\"slides\"><li><a class=\"prettyphoto\" href=\"https:\/\/kraeuter-groz.de\/wp-content\/uploads\/2019\/10\/Nr.-1014.klkl_-1024x685.jpg\" data-rel=\"prettyPhoto[rel-8559-1994937450]\"><img width=\"1046\" height=\"700\" src=\"https:\/\/kraeuter-groz.de\/wp-content\/uploads\/2019\/10\/Nr.-1014.klkl_-30x20.jpg\" class=\"attachment-full progressive__img progressive--not-loaded\" alt=\"Trockenfr\u00fcchte\" loading=\"lazy\" srcset=\"\" sizes=\"(max-width: 1046px) 100vw, 1046px\" data-progressive=\"https:\/\/kraeuter-groz.de\/wp-content\/uploads\/2019\/10\/Nr.-1014.klkl_.jpg\" \/><\/a><\/li><\/ul><\/div><\/div><\/div><\/div><\/div><\/div><div class=\"wpb_column vc_column_container vc_col-sm-6\" ><div class=\"vc_column-inner\" style=\"\"><div class=\"wpb_wrapper\"><h2 style=\"color: #000000;text-align: left\" class=\"vc_custom_heading\"  ><a href=\"https:\/\/kraeuter-groz.de\/wp-content\/uploads\/2020\/02\/Trockengem\u00fcse.pdf\">Dry vegetables<\/a><\/h2>\n\t<div class=\"wpb_text_column wpb_content_element  vc_custom_1571405163872\">\n\t\t<div class=\"wpb_wrapper\">\n\t\t\t<p>All dry vegetable products are available in various fineness and grind levels.<\/p>\n\n\t\t<\/div>\n\t<\/div>\n<div class=\"vc_empty_space\"   style=\"height: 25px\" ><span class=\"vc_empty_space_inner\"><\/span><\/div>\n<style>.ra_button_69ea433a8eeab{border-color:!important;}<\/style><a href=\"https:\/\/kraeuter-groz.de\/wp-content\/uploads\/2020\/02\/Trockengem\u00fcse.pdf\" target=\"_blank\" class=\"btn btn-default border-thin ra_button_69ea433a8eeab\" >\n\t\t\t\t<span>\n\tRead More\t<\/span>\n<\/a>\n<\/div><\/div><\/div><\/div><div class=\"vc_row wpb_row vc_inner vc_row-fluid kr_row vc_custom_1563367997896 vc_row-o-equal-height vc_row-o-content-top vc_row-flex\" style=\"background-attachment:;\"><div class=\"wpb_column vc_column_container vc_col-sm-6\" ><div class=\"vc_column-inner\" style=\"\"><div class=\"wpb_wrapper\"><div class=\"wpb_gallery wpb_content_element vc_clearfix\" ><div class=\"wpb_wrapper\"><h2 class=\"wpb_heading wpb_gallery_heading\">Sugar specialties<\/h2><div class=\"wpb_gallery_slides wpb_flexslider flexslider_fade flexslider\" data-interval=\"0\" data-flex_fx=\"fade\"><ul class=\"slides\"><li><a class=\"prettyphoto\" href=\"https:\/\/kraeuter-groz.de\/wp-content\/uploads\/2019\/03\/18.jpg\" data-rel=\"prettyPhoto[rel-8559-889907640]\"><img width=\"550\" height=\"400\" src=\"https:\/\/kraeuter-groz.de\/wp-content\/uploads\/2019\/03\/18-30x22.jpg\" class=\"attachment-full progressive__img progressive--not-loaded\" alt=\"Zucker Spezialit\u00e4ten\" loading=\"lazy\" srcset=\"\" sizes=\"(max-width: 550px) 100vw, 550px\" data-progressive=\"https:\/\/kraeuter-groz.de\/wp-content\/uploads\/2019\/03\/18.jpg\" \/><\/a><\/li><\/ul><\/div><\/div><\/div><\/div><\/div><\/div><div class=\"wpb_column vc_column_container vc_col-sm-6\" ><div class=\"vc_column-inner\" style=\"\"><div class=\"wpb_wrapper\"><h2 style=\"color: #000000;text-align: left\" class=\"vc_custom_heading\"  ><a href=\"http:\/\/kraeuter-groz.de\/wp-content\/uploads\/2021\/11\/21-Zucker-und-Honig-.pdf\" target=\" _blank\">Sugar specialties<\/a><\/h2>\n\t<div class=\"wpb_text_column wpb_content_element  vc_custom_1552455901661\">\n\t\t<div class=\"wpb_wrapper\">\n\t\t\t<p>Sugar sweet variety<\/p>\n\n\t\t<\/div>\n\t<\/div>\n<style>.ra_button_69ea433a9cebb{border-color:!important;}<\/style><a href=\"https:\/\/kraeuter-groz.de\/wp-content\/uploads\/2025\/03\/200-Zucker-Honig-Backzutaten-28.02.2025-.pdf\" target=\"_blank\" class=\"btn btn-default border-thin ra_button_69ea433a9cebb\" >\n\t\t\t\t<span>\n\tRead More\t<\/span>\n<\/a>\n<\/div><\/div><\/div><\/div><div class=\"vc_row wpb_row vc_inner vc_row-fluid kr_row vc_custom_1563368005025 vc_row-o-equal-height vc_row-o-content-top vc_row-flex\" style=\"background-attachment:;\"><div class=\"wpb_column vc_column_container vc_col-sm-6\" ><div class=\"vc_column-inner\" style=\"\"><div class=\"wpb_wrapper\"><div class=\"wpb_gallery wpb_content_element vc_clearfix\" ><div class=\"wpb_wrapper\"><h2 class=\"wpb_heading wpb_gallery_heading\">Other products<\/h2><div class=\"wpb_gallery_slides wpb_flexslider flexslider_fade flexslider\" data-interval=\"0\" data-flex_fx=\"fade\"><ul class=\"slides\"><li><a class=\"prettyphoto\" href=\"https:\/\/kraeuter-groz.de\/wp-content\/uploads\/2019\/10\/Nr.-1015.jpg\" data-rel=\"prettyPhoto[rel-8559-1644011844]\"><img width=\"686\" height=\"500\" src=\"https:\/\/kraeuter-groz.de\/wp-content\/uploads\/2019\/10\/Nr.-1015-30x22.jpg\" class=\"attachment-full progressive__img progressive--not-loaded\" alt=\"Salze\" loading=\"lazy\" srcset=\"\" sizes=\"(max-width: 686px) 100vw, 686px\" data-progressive=\"https:\/\/kraeuter-groz.de\/wp-content\/uploads\/2019\/10\/Nr.-1015.jpg\" \/><\/a><\/li><\/ul><\/div><\/div><\/div><\/div><\/div><\/div><div class=\"wpb_column vc_column_container vc_col-sm-6\" ><div class=\"vc_column-inner\" style=\"\"><div class=\"wpb_wrapper\"><h2 style=\"color: #000000;text-align: left\" class=\"vc_custom_heading\"  ><a href=\"https:\/\/kraeuter-groz.de\/wp-content\/uploads\/2020\/02\/Salz.pdf\">Other products<\/a><\/h2>\n\t<div class=\"wpb_text_column wpb_content_element  vc_custom_1552455993124\">\n\t\t<div class=\"wpb_wrapper\">\n\t\t\t<p>Salt, etc.<\/p>\n\n\t\t<\/div>\n\t<\/div>\n<style>.ra_button_69ea433aaafa9{border-color:!important;}<\/style><a href=\"https:\/\/kraeuter-groz.de\/wp-content\/uploads\/2025\/02\/120-Salz-03.02.2025-.pdf\" target=\"_blank\" class=\"btn btn-default border-thin ra_button_69ea433aaafa9\" >\n\t\t\t\t<span>\n\tRead More\t<\/span>\n<\/a>\n<\/div><\/div><\/div><\/div><\/div><\/div><\/div><script type=\"text\/javascript\">(function($) {$(\"head\").append(\"<style>.rella-row-shadowbox-69ea433a5551b{-webkit-box-shadow:;-moz-box-shadow:;box-shadow:;}<\/style>\");})(jQuery);<\/script><\/div>","protected":false},"excerpt":{"rendered":"Search for: (function($) {$(\"head\").append(\".rella-row-shadowbox-69ea433aab77b{-webkit-box-shadow:;-moz-box-shadow:;box-shadow:;}\");})(jQuery);Exklusive Pr\u00e4sentideenExklusive Pr\u00e4sentideen Individuell zusammengestellt nach Ihren W\u00fcnschen. .ra_button_69ea433ab9d02{border-color:!important;} MEHR K\u00f6stliche NaschereienK\u00f6stliche Naschereien Diese leckeren Sachen sollten Sie unbedingt probieren. Sie werden begeistert sein! .ra_button_69ea433ac7bde{border-color:!important;} MEHR N\u00fcsse \/ Trockenfr\u00fcchteN\u00fcsse \/ Trockfr\u00fcchte Wussten Sie, dass Trockenfr\u00fcchte sehr viele Vitamine, Ballast- und Mineralstoffe in konzentrierter Form enthalten, jedoch kaum Fett? Im Gegensatz zu S\u00fc\u00dfigkeiten [...]","protected":false},"author":3,"featured_media":0,"parent":0,"menu_order":0,"comment_status":"closed","ping_status":"closed","template":"","meta":[],"yoast_head":"<!-- This site is optimized with the Yoast SEO plugin v19.6 - https:\/\/yoast.com\/wordpress\/plugins\/seo\/ -->\n<title>Spezialit\u00e4ten<\/title>\n<meta name=\"description\" content=\"Exklusive individuelle Pr\u00e4sentideen, k\u00f6stliche Naschereien, N\u00fcsse &amp; Trockenfr\u00fcchte, Trockengem\u00fcse, Zuckerspezialit\u00e4ten, Salze und mehr.\" \/>\n<meta name=\"robots\" content=\"index, follow, max-snippet:-1, max-image-preview:large, max-video-preview:-1\" \/>\n<link rel=\"canonical\" href=\"https:\/\/kraeuter-groz.de\/en\/spezialitaten\/\" \/>\n<meta property=\"og:locale\" content=\"en_GB\" \/>\n<meta property=\"og:type\" content=\"article\" \/>\n<meta property=\"og:title\" content=\"Spezialit\u00e4ten\" \/>\n<meta property=\"og:description\" content=\"Exklusive individuelle Pr\u00e4sentideen, k\u00f6stliche Naschereien, N\u00fcsse &amp; Trockenfr\u00fcchte, Trockengem\u00fcse, Zuckerspezialit\u00e4ten, Salze und mehr.\" \/>\n<meta property=\"og:url\" content=\"https:\/\/kraeuter-groz.de\/en\/spezialitaten\/\" \/>\n<meta property=\"og:site_name\" content=\"Kraeutergroz\" \/>\n<meta property=\"article:modified_time\" content=\"2025-03-10T13:01:17+00:00\" \/>\n<meta name=\"twitter:card\" content=\"summary_large_image\" \/>\n<meta name=\"twitter:label1\" content=\"Estimated reading time\" \/>\n\t<meta name=\"twitter:data1\" content=\"2 minutes\" \/>\n<script type=\"application\/ld+json\" class=\"yoast-schema-graph\">{\"@context\":\"https:\/\/schema.org\",\"@graph\":[{\"@type\":\"WebPage\",\"@id\":\"https:\/\/kraeuter-groz.de\/spezialitaten\/\",\"url\":\"https:\/\/kraeuter-groz.de\/spezialitaten\/\",\"name\":\"Spezialit\u00e4ten\",\"isPartOf\":{\"@id\":\"https:\/\/kraeuter-groz.de\/#website\"},\"datePublished\":\"2019-02-19T12:56:57+00:00\",\"dateModified\":\"2025-03-10T13:01:17+00:00\",\"description\":\"Exklusive individuelle Pr\u00e4sentideen, k\u00f6stliche Naschereien, N\u00fcsse & Trockenfr\u00fcchte, Trockengem\u00fcse, Zuckerspezialit\u00e4ten, Salze und mehr.\",\"breadcrumb\":{\"@id\":\"https:\/\/kraeuter-groz.de\/spezialitaten\/#breadcrumb\"},\"inLanguage\":\"en-GB\",\"potentialAction\":[{\"@type\":\"ReadAction\",\"target\":[\"https:\/\/kraeuter-groz.de\/spezialitaten\/\"]}]},{\"@type\":\"BreadcrumbList\",\"@id\":\"https:\/\/kraeuter-groz.de\/spezialitaten\/#breadcrumb\",\"itemListElement\":[{\"@type\":\"ListItem\",\"position\":1,\"name\":\"Startseite\",\"item\":\"https:\/\/kraeuter-groz.de\/\"},{\"@type\":\"ListItem\",\"position\":2,\"name\":\"Spezialit\u00e4ten\"}]},{\"@type\":\"WebSite\",\"@id\":\"https:\/\/kraeuter-groz.de\/#website\",\"url\":\"https:\/\/kraeuter-groz.de\/\",\"name\":\"Kraeutergroz\",\"description\":\"\",\"publisher\":{\"@id\":\"https:\/\/kraeuter-groz.de\/#organization\"},\"potentialAction\":[{\"@type\":\"SearchAction\",\"target\":{\"@type\":\"EntryPoint\",\"urlTemplate\":\"https:\/\/kraeuter-groz.de\/?s={search_term_string}\"},\"query-input\":\"required name=search_term_string\"}],\"inLanguage\":\"en-GB\"},{\"@type\":\"Organization\",\"@id\":\"https:\/\/kraeuter-groz.de\/#organization\",\"name\":\"Daniel Groz Soehne GmbH & Co. KG\",\"url\":\"https:\/\/kraeuter-groz.de\/\",\"sameAs\":[],\"logo\":{\"@type\":\"ImageObject\",\"inLanguage\":\"en-GB\",\"@id\":\"https:\/\/kraeuter-groz.de\/#\/schema\/logo\/image\/\",\"url\":\"https:\/\/kraeuter-groz.de\/wp-content\/uploads\/2019\/02\/logo.png\",\"contentUrl\":\"https:\/\/kraeuter-groz.de\/wp-content\/uploads\/2019\/02\/logo.png\",\"width\":1451,\"height\":1208,\"caption\":\"Daniel Groz Soehne GmbH & Co. KG\"},\"image\":{\"@id\":\"https:\/\/kraeuter-groz.de\/#\/schema\/logo\/image\/\"}}]}<\/script>\n<!-- \/ Yoast SEO plugin. -->","yoast_head_json":{"title":"Spezialit\u00e4ten","description":"Exklusive individuelle Pr\u00e4sentideen, k\u00f6stliche Naschereien, N\u00fcsse & Trockenfr\u00fcchte, Trockengem\u00fcse, Zuckerspezialit\u00e4ten, Salze und mehr.","robots":{"index":"index","follow":"follow","max-snippet":"max-snippet:-1","max-image-preview":"max-image-preview:large","max-video-preview":"max-video-preview:-1"},"canonical":"https:\/\/kraeuter-groz.de\/en\/spezialitaten\/","og_locale":"en_GB","og_type":"article","og_title":"Spezialit\u00e4ten","og_description":"Exklusive individuelle Pr\u00e4sentideen, k\u00f6stliche Naschereien, N\u00fcsse & Trockenfr\u00fcchte, Trockengem\u00fcse, Zuckerspezialit\u00e4ten, Salze und mehr.","og_url":"https:\/\/kraeuter-groz.de\/en\/spezialitaten\/","og_site_name":"Kraeutergroz","article_modified_time":"2025-03-10T13:01:17+00:00","twitter_card":"summary_large_image","twitter_misc":{"Estimated reading time":"2 minutes"},"schema":{"@context":"https:\/\/schema.org","@graph":[{"@type":"WebPage","@id":"https:\/\/kraeuter-groz.de\/spezialitaten\/","url":"https:\/\/kraeuter-groz.de\/spezialitaten\/","name":"Spezialit\u00e4ten","isPartOf":{"@id":"https:\/\/kraeuter-groz.de\/#website"},"datePublished":"2019-02-19T12:56:57+00:00","dateModified":"2025-03-10T13:01:17+00:00","description":"Exklusive individuelle Pr\u00e4sentideen, k\u00f6stliche Naschereien, N\u00fcsse & Trockenfr\u00fcchte, Trockengem\u00fcse, Zuckerspezialit\u00e4ten, Salze und mehr.","breadcrumb":{"@id":"https:\/\/kraeuter-groz.de\/spezialitaten\/#breadcrumb"},"inLanguage":"en-GB","potentialAction":[{"@type":"ReadAction","target":["https:\/\/kraeuter-groz.de\/spezialitaten\/"]}]},{"@type":"BreadcrumbList","@id":"https:\/\/kraeuter-groz.de\/spezialitaten\/#breadcrumb","itemListElement":[{"@type":"ListItem","position":1,"name":"Startseite","item":"https:\/\/kraeuter-groz.de\/"},{"@type":"ListItem","position":2,"name":"Spezialit\u00e4ten"}]},{"@type":"WebSite","@id":"https:\/\/kraeuter-groz.de\/#website","url":"https:\/\/kraeuter-groz.de\/","name":"Kraeutergroz","description":"","publisher":{"@id":"https:\/\/kraeuter-groz.de\/#organization"},"potentialAction":[{"@type":"SearchAction","target":{"@type":"EntryPoint","urlTemplate":"https:\/\/kraeuter-groz.de\/?s={search_term_string}"},"query-input":"required name=search_term_string"}],"inLanguage":"en-GB"},{"@type":"Organization","@id":"https:\/\/kraeuter-groz.de\/#organization","name":"Daniel Groz Soehne GmbH & Co. KG","url":"https:\/\/kraeuter-groz.de\/","sameAs":[],"logo":{"@type":"ImageObject","inLanguage":"en-GB","@id":"https:\/\/kraeuter-groz.de\/#\/schema\/logo\/image\/","url":"https:\/\/kraeuter-groz.de\/wp-content\/uploads\/2019\/02\/logo.png","contentUrl":"https:\/\/kraeuter-groz.de\/wp-content\/uploads\/2019\/02\/logo.png","width":1451,"height":1208,"caption":"Daniel Groz Soehne GmbH & Co. KG"},"image":{"@id":"https:\/\/kraeuter-groz.de\/#\/schema\/logo\/image\/"}}]}},"_links":{"self":[{"href":"https:\/\/kraeuter-groz.de\/en\/wp-json\/wp\/v2\/pages\/8559"}],"collection":[{"href":"https:\/\/kraeuter-groz.de\/en\/wp-json\/wp\/v2\/pages"}],"about":[{"href":"https:\/\/kraeuter-groz.de\/en\/wp-json\/wp\/v2\/types\/page"}],"author":[{"embeddable":true,"href":"https:\/\/kraeuter-groz.de\/en\/wp-json\/wp\/v2\/users\/3"}],"replies":[{"embeddable":true,"href":"https:\/\/kraeuter-groz.de\/en\/wp-json\/wp\/v2\/comments?post=8559"}],"version-history":[{"count":22,"href":"https:\/\/kraeuter-groz.de\/en\/wp-json\/wp\/v2\/pages\/8559\/revisions"}],"predecessor-version":[{"id":10683,"href":"https:\/\/kraeuter-groz.de\/en\/wp-json\/wp\/v2\/pages\/8559\/revisions\/10683"}],"wp:attachment":[{"href":"https:\/\/kraeuter-groz.de\/en\/wp-json\/wp\/v2\/media?parent=8559"}],"curies":[{"name":"wp","href":"https:\/\/api.w.org\/{rel}","templated":true}]}}