{"id":8555,"date":"2019-02-19T12:56:34","date_gmt":"2019-02-19T12:56:34","guid":{"rendered":"http:\/\/kraeuter-groz.de\/?page_id=8555"},"modified":"2025-02-11T10:37:05","modified_gmt":"2025-02-11T09:37:05","slug":"krauter","status":"publish","type":"page","link":"https:\/\/kraeuter-groz.de\/en\/krauter\/","title":{"rendered":"Herbs"},"content":{"rendered":"<div data-row-brightness=\"light\" class=\"vc_row wpb_row vc_row-fluid p_search rella-row-shadowbox-69ea5d25bae10\" style=\"\"><div class=\"wpb_column vc_column_container vc_col-sm-8\" ><div class=\"vc_column-inner\"  style=\"\"><div class=\"wpb_wrapper\"><div  class=\"vc_wp_search wpb_content_element\"><div class=\"widget widget_search\"><form role=\"search\" method=\"get\" class=\"search-form\" action=\"https:\/\/kraeuter-groz.de\/en\/\" data-trp-original-action=\"https:\/\/kraeuter-groz.de\/en\/\">\n\t\t\t\t<label>\n\t\t\t\t\t<span class=\"screen-reader-text\">Search for:<\/span>\n\t\t\t\t\t<input type=\"search\" class=\"search-field\" placeholder=\"Search &hellip;\" value=\"\" name=\"s\" \/>\n\t\t\t\t<\/label>\n\t\t\t\t<input type=\"submit\" class=\"search-submit\" value=\"Search\" \/>\n\t\t\t<input type=\"hidden\" name=\"trp-form-language\" value=\"en\"\/><\/form><\/div><\/div><\/div><\/div><\/div><div class=\"wpb_column vc_column_container vc_col-sm-4\" ><div class=\"vc_column-inner\"  style=\"\"><div class=\"wpb_wrapper\"><\/div><\/div><\/div><script type=\"text\/javascript\">(function($) {$(\"head\").append(\"<style>.rella-row-shadowbox-69ea5d25bae10{-webkit-box-shadow:;-moz-box-shadow:;box-shadow:;}<\/style>\");})(jQuery);<\/script><\/div><div data-row-brightness=\"light\" class=\"vc_row wpb_row vc_row-fluid img_set rella-row-shadowbox-69ea5d25bb86f\" style=\"\"><div class=\"wpb_column vc_column_container vc_col-sm-12\" ><div class=\"vc_column-inner\"  style=\"\"><div class=\"wpb_wrapper\"><div class=\"vc_row wpb_row vc_inner vc_row-fluid kr_row vc_custom_1563270363475 vc_row-o-equal-height vc_row-o-content-top vc_row-flex\" style=\"background-attachment:;\"><div class=\"wpb_column vc_column_container vc_col-sm-6\" ><div class=\"vc_column-inner\" style=\"\"><div class=\"wpb_wrapper\"><div class=\"wpb_gallery wpb_content_element vc_clearfix\" ><div class=\"wpb_wrapper\"><h2 class=\"wpb_heading wpb_gallery_heading\">Herbs A-Z<\/h2><div class=\"wpb_gallery_slides wpb_flexslider flexslider_fade flexslider\" data-interval=\"0\" data-flex_fx=\"fade\"><ul class=\"slides\"><li><a class=\"prettyphoto\" href=\"https:\/\/kraeuter-groz.de\/wp-content\/uploads\/2019\/02\/AdobeStock_235332651-1024x587.jpeg\" data-rel=\"prettyPhoto[rel-8555-1424213691]\"><img width=\"5526\" height=\"3168\" src=\"https:\/\/kraeuter-groz.de\/wp-content\/uploads\/2019\/02\/AdobeStock_235332651-30x17.jpeg\" class=\"attachment-full progressive__img progressive--not-loaded\" alt=\"Kr\u00e4uter A-Z\" loading=\"lazy\" srcset=\"\" sizes=\"(max-width: 5526px) 100vw, 5526px\" data-progressive=\"https:\/\/kraeuter-groz.de\/wp-content\/uploads\/2019\/02\/AdobeStock_235332651.jpeg\" \/><\/a><\/li><\/ul><\/div><\/div><\/div><\/div><\/div><\/div><div class=\"wpb_column vc_column_container vc_col-sm-6\" ><div class=\"vc_column-inner vc_custom_1563270326779\" style=\"\"><div class=\"wpb_wrapper\"><h2 style=\"color: #000000;text-align: left\" class=\"vc_custom_heading\"  ><a href=\"https:\/\/kraeuter-groz.de\/wp-content\/uploads\/2021\/03\/09-Kr\u00e4uter-A-Z.pdf\" target=\" _blank\" title=\"Kr\u00e4uter A-Z\">Herbs A-Z<\/a><\/h2>\n\t<div class=\"wpb_text_column wpb_content_element  vc_custom_1648475471334\">\n\t\t<div class=\"wpb_wrapper\">\n\t\t\t<p>From around the world\ncome the exquisite herbs and valuable natural substances, which we obtain from certified suppliers. The high-quality products are always delivered to customers all over the world after thorough quality control, careful processing, professional bottling and careful testing.<\/p>\n<p><strong>On request we deliver for free with:<\/strong><\/p>\n<ul>\n<li>Certificates of Analysis<\/li>\n<li>Product specifications<\/li>\n<\/ul>\n\n\t\t<\/div>\n\t<\/div>\n<style>.ra_button_69ea5d25d22ab{border-color:!important;}<\/style><a href=\"https:\/\/kraeuter-groz.de\/wp-content\/uploads\/2025\/02\/130-Kraeuter-A-Z-03.02.2025-.pdf\" target=\"_blank\" class=\"btn btn-default border-thin ra_button_69ea5d25d22ab\" >\n\t\t\t\t<span>\n\tRead More\t<\/span>\n<\/a>\n<\/div><\/div><\/div><\/div><div class=\"vc_row wpb_row vc_inner vc_row-fluid kr_row vc_custom_1563270213027 vc_row-o-equal-height vc_row-o-content-top vc_row-flex\" style=\"background-attachment:;\"><div class=\"wpb_column vc_column_container vc_col-sm-6\" ><div class=\"vc_column-inner\" style=\"\"><div class=\"wpb_wrapper\"><div class=\"wpb_gallery wpb_content_element vc_clearfix\" ><div class=\"wpb_wrapper\"><h2 class=\"wpb_heading wpb_gallery_heading\">Ground products<\/h2><div class=\"wpb_gallery_slides wpb_flexslider flexslider_fade flexslider\" data-interval=\"0\" data-flex_fx=\"fade\"><ul class=\"slides\"><li><a class=\"prettyphoto\" href=\"https:\/\/kraeuter-groz.de\/wp-content\/uploads\/2019\/03\/10.jpg\" data-rel=\"prettyPhoto[rel-8555-1430662896]\"><img width=\"550\" height=\"400\" src=\"https:\/\/kraeuter-groz.de\/wp-content\/uploads\/2019\/03\/10-30x22.jpg\" class=\"attachment-full progressive__img progressive--not-loaded\" alt=\"Gew\u00fcrze\" loading=\"lazy\" srcset=\"\" sizes=\"(max-width: 550px) 100vw, 550px\" data-progressive=\"https:\/\/kraeuter-groz.de\/wp-content\/uploads\/2019\/03\/10.jpg\" \/><\/a><\/li><\/ul><\/div><\/div><\/div><\/div><\/div><\/div><div class=\"wpb_column vc_column_container vc_col-sm-6\" ><div class=\"vc_column-inner\" style=\"\"><div class=\"wpb_wrapper\"><h2 style=\"color: #000000;text-align: left\" class=\"vc_custom_heading\"  ><a href=\"https:\/\/kraeuter-groz.de\/wp-content\/uploads\/2021\/01\/11-Kr\u00e4uter-gemahlen.pdf\" target=\" _blank\">Ground products<\/a><\/h2>\n\t<div class=\"wpb_text_column wpb_content_element  vc_custom_1558952140942\">\n\t\t<div class=\"wpb_wrapper\">\n\t\t\t<ul>\n<li>Conventional and available in organic<\/li>\n<li>Blends, according to your recipes<\/li>\n<li>On request germ reduction<\/li>\n<li>lots or packaged, all variants<\/li>\n<\/ul>\n<p>Tell us your needs.<br \/>\nWe will make you an offer!<\/p>\n\n\t\t<\/div>\n\t<\/div>\n<style>.ra_button_69ea5d25e6f24{border-color:!important;}<\/style><a href=\"https:\/\/kraeuter-groz.de\/wp-content\/uploads\/2025\/02\/140-Kraeuter-und-Fruechte-gemahlen-03.02.2025-.pdf\" target=\"_blank\" class=\"btn btn-default border-thin ra_button_69ea5d25e6f24\" >\n\t\t\t\t<span>\n\tRead More\t<\/span>\n<\/a>\n<\/div><\/div><\/div><\/div><div class=\"vc_row wpb_row vc_inner vc_row-fluid kr_row vc_custom_1563270222291 vc_row-o-equal-height vc_row-o-content-top vc_row-flex\" style=\"background-attachment:;\"><div class=\"wpb_column vc_column_container vc_col-sm-6\" ><div class=\"vc_column-inner\" style=\"\"><div class=\"wpb_wrapper\"><div class=\"wpb_gallery wpb_content_element vc_clearfix\" ><div class=\"wpb_wrapper\"><h2 class=\"wpb_heading wpb_gallery_heading\">Fine cut products<\/h2><div class=\"wpb_gallery_slides wpb_flexslider flexslider_fade flexslider\" data-interval=\"0\" data-flex_fx=\"fade\"><ul class=\"slides\"><li><a class=\"prettyphoto\" href=\"https:\/\/kraeuter-groz.de\/wp-content\/uploads\/2019\/03\/9.jpg\" data-rel=\"prettyPhoto[rel-8555-1604850593]\"><img width=\"550\" height=\"400\" src=\"https:\/\/kraeuter-groz.de\/wp-content\/uploads\/2019\/03\/9-30x22.jpg\" class=\"attachment-full progressive__img progressive--not-loaded\" alt=\"Tees\" loading=\"lazy\" srcset=\"\" sizes=\"(max-width: 550px) 100vw, 550px\" data-progressive=\"https:\/\/kraeuter-groz.de\/wp-content\/uploads\/2019\/03\/9.jpg\" \/><\/a><\/li><\/ul><\/div><\/div><\/div><\/div><\/div><\/div><div class=\"wpb_column vc_column_container vc_col-sm-6\" ><div class=\"vc_column-inner\" style=\"\"><div class=\"wpb_wrapper\"><h2 style=\"color: #000000;text-align: left\" class=\"vc_custom_heading\"  ><a href=\"https:\/\/kraeuter-groz.de\/wp-content\/uploads\/2021\/01\/10-Kr\u00e4uter-Feinschnitte.pdf\" target=\" _blank\">Fine cut products<\/a><\/h2>\n\t<div class=\"wpb_text_column wpb_content_element  vc_custom_1558952516136\">\n\t\t<div class=\"wpb_wrapper\">\n\t\t\t<ul>\n<li>Conventional and available in organic<\/li>\n<li>Tea mixes of all kinds<\/li>\n<li>On request germ reduction<\/li>\n<li>Loose or in pyramid bag and pillow bag<\/li>\n<\/ul>\n<p>Tell us your needs.<br \/>\nWe will make you an offer!<\/p>\n\n\t\t<\/div>\n\t<\/div>\n<style>.ra_button_69ea5d260668f{border-color:!important;}<\/style><a href=\"https:\/\/kraeuter-groz.de\/wp-content\/uploads\/2021\/01\/10-Kr\u00e4uter-Feinschnitte.pdf\" target=\"_blank\" class=\"btn btn-default border-thin ra_button_69ea5d260668f\" >\n\t\t\t\t<span>\n\tRead More\t<\/span>\n<\/a>\n<\/div><\/div><\/div><\/div><div class=\"vc_row wpb_row vc_inner vc_row-fluid kr_row vc_custom_1563270230465 vc_row-o-equal-height vc_row-o-content-top vc_row-flex\" style=\"background-attachment:;\"><div class=\"wpb_column vc_column_container vc_col-sm-6\" ><div class=\"vc_column-inner\" style=\"\"><div class=\"wpb_wrapper\"><div class=\"wpb_gallery wpb_content_element vc_clearfix\" ><div class=\"wpb_wrapper\"><h2 class=\"wpb_heading wpb_gallery_heading\">Herbs for Animals<\/h2><div class=\"wpb_gallery_slides wpb_flexslider flexslider_fade flexslider\" data-interval=\"0\" data-flex_fx=\"fade\"><ul class=\"slides\"><li><a class=\"prettyphoto\" href=\"https:\/\/kraeuter-groz.de\/wp-content\/uploads\/2019\/03\/4.jpg\" data-rel=\"prettyPhoto[rel-8555-682760500]\"><img width=\"550\" height=\"400\" src=\"https:\/\/kraeuter-groz.de\/wp-content\/uploads\/2019\/03\/4-30x22.jpg\" class=\"attachment-full progressive__img progressive--not-loaded\" alt=\"Tiere\" loading=\"lazy\" srcset=\"\" sizes=\"(max-width: 550px) 100vw, 550px\" data-progressive=\"https:\/\/kraeuter-groz.de\/wp-content\/uploads\/2019\/03\/4.jpg\" \/><\/a><\/li><\/ul><\/div><\/div><\/div><\/div><\/div><\/div><div class=\"wpb_column vc_column_container vc_col-sm-6\" ><div class=\"vc_column-inner\" style=\"\"><div class=\"wpb_wrapper\"><h2 style=\"color: #000000;text-align: left\" class=\"vc_custom_heading\"  ><a href=\"https:\/\/kraeuter-groz.de\/wp-content\/uploads\/2020\/04\/12-Kr\u00e4uter-und-weitere-Produkte-f\u00fcr-Tiere.pdf\" target=\" _blank\">Herbs for Animals<\/a><\/h2>\n\t<div class=\"wpb_text_column wpb_content_element  vc_custom_1558953151585\">\n\t\t<div class=\"wpb_wrapper\">\n\t\t\t<p>We deliver:<\/p>\n<ul>\n<li>Herbs and spices in great variety<\/li>\n<li>Individual mixtures of all kinds (including vegetable mixtures)<\/li>\n<li>Natural products and natural substances<\/li>\n<li>Rough cut, fine cut, powder<\/li>\n<li>Food supplements for animals<\/li>\n<li>Prepackages, portion packs Production approval according to feed regulations.<\/li>\n<\/ul>\n\n\t\t<\/div>\n\t<\/div>\n<style>.ra_button_69ea5d261a850{border-color:!important;}<\/style><a href=\"https:\/\/kraeuter-groz.de\/wp-content\/uploads\/2025\/02\/150-Kraeuter-und-Tee-fuer-Tiere-03.02.2025-.pdf\" target=\"_blank\" class=\"btn btn-default border-thin ra_button_69ea5d261a850\" >\n\t\t\t\t<span>\n\tRead More\t<\/span>\n<\/a>\n<\/div><\/div><\/div><\/div><div class=\"vc_row wpb_row vc_inner vc_row-fluid kr_row vc_custom_1563270238432 vc_row-o-equal-height vc_row-o-content-top vc_row-flex\" style=\"background-attachment:;\"><div class=\"wpb_column vc_column_container vc_col-sm-6\" ><div class=\"vc_column-inner\" style=\"\"><div class=\"wpb_wrapper\"><div class=\"wpb_gallery wpb_content_element vc_clearfix\" ><div class=\"wpb_wrapper\"><h2 class=\"wpb_heading wpb_gallery_heading\">Wellness<\/h2><div class=\"wpb_gallery_slides wpb_flexslider flexslider_fade flexslider\" data-interval=\"5\" data-flex_fx=\"fade\"><ul class=\"slides\"><li><a class=\"prettyphoto\" href=\"https:\/\/kraeuter-groz.de\/wp-content\/uploads\/2019\/04\/WELL.jpg\" data-rel=\"prettyPhoto[rel-8555-1932208751]\"><img width=\"456\" height=\"304\" src=\"https:\/\/kraeuter-groz.de\/wp-content\/uploads\/2019\/04\/WELL-30x20.jpg\" class=\"attachment-full progressive__img progressive--not-loaded\" alt=\"\" loading=\"lazy\" srcset=\"\" sizes=\"(max-width: 456px) 100vw, 456px\" data-progressive=\"https:\/\/kraeuter-groz.de\/wp-content\/uploads\/2019\/04\/WELL.jpg\" \/><\/a><\/li><li><a class=\"prettyphoto\" href=\"https:\/\/kraeuter-groz.de\/wp-content\/uploads\/2019\/12\/2006-1024x768.jpg\" data-rel=\"prettyPhoto[rel-8555-1932208751]\"><img width=\"2048\" height=\"1536\" src=\"https:\/\/kraeuter-groz.de\/wp-content\/uploads\/2019\/12\/2006-30x23.jpg\" class=\"attachment-full progressive__img progressive--not-loaded\" alt=\"Kr\u00e4uter Sachets\" loading=\"lazy\" srcset=\"\" sizes=\"(max-width: 2048px) 100vw, 2048px\" data-progressive=\"https:\/\/kraeuter-groz.de\/wp-content\/uploads\/2019\/12\/2006.jpg\" \/><\/a><\/li><\/ul><\/div><\/div><\/div><\/div><\/div><\/div><div class=\"wpb_column vc_column_container vc_col-sm-6\" ><div class=\"vc_column-inner\" style=\"\"><div class=\"wpb_wrapper\"><h2 style=\"color: #000000;text-align: left\" class=\"vc_custom_heading\"  ><a href=\"https:\/\/kraeuter-groz.de\/wp-content\/uploads\/2020\/02\/Wellnessprodukte.pdf\" target=\" _blank\" title=\"Wellness\">Wellness<\/a><\/h2>\n\t<div class=\"wpb_text_column wpb_content_element  vc_custom_1554810898725\">\n\t\t<div class=\"wpb_wrapper\">\n\t\t\t<p>Aromatic mixtures of fragrant and fragrant natural herbs. Herbal sachets for inhalation in herbal and steam baths. Fragrant fragrance bags. Bath Sachet's.<br \/>\nWe are happy to inform you.<\/p>\n\n\t\t<\/div>\n\t<\/div>\n<style>.ra_button_69ea5d264021f{border-color:!important;}<\/style><a href=\"https:\/\/kraeuter-groz.de\/wp-content\/uploads\/2025\/02\/230-Wellness-Produkte-03.02.2025-.pdf\" title=\"Wellness\" target=\"_blank\" class=\"btn btn-default border-thin ra_button_69ea5d264021f\" >\n\t\t\t\t<span>\n\tRead More\t<\/span>\n<\/a>\n<\/div><\/div><\/div><\/div><div class=\"vc_row wpb_row vc_inner vc_row-fluid kr_row vc_custom_1563270253384 vc_row-o-equal-height vc_row-o-content-top vc_row-flex\" style=\"background-attachment:;\"><div class=\"wpb_column vc_column_container vc_col-sm-6\" ><div class=\"vc_column-inner\" style=\"\"><div class=\"wpb_wrapper\"><div class=\"wpb_gallery wpb_content_element vc_clearfix\" ><div class=\"wpb_wrapper\"><h2 class=\"wpb_heading wpb_gallery_heading\">Swedish bitters<\/h2><div class=\"wpb_gallery_slides wpb_flexslider flexslider_fade flexslider\" data-interval=\"0\" data-flex_fx=\"fade\"><ul class=\"slides\"><li><a class=\"prettyphoto\" href=\"https:\/\/kraeuter-groz.de\/wp-content\/uploads\/2019\/03\/seh-1-e1553584680483-1024x553.jpeg\" data-rel=\"prettyPhoto[rel-8555-1124741843]\"><img width=\"2620\" height=\"1415\" src=\"https:\/\/kraeuter-groz.de\/wp-content\/uploads\/2019\/03\/seh-1-e1553584680483-30x16.jpeg\" class=\"attachment-full progressive__img progressive--not-loaded\" alt=\"Schwedenkr\u00e4uter\" loading=\"lazy\" srcset=\"\" sizes=\"(max-width: 2620px) 100vw, 2620px\" data-progressive=\"https:\/\/kraeuter-groz.de\/wp-content\/uploads\/2019\/03\/seh-1-e1553584680483.jpeg\" \/><\/a><\/li><\/ul><\/div><\/div><\/div><\/div><\/div><\/div><div class=\"wpb_column vc_column_container vc_col-sm-6\" ><div class=\"vc_column-inner\" style=\"\"><div class=\"wpb_wrapper\"><h2 style=\"color: #000000;text-align: left\" class=\"vc_custom_heading\"  ><a href=\"https:\/\/kraeuter-groz.de\/wp-content\/uploads\/2020\/02\/Schwedenkr\u00e4uter.pdf\" target=\" _blank\">Swedish bitters<\/a><\/h2>\n\t<div class=\"wpb_text_column wpb_content_element  vc_custom_1558962525639\">\n\t\t<div class=\"wpb_wrapper\">\n\t\t\t<ul>\n<li>Made to original recipes<\/li>\n<li>Best ingredients<\/li>\n<li>P means \"coarsely pulverized\"<\/li>\n<li>G means \"cut\"<\/li>\n<li>Individual recipes on request.<\/li>\n<\/ul>\n\n\t\t<\/div>\n\t<\/div>\n<style>.ra_button_69ea5d2654006{border-color:!important;}<\/style><a href=\"https:\/\/kraeuter-groz.de\/wp-content\/uploads\/2025\/02\/170-Schwedenkraeuter-03.02.2025-.pdf\" target=\"_blank\" class=\"btn btn-default border-thin ra_button_69ea5d2654006\" >\n\t\t\t\t<span>\n\tRead More\t<\/span>\n<\/a>\n<\/div><\/div><\/div><\/div><\/div><\/div><\/div><script type=\"text\/javascript\">(function($) {$(\"head\").append(\"<style>.rella-row-shadowbox-69ea5d25bb86f{-webkit-box-shadow:;-moz-box-shadow:;box-shadow:;}<\/style>\");})(jQuery);<\/script><\/div>","protected":false},"excerpt":{"rendered":"Search for: (function($) {$(\"head\").append(\".rella-row-shadowbox-69ea5d2654764{-webkit-box-shadow:;-moz-box-shadow:;box-shadow:;}\");})(jQuery);Kr\u00e4uter von A \u2013 ZKr\u00e4uter von A - Z Aus aller Welt stammen die erlesenen Kr\u00e4uter und wertvollen Natursubstanzen, die wir von zertifizierten Lieferanten beziehen. Die hochwertigen Produkte werden stets nach eingehender Qualit\u00e4tskontrolle, schonender Verarbeitung, fachgerechter Abf\u00fcllung und sorgf\u00e4ltiger Pr\u00fcfung an Kunden in aller Welt ausgeliefert. Auf Wunsch liefern wir kostenlos mit: [...]","protected":false},"author":3,"featured_media":0,"parent":0,"menu_order":0,"comment_status":"closed","ping_status":"closed","template":"","meta":[],"yoast_head":"<!-- This site is optimized with the Yoast SEO plugin v19.6 - https:\/\/yoast.com\/wordpress\/plugins\/seo\/ -->\n<title>Kr\u00e4uter, gemahlene und Feinschnitt-Produkte, Kr\u00e4uter f\u00fcr Tiere, Wellness<\/title>\n<meta name=\"description\" content=\"Erlesene zertifizierte Kr\u00e4uter und Natursubstanzen in schonender Verarbeitung. Mischungen nach Ihren Rezepturen. Bio oder konventionell.\" \/>\n<meta name=\"robots\" content=\"index, follow, max-snippet:-1, max-image-preview:large, max-video-preview:-1\" \/>\n<link rel=\"canonical\" href=\"https:\/\/kraeuter-groz.de\/en\/krauter\/\" \/>\n<meta property=\"og:locale\" content=\"en_GB\" \/>\n<meta property=\"og:type\" content=\"article\" \/>\n<meta property=\"og:title\" content=\"Kr\u00e4uter, gemahlene und Feinschnitt-Produkte, Kr\u00e4uter f\u00fcr Tiere, Wellness\" \/>\n<meta property=\"og:description\" content=\"Erlesene zertifizierte Kr\u00e4uter und Natursubstanzen in schonender Verarbeitung. Mischungen nach Ihren Rezepturen. Bio oder konventionell.\" \/>\n<meta property=\"og:url\" content=\"https:\/\/kraeuter-groz.de\/en\/krauter\/\" \/>\n<meta property=\"og:site_name\" content=\"Kraeutergroz\" \/>\n<meta property=\"article:modified_time\" content=\"2025-02-11T09:37:05+00:00\" \/>\n<meta name=\"twitter:card\" content=\"summary_large_image\" \/>\n<meta name=\"twitter:label1\" content=\"Estimated reading time\" \/>\n\t<meta name=\"twitter:data1\" content=\"2 minutes\" \/>\n<script type=\"application\/ld+json\" class=\"yoast-schema-graph\">{\"@context\":\"https:\/\/schema.org\",\"@graph\":[{\"@type\":\"WebPage\",\"@id\":\"https:\/\/kraeuter-groz.de\/krauter\/\",\"url\":\"https:\/\/kraeuter-groz.de\/krauter\/\",\"name\":\"Kr\u00e4uter, gemahlene und Feinschnitt-Produkte, Kr\u00e4uter f\u00fcr Tiere, Wellness\",\"isPartOf\":{\"@id\":\"https:\/\/kraeuter-groz.de\/#website\"},\"datePublished\":\"2019-02-19T12:56:34+00:00\",\"dateModified\":\"2025-02-11T09:37:05+00:00\",\"description\":\"Erlesene zertifizierte Kr\u00e4uter und Natursubstanzen in schonender Verarbeitung. Mischungen nach Ihren Rezepturen. Bio oder konventionell.\",\"breadcrumb\":{\"@id\":\"https:\/\/kraeuter-groz.de\/krauter\/#breadcrumb\"},\"inLanguage\":\"en-GB\",\"potentialAction\":[{\"@type\":\"ReadAction\",\"target\":[\"https:\/\/kraeuter-groz.de\/krauter\/\"]}]},{\"@type\":\"BreadcrumbList\",\"@id\":\"https:\/\/kraeuter-groz.de\/krauter\/#breadcrumb\",\"itemListElement\":[{\"@type\":\"ListItem\",\"position\":1,\"name\":\"Startseite\",\"item\":\"https:\/\/kraeuter-groz.de\/\"},{\"@type\":\"ListItem\",\"position\":2,\"name\":\"Kr\u00e4uter\"}]},{\"@type\":\"WebSite\",\"@id\":\"https:\/\/kraeuter-groz.de\/#website\",\"url\":\"https:\/\/kraeuter-groz.de\/\",\"name\":\"Kraeutergroz\",\"description\":\"\",\"publisher\":{\"@id\":\"https:\/\/kraeuter-groz.de\/#organization\"},\"potentialAction\":[{\"@type\":\"SearchAction\",\"target\":{\"@type\":\"EntryPoint\",\"urlTemplate\":\"https:\/\/kraeuter-groz.de\/?s={search_term_string}\"},\"query-input\":\"required name=search_term_string\"}],\"inLanguage\":\"en-GB\"},{\"@type\":\"Organization\",\"@id\":\"https:\/\/kraeuter-groz.de\/#organization\",\"name\":\"Daniel Groz Soehne GmbH & Co. KG\",\"url\":\"https:\/\/kraeuter-groz.de\/\",\"sameAs\":[],\"logo\":{\"@type\":\"ImageObject\",\"inLanguage\":\"en-GB\",\"@id\":\"https:\/\/kraeuter-groz.de\/#\/schema\/logo\/image\/\",\"url\":\"https:\/\/kraeuter-groz.de\/wp-content\/uploads\/2019\/02\/logo.png\",\"contentUrl\":\"https:\/\/kraeuter-groz.de\/wp-content\/uploads\/2019\/02\/logo.png\",\"width\":1451,\"height\":1208,\"caption\":\"Daniel Groz Soehne GmbH & Co. KG\"},\"image\":{\"@id\":\"https:\/\/kraeuter-groz.de\/#\/schema\/logo\/image\/\"}}]}<\/script>\n<!-- \/ Yoast SEO plugin. -->","yoast_head_json":{"title":"Kr\u00e4uter, gemahlene und Feinschnitt-Produkte, Kr\u00e4uter f\u00fcr Tiere, Wellness","description":"Erlesene zertifizierte Kr\u00e4uter und Natursubstanzen in schonender Verarbeitung. Mischungen nach Ihren Rezepturen. Bio oder konventionell.","robots":{"index":"index","follow":"follow","max-snippet":"max-snippet:-1","max-image-preview":"max-image-preview:large","max-video-preview":"max-video-preview:-1"},"canonical":"https:\/\/kraeuter-groz.de\/en\/krauter\/","og_locale":"en_GB","og_type":"article","og_title":"Kr\u00e4uter, gemahlene und Feinschnitt-Produkte, Kr\u00e4uter f\u00fcr Tiere, Wellness","og_description":"Erlesene zertifizierte Kr\u00e4uter und Natursubstanzen in schonender Verarbeitung. Mischungen nach Ihren Rezepturen. Bio oder konventionell.","og_url":"https:\/\/kraeuter-groz.de\/en\/krauter\/","og_site_name":"Kraeutergroz","article_modified_time":"2025-02-11T09:37:05+00:00","twitter_card":"summary_large_image","twitter_misc":{"Estimated reading time":"2 minutes"},"schema":{"@context":"https:\/\/schema.org","@graph":[{"@type":"WebPage","@id":"https:\/\/kraeuter-groz.de\/krauter\/","url":"https:\/\/kraeuter-groz.de\/krauter\/","name":"Kr\u00e4uter, gemahlene und Feinschnitt-Produkte, Kr\u00e4uter f\u00fcr Tiere, Wellness","isPartOf":{"@id":"https:\/\/kraeuter-groz.de\/#website"},"datePublished":"2019-02-19T12:56:34+00:00","dateModified":"2025-02-11T09:37:05+00:00","description":"Erlesene zertifizierte Kr\u00e4uter und Natursubstanzen in schonender Verarbeitung. Mischungen nach Ihren Rezepturen. Bio oder konventionell.","breadcrumb":{"@id":"https:\/\/kraeuter-groz.de\/krauter\/#breadcrumb"},"inLanguage":"en-GB","potentialAction":[{"@type":"ReadAction","target":["https:\/\/kraeuter-groz.de\/krauter\/"]}]},{"@type":"BreadcrumbList","@id":"https:\/\/kraeuter-groz.de\/krauter\/#breadcrumb","itemListElement":[{"@type":"ListItem","position":1,"name":"Startseite","item":"https:\/\/kraeuter-groz.de\/"},{"@type":"ListItem","position":2,"name":"Kr\u00e4uter"}]},{"@type":"WebSite","@id":"https:\/\/kraeuter-groz.de\/#website","url":"https:\/\/kraeuter-groz.de\/","name":"Kraeutergroz","description":"","publisher":{"@id":"https:\/\/kraeuter-groz.de\/#organization"},"potentialAction":[{"@type":"SearchAction","target":{"@type":"EntryPoint","urlTemplate":"https:\/\/kraeuter-groz.de\/?s={search_term_string}"},"query-input":"required name=search_term_string"}],"inLanguage":"en-GB"},{"@type":"Organization","@id":"https:\/\/kraeuter-groz.de\/#organization","name":"Daniel Groz Soehne GmbH & Co. KG","url":"https:\/\/kraeuter-groz.de\/","sameAs":[],"logo":{"@type":"ImageObject","inLanguage":"en-GB","@id":"https:\/\/kraeuter-groz.de\/#\/schema\/logo\/image\/","url":"https:\/\/kraeuter-groz.de\/wp-content\/uploads\/2019\/02\/logo.png","contentUrl":"https:\/\/kraeuter-groz.de\/wp-content\/uploads\/2019\/02\/logo.png","width":1451,"height":1208,"caption":"Daniel Groz Soehne GmbH & Co. KG"},"image":{"@id":"https:\/\/kraeuter-groz.de\/#\/schema\/logo\/image\/"}}]}},"_links":{"self":[{"href":"https:\/\/kraeuter-groz.de\/en\/wp-json\/wp\/v2\/pages\/8555"}],"collection":[{"href":"https:\/\/kraeuter-groz.de\/en\/wp-json\/wp\/v2\/pages"}],"about":[{"href":"https:\/\/kraeuter-groz.de\/en\/wp-json\/wp\/v2\/types\/page"}],"author":[{"embeddable":true,"href":"https:\/\/kraeuter-groz.de\/en\/wp-json\/wp\/v2\/users\/3"}],"replies":[{"embeddable":true,"href":"https:\/\/kraeuter-groz.de\/en\/wp-json\/wp\/v2\/comments?post=8555"}],"version-history":[{"count":31,"href":"https:\/\/kraeuter-groz.de\/en\/wp-json\/wp\/v2\/pages\/8555\/revisions"}],"predecessor-version":[{"id":10659,"href":"https:\/\/kraeuter-groz.de\/en\/wp-json\/wp\/v2\/pages\/8555\/revisions\/10659"}],"wp:attachment":[{"href":"https:\/\/kraeuter-groz.de\/en\/wp-json\/wp\/v2\/media?parent=8555"}],"curies":[{"name":"wp","href":"https:\/\/api.w.org\/{rel}","templated":true}]}}