{"id":8553,"date":"2019-02-19T12:55:14","date_gmt":"2019-02-19T12:55:14","guid":{"rendered":"http:\/\/kraeuter-groz.de\/?page_id=8553"},"modified":"2025-02-11T10:30:19","modified_gmt":"2025-02-11T09:30:19","slug":"gewurze","status":"publish","type":"page","link":"https:\/\/kraeuter-groz.de\/en\/gewurze\/","title":{"rendered":"Spices"},"content":{"rendered":"<div data-row-brightness=\"light\" class=\"vc_row wpb_row vc_row-fluid p_search rella-row-shadowbox-69ea58ee09170\" style=\"\"><div class=\"wpb_column vc_column_container vc_col-sm-8\" ><div class=\"vc_column-inner\"  style=\"\"><div class=\"wpb_wrapper\"><div  class=\"vc_wp_search wpb_content_element\"><div class=\"widget widget_search\"><form role=\"search\" method=\"get\" class=\"search-form\" action=\"https:\/\/kraeuter-groz.de\/en\/\" data-trp-original-action=\"https:\/\/kraeuter-groz.de\/en\/\">\n\t\t\t\t<label>\n\t\t\t\t\t<span class=\"screen-reader-text\">Search for:<\/span>\n\t\t\t\t\t<input type=\"search\" class=\"search-field\" placeholder=\"Search &hellip;\" value=\"\" name=\"s\" \/>\n\t\t\t\t<\/label>\n\t\t\t\t<input type=\"submit\" class=\"search-submit\" value=\"Search\" \/>\n\t\t\t<input type=\"hidden\" name=\"trp-form-language\" value=\"en\"\/><\/form><\/div><\/div><\/div><\/div><\/div><div class=\"wpb_column vc_column_container vc_col-sm-4\" ><div class=\"vc_column-inner\"  style=\"\"><div class=\"wpb_wrapper\"><\/div><\/div><\/div><script type=\"text\/javascript\">(function($) {$(\"head\").append(\"<style>.rella-row-shadowbox-69ea58ee09170{-webkit-box-shadow:;-moz-box-shadow:;box-shadow:;}<\/style>\");})(jQuery);<\/script><\/div><div data-row-brightness=\"light\" class=\"vc_row wpb_row vc_row-fluid img_set rella-row-shadowbox-69ea58ee09b01\" style=\"\"><div class=\"wpb_column vc_column_container vc_col-sm-12\" ><div class=\"vc_column-inner\"  style=\"\"><div class=\"wpb_wrapper\"><div class=\"vc_row wpb_row vc_inner vc_row-fluid kr_row vc_custom_1563270399876 vc_row-o-equal-height vc_row-o-content-top vc_row-flex\" style=\"background-attachment:;\"><div class=\"wpb_column vc_column_container vc_col-sm-6\" ><div class=\"vc_column-inner\" style=\"\"><div class=\"wpb_wrapper\"><div class=\"wpb_gallery wpb_content_element vc_clearfix\" ><div class=\"wpb_wrapper\"><h2 class=\"wpb_heading wpb_gallery_heading\">Spices<\/h2><div class=\"wpb_gallery_slides wpb_flexslider flexslider_fade flexslider\" data-interval=\"0\" data-flex_fx=\"fade\"><ul class=\"slides\"><li><a class=\"prettyphoto\" href=\"https:\/\/kraeuter-groz.de\/wp-content\/uploads\/2019\/03\/1.jpg\" data-rel=\"prettyPhoto[rel-8553-1696159530]\"><img width=\"550\" height=\"400\" src=\"https:\/\/kraeuter-groz.de\/wp-content\/uploads\/2019\/03\/1-30x22.jpg\" class=\"attachment-full progressive__img progressive--not-loaded\" alt=\"Gew\u00fcrze A-Z\" loading=\"lazy\" srcset=\"\" sizes=\"(max-width: 550px) 100vw, 550px\" data-progressive=\"https:\/\/kraeuter-groz.de\/wp-content\/uploads\/2019\/03\/1.jpg\" \/><\/a><\/li><\/ul><\/div><\/div><\/div><\/div><\/div><\/div><div class=\"wpb_column vc_column_container vc_col-sm-6\" ><div class=\"vc_column-inner\" style=\"\"><div class=\"wpb_wrapper\"><h2 style=\"color: #000000;text-align: left\" class=\"vc_custom_heading\"  ><a href=\"https:\/\/kraeuter-groz.de\/wp-content\/uploads\/2020\/04\/13-Gew\u00fcrze-A-Z.pdf\" target=\" _blank\">Spices<\/a><\/h2>\n\t<div class=\"wpb_text_column wpb_content_element  vc_custom_1552453263009\">\n\t\t<div class=\"wpb_wrapper\">\n\t\t\t<p><strong>From all continents come our natural spices.<\/strong><br \/>\nWe always receive these fresh spices from certified suppliers and deliver them after careful quality control loose or in portion packing.<\/p>\n\n\t\t<\/div>\n\t<\/div>\n<style>.ra_button_69ea58ee1877f{border-color:!important;}<\/style><a href=\"https:\/\/kraeuter-groz.de\/wp-content\/uploads\/2025\/02\/100-Gewuerze-A-Z-03.02.2025-.pdf\" target=\"_blank\" class=\"btn btn-default border-thin ra_button_69ea58ee1877f\" >\n\t\t\t\t<span>\n\tRead More\t<\/span>\n<\/a>\n<\/div><\/div><\/div><\/div><div class=\"vc_row wpb_row vc_inner vc_row-fluid kr_row vc_custom_1563270406768 vc_row-o-equal-height vc_row-o-content-top vc_row-flex\" style=\"background-attachment:;\"><div class=\"wpb_column vc_column_container vc_col-sm-6\" ><div class=\"vc_column-inner\" style=\"\"><div class=\"wpb_wrapper\"><div class=\"wpb_gallery wpb_content_element vc_clearfix\" ><div class=\"wpb_wrapper\"><h2 class=\"wpb_heading wpb_gallery_heading\">Spice specialties<\/h2><div class=\"wpb_gallery_slides wpb_flexslider flexslider_fade flexslider\" data-interval=\"0\" data-flex_fx=\"fade\"><ul class=\"slides\"><li><a class=\"prettyphoto\" href=\"https:\/\/kraeuter-groz.de\/wp-content\/uploads\/2019\/03\/14.jpg\" data-rel=\"prettyPhoto[rel-8553-1567647355]\"><img width=\"550\" height=\"400\" src=\"https:\/\/kraeuter-groz.de\/wp-content\/uploads\/2019\/03\/14-30x22.jpg\" class=\"attachment-full progressive__img progressive--not-loaded\" alt=\"Gew\u00fcrzspezialit\u00e4ten\" loading=\"lazy\" srcset=\"\" sizes=\"(max-width: 550px) 100vw, 550px\" data-progressive=\"https:\/\/kraeuter-groz.de\/wp-content\/uploads\/2019\/03\/14.jpg\" \/><\/a><\/li><\/ul><\/div><\/div><\/div><\/div><\/div><\/div><div class=\"wpb_column vc_column_container vc_col-sm-6\" ><div class=\"vc_column-inner\" style=\"\"><div class=\"wpb_wrapper\"><h2 style=\"color: #000000;text-align: left\" class=\"vc_custom_heading\"  ><a href=\"https:\/\/kraeuter-groz.de\/wp-content\/uploads\/2020\/04\/14-Gew\u00fcrzspezialit\u00e4ten-1.pdf\" target=\" _blank\">Spice specialties<\/a><\/h2>\n\t<div class=\"wpb_text_column wpb_content_element  vc_custom_1552453371307\">\n\t\t<div class=\"wpb_wrapper\">\n\t\t\t<p>The careful production of laboratory-tested spices in our company guarantees you the best quality.<\/p>\n<p>Special blends and other specialties on request. Tell us your needs. We can make you an offer with loose products or in portion packing.<\/p>\n\n\t\t<\/div>\n\t<\/div>\n<style>.ra_button_69ea58ee261c5{border-color:!important;}<\/style><a href=\"https:\/\/kraeuter-groz.de\/wp-content\/uploads\/2025\/02\/110-Gewuerzspezialitaeten-in-grosser-Auswahl-03.02.2025-.pdf\" target=\"_blank\" class=\"btn btn-default border-thin ra_button_69ea58ee261c5\" >\n\t\t\t\t<span>\n\tRead More\t<\/span>\n<\/a>\n<\/div><\/div><\/div><\/div><\/div><\/div><\/div><script type=\"text\/javascript\">(function($) {$(\"head\").append(\"<style>.rella-row-shadowbox-69ea58ee09b01{-webkit-box-shadow:;-moz-box-shadow:;box-shadow:;}<\/style>\");})(jQuery);<\/script><\/div>","protected":false},"excerpt":{"rendered":"Search for: (function($) {$(\"head\").append(\".rella-row-shadowbox-69ea58ee26884{-webkit-box-shadow:;-moz-box-shadow:;box-shadow:;}\");})(jQuery);Gew\u00fcrzeGew\u00fcrze Von allen Kontinenten kommen unsere Naturgew\u00fcrze. Wir beziehen diese stets frisch von zertifizierten Lieferanten und liefern sie nach sorgf\u00e4ltiger Qualit\u00e4tskontrolle lose oder in Fertigpackungen aus. .ra_button_69ea58ee34d13{border-color:!important;} MEHR Gew\u00fcrzspezialit\u00e4tenGew\u00fcrzspezialit\u00e4ten Die sorgf\u00e4ltige Herstellung laborgepr\u00fcfter Gew\u00fcrze in unserem Hause bietet Ihnen Gew\u00e4hr f\u00fcr beste Qualit\u00e4t. Sondermischungen sowie weitere Spezialit\u00e4ten auf Anfrage. Nennen Sie uns [...]","protected":false},"author":3,"featured_media":0,"parent":0,"menu_order":0,"comment_status":"closed","ping_status":"closed","template":"","meta":[],"yoast_head":"<!-- This site is optimized with the Yoast SEO plugin v19.6 - https:\/\/yoast.com\/wordpress\/plugins\/seo\/ -->\n<title>Zertifizierte Gew\u00fcrze und Gew\u00fcrzspezialit\u00e4ten<\/title>\n<meta name=\"description\" content=\"Sorgf\u00e4ltige Herstellung laborgepr\u00fcfter Gew\u00fcrze und Gew\u00fcrzmischungen vom Spezialisten - lose oder in Fertigpackungen.\" \/>\n<meta name=\"robots\" content=\"index, follow, max-snippet:-1, max-image-preview:large, max-video-preview:-1\" \/>\n<link rel=\"canonical\" href=\"https:\/\/kraeuter-groz.de\/en\/gewurze\/\" \/>\n<meta property=\"og:locale\" content=\"en_GB\" \/>\n<meta property=\"og:type\" content=\"article\" \/>\n<meta property=\"og:title\" content=\"Zertifizierte Gew\u00fcrze und Gew\u00fcrzspezialit\u00e4ten\" \/>\n<meta property=\"og:description\" content=\"Sorgf\u00e4ltige Herstellung laborgepr\u00fcfter Gew\u00fcrze und Gew\u00fcrzmischungen vom Spezialisten - lose oder in Fertigpackungen.\" \/>\n<meta property=\"og:url\" content=\"https:\/\/kraeuter-groz.de\/en\/gewurze\/\" \/>\n<meta property=\"og:site_name\" content=\"Kraeutergroz\" \/>\n<meta property=\"article:modified_time\" content=\"2025-02-11T09:30:19+00:00\" \/>\n<meta name=\"twitter:card\" content=\"summary_large_image\" \/>\n<meta name=\"twitter:label1\" content=\"Estimated reading time\" \/>\n\t<meta name=\"twitter:data1\" content=\"2 minutes\" \/>\n<script type=\"application\/ld+json\" class=\"yoast-schema-graph\">{\"@context\":\"https:\/\/schema.org\",\"@graph\":[{\"@type\":\"WebPage\",\"@id\":\"https:\/\/kraeuter-groz.de\/gewurze\/\",\"url\":\"https:\/\/kraeuter-groz.de\/gewurze\/\",\"name\":\"Zertifizierte Gew\u00fcrze und Gew\u00fcrzspezialit\u00e4ten\",\"isPartOf\":{\"@id\":\"https:\/\/kraeuter-groz.de\/#website\"},\"datePublished\":\"2019-02-19T12:55:14+00:00\",\"dateModified\":\"2025-02-11T09:30:19+00:00\",\"description\":\"Sorgf\u00e4ltige Herstellung laborgepr\u00fcfter Gew\u00fcrze und Gew\u00fcrzmischungen vom Spezialisten - lose oder in Fertigpackungen.\",\"breadcrumb\":{\"@id\":\"https:\/\/kraeuter-groz.de\/gewurze\/#breadcrumb\"},\"inLanguage\":\"en-GB\",\"potentialAction\":[{\"@type\":\"ReadAction\",\"target\":[\"https:\/\/kraeuter-groz.de\/gewurze\/\"]}]},{\"@type\":\"BreadcrumbList\",\"@id\":\"https:\/\/kraeuter-groz.de\/gewurze\/#breadcrumb\",\"itemListElement\":[{\"@type\":\"ListItem\",\"position\":1,\"name\":\"Startseite\",\"item\":\"https:\/\/kraeuter-groz.de\/\"},{\"@type\":\"ListItem\",\"position\":2,\"name\":\"Gew\u00fcrze\"}]},{\"@type\":\"WebSite\",\"@id\":\"https:\/\/kraeuter-groz.de\/#website\",\"url\":\"https:\/\/kraeuter-groz.de\/\",\"name\":\"Kraeutergroz\",\"description\":\"\",\"publisher\":{\"@id\":\"https:\/\/kraeuter-groz.de\/#organization\"},\"potentialAction\":[{\"@type\":\"SearchAction\",\"target\":{\"@type\":\"EntryPoint\",\"urlTemplate\":\"https:\/\/kraeuter-groz.de\/?s={search_term_string}\"},\"query-input\":\"required name=search_term_string\"}],\"inLanguage\":\"en-GB\"},{\"@type\":\"Organization\",\"@id\":\"https:\/\/kraeuter-groz.de\/#organization\",\"name\":\"Daniel Groz Soehne GmbH & Co. KG\",\"url\":\"https:\/\/kraeuter-groz.de\/\",\"sameAs\":[],\"logo\":{\"@type\":\"ImageObject\",\"inLanguage\":\"en-GB\",\"@id\":\"https:\/\/kraeuter-groz.de\/#\/schema\/logo\/image\/\",\"url\":\"https:\/\/kraeuter-groz.de\/wp-content\/uploads\/2019\/02\/logo.png\",\"contentUrl\":\"https:\/\/kraeuter-groz.de\/wp-content\/uploads\/2019\/02\/logo.png\",\"width\":1451,\"height\":1208,\"caption\":\"Daniel Groz Soehne GmbH & Co. KG\"},\"image\":{\"@id\":\"https:\/\/kraeuter-groz.de\/#\/schema\/logo\/image\/\"}}]}<\/script>\n<!-- \/ Yoast SEO plugin. -->","yoast_head_json":{"title":"Zertifizierte Gew\u00fcrze und Gew\u00fcrzspezialit\u00e4ten","description":"Sorgf\u00e4ltige Herstellung laborgepr\u00fcfter Gew\u00fcrze und Gew\u00fcrzmischungen vom Spezialisten - lose oder in Fertigpackungen.","robots":{"index":"index","follow":"follow","max-snippet":"max-snippet:-1","max-image-preview":"max-image-preview:large","max-video-preview":"max-video-preview:-1"},"canonical":"https:\/\/kraeuter-groz.de\/en\/gewurze\/","og_locale":"en_GB","og_type":"article","og_title":"Zertifizierte Gew\u00fcrze und Gew\u00fcrzspezialit\u00e4ten","og_description":"Sorgf\u00e4ltige Herstellung laborgepr\u00fcfter Gew\u00fcrze und Gew\u00fcrzmischungen vom Spezialisten - lose oder in Fertigpackungen.","og_url":"https:\/\/kraeuter-groz.de\/en\/gewurze\/","og_site_name":"Kraeutergroz","article_modified_time":"2025-02-11T09:30:19+00:00","twitter_card":"summary_large_image","twitter_misc":{"Estimated reading time":"2 minutes"},"schema":{"@context":"https:\/\/schema.org","@graph":[{"@type":"WebPage","@id":"https:\/\/kraeuter-groz.de\/gewurze\/","url":"https:\/\/kraeuter-groz.de\/gewurze\/","name":"Zertifizierte Gew\u00fcrze und Gew\u00fcrzspezialit\u00e4ten","isPartOf":{"@id":"https:\/\/kraeuter-groz.de\/#website"},"datePublished":"2019-02-19T12:55:14+00:00","dateModified":"2025-02-11T09:30:19+00:00","description":"Sorgf\u00e4ltige Herstellung laborgepr\u00fcfter Gew\u00fcrze und Gew\u00fcrzmischungen vom Spezialisten - lose oder in Fertigpackungen.","breadcrumb":{"@id":"https:\/\/kraeuter-groz.de\/gewurze\/#breadcrumb"},"inLanguage":"en-GB","potentialAction":[{"@type":"ReadAction","target":["https:\/\/kraeuter-groz.de\/gewurze\/"]}]},{"@type":"BreadcrumbList","@id":"https:\/\/kraeuter-groz.de\/gewurze\/#breadcrumb","itemListElement":[{"@type":"ListItem","position":1,"name":"Startseite","item":"https:\/\/kraeuter-groz.de\/"},{"@type":"ListItem","position":2,"name":"Gew\u00fcrze"}]},{"@type":"WebSite","@id":"https:\/\/kraeuter-groz.de\/#website","url":"https:\/\/kraeuter-groz.de\/","name":"Kraeutergroz","description":"","publisher":{"@id":"https:\/\/kraeuter-groz.de\/#organization"},"potentialAction":[{"@type":"SearchAction","target":{"@type":"EntryPoint","urlTemplate":"https:\/\/kraeuter-groz.de\/?s={search_term_string}"},"query-input":"required name=search_term_string"}],"inLanguage":"en-GB"},{"@type":"Organization","@id":"https:\/\/kraeuter-groz.de\/#organization","name":"Daniel Groz Soehne GmbH & Co. KG","url":"https:\/\/kraeuter-groz.de\/","sameAs":[],"logo":{"@type":"ImageObject","inLanguage":"en-GB","@id":"https:\/\/kraeuter-groz.de\/#\/schema\/logo\/image\/","url":"https:\/\/kraeuter-groz.de\/wp-content\/uploads\/2019\/02\/logo.png","contentUrl":"https:\/\/kraeuter-groz.de\/wp-content\/uploads\/2019\/02\/logo.png","width":1451,"height":1208,"caption":"Daniel Groz Soehne GmbH & Co. KG"},"image":{"@id":"https:\/\/kraeuter-groz.de\/#\/schema\/logo\/image\/"}}]}},"_links":{"self":[{"href":"https:\/\/kraeuter-groz.de\/en\/wp-json\/wp\/v2\/pages\/8553"}],"collection":[{"href":"https:\/\/kraeuter-groz.de\/en\/wp-json\/wp\/v2\/pages"}],"about":[{"href":"https:\/\/kraeuter-groz.de\/en\/wp-json\/wp\/v2\/types\/page"}],"author":[{"embeddable":true,"href":"https:\/\/kraeuter-groz.de\/en\/wp-json\/wp\/v2\/users\/3"}],"replies":[{"embeddable":true,"href":"https:\/\/kraeuter-groz.de\/en\/wp-json\/wp\/v2\/comments?post=8553"}],"version-history":[{"count":19,"href":"https:\/\/kraeuter-groz.de\/en\/wp-json\/wp\/v2\/pages\/8553\/revisions"}],"predecessor-version":[{"id":10654,"href":"https:\/\/kraeuter-groz.de\/en\/wp-json\/wp\/v2\/pages\/8553\/revisions\/10654"}],"wp:attachment":[{"href":"https:\/\/kraeuter-groz.de\/en\/wp-json\/wp\/v2\/media?parent=8553"}],"curies":[{"name":"wp","href":"https:\/\/api.w.org\/{rel}","templated":true}]}}