{"id":8188,"date":"2019-02-15T05:38:16","date_gmt":"2019-02-15T05:38:16","guid":{"rendered":"http:\/\/kraeuter-groz.de\/?page_id=8188"},"modified":"2024-12-18T12:09:51","modified_gmt":"2024-12-18T11:09:51","slug":"impressum","status":"publish","type":"page","link":"https:\/\/kraeuter-groz.de\/en\/impressum\/","title":{"rendered":"Legal Notice"},"content":{"rendered":"<div data-row-brightness=\"light\" class=\"vc_row wpb_row vc_row-fluid impre_row vc_custom_1550211166053 rella-row-shadowbox-69ea5bffcdcaa\" style=\"\"><div class=\"wpb_column vc_column_container vc_col-sm-12\" ><div class=\"vc_column-inner\"  style=\"\"><div class=\"wpb_wrapper\">\n\t<div class=\"wpb_text_column wpb_content_element\">\n\t\t<div class=\"wpb_wrapper\">\n\t\t\t<p><strong>Daniel Groz Soehne GmbH &amp; Co. KG<\/strong><br \/>\n\u00c4ltestes Teekr\u00e4uterwerk Deutschlands, gegr\u00fcndet 1816<br \/>\nGr\u00fcngrabenstr. 52 &#8211; 54<br \/>\n72458 Albstadt (Germany)<\/p>\n<p><strong>Tel. :<\/strong>\u00a0<a href=\"tel:+49 7431 9354-0\">+49 7431 9354-0<\/a><br \/>\n<strong>Fax : <\/strong>+49 7431 9354-80<\/p>\n<p><strong>E-Mail :<\/strong> <a href=\"mailto:info@kraeuter-groz.de\">info@kraeuter-groz.de<\/a><br \/>\nwww.kraeuter-groz.de<\/p>\n<p>Sitz der Gesellschaft: Albstadt. AG Stuttgart, HRA 400266.<\/p>\n<p>Pers\u00f6nlich haftende Gesellschafterin:<br \/>\nGroz Verwaltungsgesellschaft mbH,<br \/>\nSitz Albstadt. AG Stuttgart, HRB 401378.<\/p>\n<p>Gesch\u00e4ftsf\u00fchrer: Werner R. Groz, Ramona Groz<\/p>\n<p>USt-Ident-Nr. DE144838855<\/p>\n<p>Internationale Lieferanten-Nr. GTIN 4018704000000<\/p>\n<p>LUCID-Verpackungsregister: DE2259411929748-V<\/p>\n<p>Biozertifiziert durch DE-\u00d6KO-039 Kontrollstelle GfRS<\/p>\n<p><strong>Gesch\u00e4ftszeiten :<\/strong><\/p>\n<p><strong>Montag &#8211; Donnerstag :<\/strong> 8:30 &#8211; 12:00 Uhr \/ 13:30 &#8211; 17:30 Uhr<br \/>\n<strong>Freitag :<\/strong> 8:30 &#8211; 12:00 Uhr<\/p>\n<p><strong>Werkverkauf-\u00d6ffnungszeiten :<\/strong><\/p>\n<p><strong>Montag + Mittwoch :<\/strong> 8:30 \u2013 12:00 Uhr \/ 13:30 &#8211; 17:30 Uhr<br \/>\n<strong>Dienstag + Donnerstag :<\/strong> 8:30 &#8211; 12:00 Uhr \/ 13:30 &#8211; 16:00 Uhr<br \/>\n<strong>Freitag :<\/strong> 8:30 \u2013 12:00 Uhr<\/p>\n<p><a href=\"http:\/\/www.tg-media-sales.de\">Realisierung und Umsetzung der Webseite: TG Media Sales GmbH &amp; Co.KG<\/a><\/p>\n\n\t\t<\/div>\n\t<\/div>\n<\/div><\/div><\/div><script type=\"text\/javascript\">(function($) {$(\"head\").append(\"<style>.rella-row-shadowbox-69ea5bffcdcaa{-webkit-box-shadow:;-moz-box-shadow:;box-shadow:;}<\/style>\");})(jQuery);<\/script><\/div><div data-row-brightness=\"light\" class=\"vc_row wpb_row vc_row-fluid rella-row-shadowbox-69ea5bffce2d7\" style=\"\"><div class=\"wpb_column vc_column_container vc_col-sm-2\" ><div class=\"vc_column-inner\"  style=\"\"><div class=\"wpb_wrapper\">\r\n\t<div class=\"wpb_single_image wpb_content_element vc_align_left\" >\r\n\t\t\r\n\t\t<figure class=\"wpb_wrapper vc_figure\">\r\n\t\t\t<div class=\"vc_single_image-wrapper   vc_box_border_grey\"><img data-rjs=\"https:\/\/kraeuter-groz.de\/wp-content\/uploads\/2019\/03\/WGA-Logo.jpg\" width=\"170\" height=\"125\" src=\"https:\/\/kraeuter-groz.de\/wp-content\/uploads\/2019\/03\/WGA-Logo.jpg\" class=\"vc_single_image-img attachment-full\" alt=\"WGA\" loading=\"lazy\" \/><\/div>\r\n\t\t<\/figure>\r\n\t<\/div>\r\n<\/div><\/div><\/div><div class=\"wpb_column vc_column_container vc_col-sm-10\" ><div class=\"vc_column-inner\"  style=\"\"><div class=\"wpb_wrapper\">\n\t<div class=\"wpb_text_column wpb_content_element\">\n\t\t<div class=\"wpb_wrapper\">\n\t\t\t<p><strong>W G A<\/strong><br \/>\nWirtschaftsvereinigung Gro\u00df- und Au\u00dfenhandel Hamburg e.V.<br \/>\n<a class=\"\" href=\"http:\/\/www.wga-hh.de\" target=\"_blank\" rel=\"noopener noreferrer\">www.wga-hh.de<\/a><\/p>\n\n\t\t<\/div>\n\t<\/div>\n<\/div><\/div><\/div><script type=\"text\/javascript\">(function($) {$(\"head\").append(\"<style>.rella-row-shadowbox-69ea5bffce2d7{-webkit-box-shadow:;-moz-box-shadow:;box-shadow:;}<\/style>\");})(jQuery);<\/script><\/div><div data-row-brightness=\"light\" class=\"vc_row wpb_row vc_row-fluid rella-row-shadowbox-69ea5bffd56d3\" style=\"\"><div class=\"wpb_column vc_column_container vc_col-sm-2\" ><div class=\"vc_column-inner\"  style=\"\"><div class=\"wpb_wrapper\">\r\n\t<div class=\"wpb_single_image wpb_content_element vc_align_left\" >\r\n\t\t\r\n\t\t<figure class=\"wpb_wrapper vc_figure\">\r\n\t\t\t<div class=\"vc_single_image-wrapper   vc_box_border_grey\"><img data-rjs=\"https:\/\/kraeuter-groz.de\/wp-content\/uploads\/2019\/03\/DKGV-Siegel.png\" width=\"606\" height=\"604\" src=\"https:\/\/kraeuter-groz.de\/wp-content\/uploads\/2019\/03\/DKGV-Siegel-30x30.png\" class=\"vc_single_image-img attachment-full progressive__img progressive--not-loaded\" alt=\"DKGV\" loading=\"lazy\" srcset=\"\" sizes=\"(max-width: 606px) 100vw, 606px\" data-progressive=\"https:\/\/kraeuter-groz.de\/wp-content\/uploads\/2019\/03\/DKGV-Siegel.png\" \/><\/div>\r\n\t\t<\/figure>\r\n\t<\/div>\r\n<\/div><\/div><\/div><div class=\"wpb_column vc_column_container vc_col-sm-10\" ><div class=\"vc_column-inner\"  style=\"\"><div class=\"wpb_wrapper\">\n\t<div class=\"wpb_text_column wpb_content_element\">\n\t\t<div class=\"wpb_wrapper\">\n\t\t\t<p><strong>D K G V<\/strong><br \/>\nDeutscher Kr\u00e4uter- und Gew\u00fcrzh\u00e4ndlerverband e. V.,<br \/>\nHamburg<br \/>\n<a href=\"http:\/\/www.wga-hh.de\/dkgv\" target=\"_blank\" rel=\"noopener noreferrer\">www.wga-hh.de\/dkgv<\/a><\/p>\n\n\t\t<\/div>\n\t<\/div>\n<\/div><\/div><\/div><script type=\"text\/javascript\">(function($) {$(\"head\").append(\"<style>.rella-row-shadowbox-69ea5bffd56d3{-webkit-box-shadow:;-moz-box-shadow:;box-shadow:;}<\/style>\");})(jQuery);<\/script><\/div><div data-row-brightness=\"light\" class=\"vc_row wpb_row vc_row-fluid n_download_row rella-row-shadowbox-69ea5bffe3a83\" style=\"\"><div class=\"wpb_column vc_column_container vc_col-sm-12\" ><div class=\"vc_column-inner\"  style=\"\"><div class=\"wpb_wrapper\"><div class=\"vc_row wpb_row vc_inner vc_row-fluid\" style=\"background-attachment:;\"><div class=\"wpb_column vc_column_container vc_col-sm-12\" ><div class=\"vc_column-inner\" style=\"\"><div class=\"wpb_wrapper\"><style>.ra_icon_box_69ea5bffe403b .icon-container{color:#1b6b56;background-color:#f1f5e5;}.ra_icon_box_69ea5bffe403b:hover .icon-container{background-color:#e4edcb;border-color:#e4edcb!important;}.ra_icon_box_69ea5bffe403b h3{font-size:16px;}<\/style>\n<div class=\"icon-box icon-box-circle icon-box-bordered icon-box-xlg icon-box-side ra_icon_box_69ea5bffe403b\"  id=\"ra_icon_box_69ea5bffe403b\">\n\n\t\t<span class=\"icon-container\"><i class=\"fa fa-download\"><\/i><\/span>\n\t\n\t<div class=\"contents\">\n\t\t\t\t<h3>Conditions<\/h3>\t\t\t\t\t\t<a href=\"https:\/\/kraeuter-groz.de\/wp-content\/uploads\/2024\/12\/AGB-Daniel-Groz-Soehne-GmbH-Co-KG-auf-2-Seiten-gueltig-ab-01012025.pdf\" target=\"_blank\" class=\"btn btn-underlined border-thin ra_button_69ea5bffe42be\" >\n\t\t\t\t<span>\n\tDownload\t<\/span>\n<\/a>\n\n\t<\/div>\n<\/div>\n<\/div><\/div><\/div><\/div><\/div><\/div><\/div><script type=\"text\/javascript\">(function($) {$(\"head\").append(\"<style>.rella-row-shadowbox-69ea5bffe3a83{-webkit-box-shadow:;-moz-box-shadow:;box-shadow:;}<\/style>\");})(jQuery);<\/script><\/div>","protected":false},"excerpt":{"rendered":"Daniel Groz Soehne GmbH &amp; Co. KG \u00c4ltestes Teekr\u00e4uterwerk Deutschlands, gegr\u00fcndet 1816 Gr\u00fcngrabenstr. 52 - 54 72458 Albstadt (Germany) Tel. :\u00a0+49 7431 9354-0 Fax : +49 7431 9354-80 E-Mail : info@kraeuter-groz.de www.kraeuter-groz.de Sitz der Gesellschaft: Albstadt. AG Stuttgart, HRA 400266. Pers\u00f6nlich haftende Gesellschafterin: Groz Verwaltungsgesellschaft mbH, Sitz Albstadt. AG Stuttgart, HRB 401378. Gesch\u00e4ftsf\u00fchrer: Werner R. [...]","protected":false},"author":3,"featured_media":0,"parent":0,"menu_order":0,"comment_status":"closed","ping_status":"closed","template":"","meta":[],"yoast_head":"<!-- This site is optimized with the Yoast SEO plugin v19.6 - https:\/\/yoast.com\/wordpress\/plugins\/seo\/ -->\n<title>Impressum<\/title>\n<meta name=\"robots\" content=\"noindex, follow\" \/>\n<meta property=\"og:locale\" content=\"en_GB\" \/>\n<meta property=\"og:type\" content=\"article\" \/>\n<meta property=\"og:title\" content=\"Impressum\" \/>\n<meta property=\"og:url\" content=\"https:\/\/kraeuter-groz.de\/en\/impressum\/\" \/>\n<meta property=\"og:site_name\" content=\"Kraeutergroz\" \/>\n<meta property=\"article:modified_time\" content=\"2024-12-18T11:09:51+00:00\" \/>\n<meta name=\"twitter:card\" content=\"summary_large_image\" \/>\n<meta name=\"twitter:label1\" content=\"Estimated reading time\" \/>\n\t<meta name=\"twitter:data1\" content=\"2 minutes\" \/>\n<script type=\"application\/ld+json\" class=\"yoast-schema-graph\">{\"@context\":\"https:\/\/schema.org\",\"@graph\":[{\"@type\":\"WebPage\",\"@id\":\"https:\/\/kraeuter-groz.de\/impressum\/\",\"url\":\"https:\/\/kraeuter-groz.de\/impressum\/\",\"name\":\"Impressum\",\"isPartOf\":{\"@id\":\"https:\/\/kraeuter-groz.de\/#website\"},\"datePublished\":\"2019-02-15T05:38:16+00:00\",\"dateModified\":\"2024-12-18T11:09:51+00:00\",\"breadcrumb\":{\"@id\":\"https:\/\/kraeuter-groz.de\/impressum\/#breadcrumb\"},\"inLanguage\":\"en-GB\",\"potentialAction\":[{\"@type\":\"ReadAction\",\"target\":[\"https:\/\/kraeuter-groz.de\/impressum\/\"]}]},{\"@type\":\"BreadcrumbList\",\"@id\":\"https:\/\/kraeuter-groz.de\/impressum\/#breadcrumb\",\"itemListElement\":[{\"@type\":\"ListItem\",\"position\":1,\"name\":\"Startseite\",\"item\":\"https:\/\/kraeuter-groz.de\/\"},{\"@type\":\"ListItem\",\"position\":2,\"name\":\"Impressum\"}]},{\"@type\":\"WebSite\",\"@id\":\"https:\/\/kraeuter-groz.de\/#website\",\"url\":\"https:\/\/kraeuter-groz.de\/\",\"name\":\"Kraeutergroz\",\"description\":\"\",\"publisher\":{\"@id\":\"https:\/\/kraeuter-groz.de\/#organization\"},\"potentialAction\":[{\"@type\":\"SearchAction\",\"target\":{\"@type\":\"EntryPoint\",\"urlTemplate\":\"https:\/\/kraeuter-groz.de\/?s={search_term_string}\"},\"query-input\":\"required name=search_term_string\"}],\"inLanguage\":\"en-GB\"},{\"@type\":\"Organization\",\"@id\":\"https:\/\/kraeuter-groz.de\/#organization\",\"name\":\"Daniel Groz Soehne GmbH & Co. KG\",\"url\":\"https:\/\/kraeuter-groz.de\/\",\"sameAs\":[],\"logo\":{\"@type\":\"ImageObject\",\"inLanguage\":\"en-GB\",\"@id\":\"https:\/\/kraeuter-groz.de\/#\/schema\/logo\/image\/\",\"url\":\"https:\/\/kraeuter-groz.de\/wp-content\/uploads\/2019\/02\/logo.png\",\"contentUrl\":\"https:\/\/kraeuter-groz.de\/wp-content\/uploads\/2019\/02\/logo.png\",\"width\":1451,\"height\":1208,\"caption\":\"Daniel Groz Soehne GmbH & Co. KG\"},\"image\":{\"@id\":\"https:\/\/kraeuter-groz.de\/#\/schema\/logo\/image\/\"}}]}<\/script>\n<!-- \/ Yoast SEO plugin. -->","yoast_head_json":{"title":"Impressum","robots":{"index":"noindex","follow":"follow"},"og_locale":"en_GB","og_type":"article","og_title":"Impressum","og_url":"https:\/\/kraeuter-groz.de\/en\/impressum\/","og_site_name":"Kraeutergroz","article_modified_time":"2024-12-18T11:09:51+00:00","twitter_card":"summary_large_image","twitter_misc":{"Estimated reading time":"2 minutes"},"schema":{"@context":"https:\/\/schema.org","@graph":[{"@type":"WebPage","@id":"https:\/\/kraeuter-groz.de\/impressum\/","url":"https:\/\/kraeuter-groz.de\/impressum\/","name":"Impressum","isPartOf":{"@id":"https:\/\/kraeuter-groz.de\/#website"},"datePublished":"2019-02-15T05:38:16+00:00","dateModified":"2024-12-18T11:09:51+00:00","breadcrumb":{"@id":"https:\/\/kraeuter-groz.de\/impressum\/#breadcrumb"},"inLanguage":"en-GB","potentialAction":[{"@type":"ReadAction","target":["https:\/\/kraeuter-groz.de\/impressum\/"]}]},{"@type":"BreadcrumbList","@id":"https:\/\/kraeuter-groz.de\/impressum\/#breadcrumb","itemListElement":[{"@type":"ListItem","position":1,"name":"Startseite","item":"https:\/\/kraeuter-groz.de\/"},{"@type":"ListItem","position":2,"name":"Impressum"}]},{"@type":"WebSite","@id":"https:\/\/kraeuter-groz.de\/#website","url":"https:\/\/kraeuter-groz.de\/","name":"Kraeutergroz","description":"","publisher":{"@id":"https:\/\/kraeuter-groz.de\/#organization"},"potentialAction":[{"@type":"SearchAction","target":{"@type":"EntryPoint","urlTemplate":"https:\/\/kraeuter-groz.de\/?s={search_term_string}"},"query-input":"required name=search_term_string"}],"inLanguage":"en-GB"},{"@type":"Organization","@id":"https:\/\/kraeuter-groz.de\/#organization","name":"Daniel Groz Soehne GmbH & Co. KG","url":"https:\/\/kraeuter-groz.de\/","sameAs":[],"logo":{"@type":"ImageObject","inLanguage":"en-GB","@id":"https:\/\/kraeuter-groz.de\/#\/schema\/logo\/image\/","url":"https:\/\/kraeuter-groz.de\/wp-content\/uploads\/2019\/02\/logo.png","contentUrl":"https:\/\/kraeuter-groz.de\/wp-content\/uploads\/2019\/02\/logo.png","width":1451,"height":1208,"caption":"Daniel Groz Soehne GmbH & Co. KG"},"image":{"@id":"https:\/\/kraeuter-groz.de\/#\/schema\/logo\/image\/"}}]}},"_links":{"self":[{"href":"https:\/\/kraeuter-groz.de\/en\/wp-json\/wp\/v2\/pages\/8188"}],"collection":[{"href":"https:\/\/kraeuter-groz.de\/en\/wp-json\/wp\/v2\/pages"}],"about":[{"href":"https:\/\/kraeuter-groz.de\/en\/wp-json\/wp\/v2\/types\/page"}],"author":[{"embeddable":true,"href":"https:\/\/kraeuter-groz.de\/en\/wp-json\/wp\/v2\/users\/3"}],"replies":[{"embeddable":true,"href":"https:\/\/kraeuter-groz.de\/en\/wp-json\/wp\/v2\/comments?post=8188"}],"version-history":[{"count":13,"href":"https:\/\/kraeuter-groz.de\/en\/wp-json\/wp\/v2\/pages\/8188\/revisions"}],"predecessor-version":[{"id":10601,"href":"https:\/\/kraeuter-groz.de\/en\/wp-json\/wp\/v2\/pages\/8188\/revisions\/10601"}],"wp:attachment":[{"href":"https:\/\/kraeuter-groz.de\/en\/wp-json\/wp\/v2\/media?parent=8188"}],"curies":[{"name":"wp","href":"https:\/\/api.w.org\/{rel}","templated":true}]}}