{"id":7181,"date":"2017-08-29T13:06:13","date_gmt":"2017-08-29T13:06:13","guid":{"rendered":"http:\/\/classic.themerella.com\/?page_id=7181"},"modified":"2024-04-25T11:06:11","modified_gmt":"2024-04-25T09:06:11","slug":"kontakt","status":"publish","type":"page","link":"https:\/\/kraeuter-groz.de\/en\/kontakt\/","title":{"rendered":"Contact"},"content":{"rendered":"<div data-row-brightness=\"light\" class=\"vc_row wpb_row vc_row-fluid kontakt_page_title rella-row-shadowbox-69ea592c8738a\" style=\"\"><div class=\"wpb_column vc_column_container vc_col-sm-12\" ><div class=\"vc_column-inner\"  style=\"\"><div class=\"wpb_wrapper\"><style>.ra_section_title_69ea592c879bd h1{font-size:28px;border-bottom-color:1.25em;color:#1b6b56;line-height:1.25em;}<\/style><header class=\"section-title section-title-default section-title-resolve align-center ra_section_title_69ea592c879bd vc_custom_1550830909974\" >\n\t<h1 class=\"title\">DANIEL GROZ SOEHNE GmbH &amp; Co. KG<\/h1><\/header><\/div><\/div><\/div><script type=\"text\/javascript\">(function($) {$(\"head\").append(\"<style>.rella-row-shadowbox-69ea592c8738a{-webkit-box-shadow:;-moz-box-shadow:;box-shadow:;}<\/style>\");})(jQuery);<\/script><\/div><div data-vc-full-width=\"true\" data-vc-full-width-init=\"false\" data-row-brightness=\"light\" class=\"vc_row wpb_row vc_row-fluid kontakt_icon vc_custom_1607355852538 rella-row-shadowbox-69ea592c87d5a rella-row-responsive-69ea592c87d5c vc_row-o-equal-height vc_row-flex\" style=\"background-attachment:fixed;\"><div class=\"wpb_column vc_column_container vc_col-sm-3 vc_col-md-offset-0 vc_col-xs-12\" ><div class=\"vc_column-inner\"  style=\"\"><div class=\"wpb_wrapper\"><style>.ra_icon_box_69ea592c880af .icon-container{color:#000000;font-size:40px;background-color:#f2f2f2;}.ra_icon_box_69ea592c880af:hover .icon-container{background-color:#f2f2f2;border-color:#f2f2f2!important;}<\/style>\n<div class=\"icon-box icon-box-shadow-onhover icon-box-circle icon-box-bordered icon-box-md icon-box-heading-md ra_icon_box_69ea592c880af\"  data-plugin-textslide=\"true\"   data-plugin-textslide-options='{\"element\":\"h3\",\"autoplay\":true,\"delay\":2000}'  id=\"ra_icon_box_69ea592c880af\">\n\n\t\t<span class=\"icon-container\"><i class=\"fa fa-phone\"><\/i><\/span>\n\t\n\t<div class=\"contents\">\n\t\t\t\t<h3 class=\"weight-semibold\" >Phone<\/h3>\t\t<p><a href=\"tel:+49 (0) 7431 9354-0\">+49 (0) 7431 9354-0<\/a><\/p>\n\t\t\t\t\n\t<\/div>\n<\/div>\n<\/div><\/div><\/div><div class=\"wpb_column vc_column_container vc_col-sm-3\" ><div class=\"vc_column-inner\"  style=\"\"><div class=\"wpb_wrapper\"><style>.ra_icon_box_69ea592c8844a .icon-container{color:#000000;font-size:40px;background-color:#f2f2f2;}.ra_icon_box_69ea592c8844a:hover .icon-container{background-color:#f2f2f2;border-color:#f2f2f2!important;}<\/style>\n<div class=\"icon-box icon-box-shadow-onhover icon-box-circle icon-box-bordered icon-box-md icon-box-heading-md ra_icon_box_69ea592c8844a\"  data-plugin-textslide=\"true\"   data-plugin-textslide-options='{\"element\":\"h3\",\"autoplay\":true,\"delay\":2000}'  id=\"ra_icon_box_69ea592c8844a\">\n\n\t\t<span class=\"icon-container\"><i class=\"fa fa-fax\"><\/i><\/span>\n\t\n\t<div class=\"contents\">\n\t\t\t\t<h3 class=\"weight-semibold\" >Fax<\/h3>\t\t<p>+49 (0) 7431 9354-80<\/p>\n\t\t\t\t\n\t<\/div>\n<\/div>\n<\/div><\/div><\/div><div class=\"wpb_column vc_column_container vc_col-sm-3\" data-animation-delay=\"200\" ><div class=\"vc_column-inner\"  style=\"\"><div class=\"wpb_wrapper\"><style>.ra_icon_box_69ea592c8878a .icon-container{color:#000000;font-size:40px;background-color:#f2f2f2;}.ra_icon_box_69ea592c8878a:hover .icon-container{background-color:#f2f2f2;border-color:#f2f2f2!important;}<\/style>\n<div class=\"icon-box icon-box-shadow-onhover icon-box-circle icon-box-bordered icon-box-md icon-box-heading-md ra_icon_box_69ea592c8878a\"  data-plugin-textslide=\"true\"   data-plugin-textslide-options='{\"element\":\"h3\",\"autoplay\":true,\"delay\":2000}'  id=\"ra_icon_box_69ea592c8878a\">\n\n\t\t<span class=\"icon-container\"><i class=\"fa fa-envelope\"><\/i><\/span>\n\t\n\t<div class=\"contents\">\n\t\t\t\t<h3 class=\"weight-semibold\" >Email<\/h3>\t\t<p><a href=\"mailto:info@kraeutergroz.de\">info@kraeutergroz.de<\/a><\/p>\n\t\t\t\t\n\t<\/div>\n<\/div>\n<\/div><\/div><\/div><div class=\"kon_adds_col wpb_column vc_column_container vc_col-sm-3\" ><div class=\"vc_column-inner\"  style=\"\"><div class=\"wpb_wrapper\"><style>.ra_icon_box_69ea592c88af9 .icon-container{color:#000000;font-size:40px;background-color:#f2f2f2;}.ra_icon_box_69ea592c88af9:hover .icon-container{background-color:#f2f2f2;border-color:#f2f2f2!important;}<\/style>\n<div class=\"icon-box icon-box-shadow-onhover icon-box-circle icon-box-bordered icon-box-md icon-box-heading-md ra_icon_box_69ea592c88af9\"  data-plugin-textslide=\"true\"   data-plugin-textslide-options='{\"element\":\"h3\",\"autoplay\":true,\"delay\":2000}'  id=\"ra_icon_box_69ea592c88af9\">\n\n\t\t<span class=\"icon-container\"><i class=\"fa fa-map-marker\"><\/i><\/span>\n\t\n\t<div class=\"contents\">\n\t\t\t\t<h3 class=\"weight-semibold\" >Address<\/h3>\t\t<p><span style=\"font-size: 14px\">Gr\u00fcngrabenstr. 52-54<\/span><br \/>\n<span style=\"font-size: 14px\">D &#8211; 72458 Albstadt<\/span><\/p>\n\t\t\t\t\n\t<\/div>\n<\/div>\n<\/div><\/div><\/div><script type=\"text\/javascript\">(function($) {$(\"head\").append(\"<style>@media (max-width: 1199px) and (min-width: 992px) { .rella-row-responsive-69ea592c87d5c {padding-bottom:200px !important;  }  } @media (max-width: 991px) and (min-width: 768px) { .rella-row-responsive-69ea592c87d5c {padding-bottom:180px !important;  }  } @media (max-width: 767px) { .rella-row-responsive-69ea592c87d5c {padding-top:0px !important; padding-bottom:20px !important;  }  } .rella-row-shadowbox-69ea592c87d5a{-webkit-box-shadow:;-moz-box-shadow:;box-shadow:;}<\/style>\");})(jQuery);<\/script><\/div><div class=\"vc_row-full-width vc_clearfix\"><\/div><div data-row-brightness=\"light\" class=\"vc_row wpb_row vc_row-fluid kontakt_form vc_custom_1551158483669 rella-row-shadowbox-69ea592c88ee4 vc_row-has-fill vc_column-gap-35\" style=\"background-attachment:fixed;\"><div class=\"wpb_column vc_column_container vc_col-sm-10 vc_col-lg-offset-1 vc_col-has-fill rella-column-responsive-69ea592c890b8\" ><div class=\"vc_column-inner vc_custom_1551157852593\"  style=\"\"><div class=\"wpb_wrapper\">\n\t<div class=\"wpb_text_column wpb_content_element\">\n\t\t<div class=\"wpb_wrapper\">\n\t\t\t<p style=\"text-align: center; font-size: 20px; color: #fff;\">Any questions? Call us or write us!<\/p>\n\n\t\t<\/div>\n\t<\/div>\n<div class=\"contact-form contact-gray ra_cf7_69ea592c89247\">\n\t<div role=\"form\" class=\"wpcf7\" id=\"wpcf7-f2669-o1\" lang=\"en-US\" dir=\"ltr\">\n<div class=\"screen-reader-response\"><p role=\"status\" aria-live=\"polite\" aria-atomic=\"true\"><\/p> <ul><\/ul><\/div>\n<form action=\"\/en\/wp-json\/wp\/v2\/pages\/7181#wpcf7-f2669-o1\" method=\"post\" class=\"wpcf7-form init\" novalidate=\"novalidate\" data-status=\"init\" data-trp-original-action=\"\/en\/wp-json\/wp\/v2\/pages\/7181#wpcf7-f2669-o1\">\n<div style=\"display: none;\">\n<input type=\"hidden\" name=\"_wpcf7\" value=\"2669\" \/>\n<input type=\"hidden\" name=\"_wpcf7_version\" value=\"5.6.2\" \/>\n<input type=\"hidden\" name=\"_wpcf7_locale\" value=\"en_US\" \/>\n<input type=\"hidden\" name=\"_wpcf7_unit_tag\" value=\"wpcf7-f2669-o1\" \/>\n<input type=\"hidden\" name=\"_wpcf7_container_post\" value=\"0\" \/>\n<input type=\"hidden\" name=\"_wpcf7_posted_data_hash\" value=\"\" \/>\n<input type=\"hidden\" name=\"_wpcf7_recaptcha_response\" value=\"\" \/>\n<\/div>\n<div class=\"row\">\n<p class=\"col-md-6\"><span class=\"wpcf7-form-control-wrap\" data-name=\"text-206\"><input type=\"text\" name=\"text-206\" value=\"\" size=\"40\" class=\"wpcf7-form-control wpcf7-text wpcf7-validates-as-required\" id=\"name3\" aria-required=\"true\" aria-invalid=\"false\" \/><\/span><label for=\"name3\" data-content=\"Name*\"><span>Name<\/span><\/label><\/p>\n<p class=\"col-md-6\"><span class=\"wpcf7-form-control-wrap\" data-name=\"email-910\"><input type=\"email\" name=\"email-910\" value=\"\" size=\"40\" class=\"wpcf7-form-control wpcf7-text wpcf7-email wpcf7-validates-as-required wpcf7-validates-as-email\" id=\"email3\" aria-required=\"true\" aria-invalid=\"false\" \/><\/span><label for=\"email3\" data-content=\"E-Mail*\"><span>Email<\/span><\/label><\/p>\n<p class=\"col-md-12\"><span class=\"wpcf7-form-control-wrap\" data-name=\"text-207\"><input type=\"tel\" name=\"text-207\" value=\"\" size=\"40\" class=\"wpcf7-form-control wpcf7-text wpcf7-tel wpcf7-validates-as-tel\" id=\"phone3\" aria-invalid=\"false\" \/><\/span><label for=\"phone3\" data-content=\"Telefon*\"><span>Phone<\/span><\/label><\/p>\n<p class=\"col-md-12\"><span class=\"wpcf7-form-control-wrap\" data-name=\"textarea-624\"><textarea name=\"textarea-624\" cols=\"40\" rows=\"7\" class=\"wpcf7-form-control wpcf7-textarea wpcf7-validates-as-required\" id=\"message3\" aria-required=\"true\" aria-invalid=\"false\"><\/textarea><\/span><label for=\"message3\" data-content=\"Nachricht*\"><span>Message<\/span><\/label><\/p>\n<p class=\"col-md-9 check_blog\" style=\"margin-bottom:0px;\"><span class=\"wpcf7-form-control-wrap\" data-name=\"your-consent\"><span class=\"wpcf7-form-control wpcf7-acceptance\"><span class=\"wpcf7-list-item\"><label><input type=\"checkbox\" name=\"your-consent\" value=\"1\" aria-invalid=\"false\" \/><span class=\"wpcf7-list-item-label\">I have read the <a href=\"https:\/\/kraeuter-groz.de\/en\/datenschutz\/\" target=\"blank\">Privacy<\/a> Policy<\/span><\/label><\/span><\/span><\/span><\/p>\n<p class=\"col-md-3\"><button type=\"submit\" class=\"wpcf7-form-control wpcf7-submit\">Send<\/button><\/p>\n<\/div>\n<div class=\"wpcf7-response-output\" aria-hidden=\"true\"><\/div><input type=\"hidden\" name=\"trp-form-language\" value=\"en\"\/><\/form><\/div><\/div><\/div><\/div><script type=\"text\/javascript\">(function($) {$(\"head\").append(\"<style>@media (max-width: 767px) { .rella-column-responsive-69ea592c890b8 > .vc_column-inner {padding-right:20px !important; padding-bottom:20px !important; padding-left:20px !important;  }  } <\/style>\");})(jQuery);<\/script><\/div><script type=\"text\/javascript\">(function($) {$(\"head\").append(\"<style>.rella-row-shadowbox-69ea592c88ee4{-webkit-box-shadow:;-moz-box-shadow:;box-shadow:;}<\/style>\");})(jQuery);<\/script><\/div>","protected":false},"excerpt":{"rendered":".ra_section_title_69ea592c8a0ec h1{font-size:28px;border-bottom-color:1.25em;color:#1b6b56;line-height:1.25em;} DANIEL GROZ SOEHNE GmbH &amp; Co. KG(function($) {$(\"head\").append(\".rella-row-shadowbox-69ea592c89e7f{-webkit-box-shadow:;-moz-box-shadow:;box-shadow:;}\");})(jQuery);.ra_icon_box_69ea592c8a5a2 .icon-container{color:#000000;font-size:40px;background-color:#f2f2f2;}.ra_icon_box_69ea592c8a5a2:hover .icon-container{background-color:#f2f2f2;border-color:#f2f2f2!important;} Telefon +49 (0) 7431 9354-0 .ra_icon_box_69ea592c8a915 .icon-container{color:#000000;font-size:40px;background-color:#f2f2f2;}.ra_icon_box_69ea592c8a915:hover .icon-container{background-color:#f2f2f2;border-color:#f2f2f2!important;} Fax +49 (0) 7431 9354-80 .ra_icon_box_69ea592c8ac4e .icon-container{color:#000000;font-size:40px;background-color:#f2f2f2;}.ra_icon_box_69ea592c8ac4e:hover .icon-container{background-color:#f2f2f2;border-color:#f2f2f2!important;} E-Mail info@kraeutergroz.de .ra_icon_box_69ea592c8af92 .icon-container{color:#000000;font-size:40px;background-color:#f2f2f2;}.ra_icon_box_69ea592c8af92:hover .icon-container{background-color:#f2f2f2;border-color:#f2f2f2!important;} Adresse Gr\u00fcngrabenstr. 52-54 D - 72458 Albstadt (function($) {$(\"head\").append(\"@media (max-width: 1199px) and (min-width: 992px) { .rella-row-responsive-69ea592c8a308 {padding-bottom:200px !important; } } @media (max-width: [...]","protected":false},"author":3,"featured_media":0,"parent":0,"menu_order":0,"comment_status":"closed","ping_status":"closed","template":"","meta":[],"yoast_head":"<!-- This site is optimized with the Yoast SEO plugin v19.6 - https:\/\/yoast.com\/wordpress\/plugins\/seo\/ -->\n<title>Kontakt aufnehmen<\/title>\n<meta name=\"description\" content=\"Interessiert an individuellen Tee-, Kr\u00e4uter oder Gew\u00fcrzmischungen? Kontaktieren Sie uns. Wir beraten Sie fachm\u00e4nnisch.\" \/>\n<meta name=\"robots\" content=\"index, follow, max-snippet:-1, max-image-preview:large, max-video-preview:-1\" \/>\n<link rel=\"canonical\" href=\"https:\/\/kraeuter-groz.de\/en\/kontakt\/\" \/>\n<meta property=\"og:locale\" content=\"en_GB\" \/>\n<meta property=\"og:type\" content=\"article\" \/>\n<meta property=\"og:title\" content=\"Kontakt aufnehmen\" \/>\n<meta property=\"og:description\" content=\"Interessiert an individuellen Tee-, Kr\u00e4uter oder Gew\u00fcrzmischungen? Kontaktieren Sie uns. Wir beraten Sie fachm\u00e4nnisch.\" \/>\n<meta property=\"og:url\" content=\"https:\/\/kraeuter-groz.de\/en\/kontakt\/\" \/>\n<meta property=\"og:site_name\" content=\"Kraeutergroz\" \/>\n<meta property=\"article:modified_time\" content=\"2024-04-25T09:06:11+00:00\" \/>\n<meta name=\"twitter:card\" content=\"summary_large_image\" \/>\n<meta name=\"twitter:label1\" content=\"Estimated reading time\" \/>\n\t<meta name=\"twitter:data1\" content=\"2 minutes\" \/>\n<script type=\"application\/ld+json\" class=\"yoast-schema-graph\">{\"@context\":\"https:\/\/schema.org\",\"@graph\":[{\"@type\":\"WebPage\",\"@id\":\"https:\/\/kraeuter-groz.de\/kontakt\/\",\"url\":\"https:\/\/kraeuter-groz.de\/kontakt\/\",\"name\":\"Kontakt aufnehmen\",\"isPartOf\":{\"@id\":\"https:\/\/kraeuter-groz.de\/#website\"},\"datePublished\":\"2017-08-29T13:06:13+00:00\",\"dateModified\":\"2024-04-25T09:06:11+00:00\",\"description\":\"Interessiert an individuellen Tee-, Kr\u00e4uter oder Gew\u00fcrzmischungen? Kontaktieren Sie uns. Wir beraten Sie fachm\u00e4nnisch.\",\"breadcrumb\":{\"@id\":\"https:\/\/kraeuter-groz.de\/kontakt\/#breadcrumb\"},\"inLanguage\":\"en-GB\",\"potentialAction\":[{\"@type\":\"ReadAction\",\"target\":[\"https:\/\/kraeuter-groz.de\/kontakt\/\"]}]},{\"@type\":\"BreadcrumbList\",\"@id\":\"https:\/\/kraeuter-groz.de\/kontakt\/#breadcrumb\",\"itemListElement\":[{\"@type\":\"ListItem\",\"position\":1,\"name\":\"Startseite\",\"item\":\"https:\/\/kraeuter-groz.de\/\"},{\"@type\":\"ListItem\",\"position\":2,\"name\":\"Kontakt\"}]},{\"@type\":\"WebSite\",\"@id\":\"https:\/\/kraeuter-groz.de\/#website\",\"url\":\"https:\/\/kraeuter-groz.de\/\",\"name\":\"Kraeutergroz\",\"description\":\"\",\"publisher\":{\"@id\":\"https:\/\/kraeuter-groz.de\/#organization\"},\"potentialAction\":[{\"@type\":\"SearchAction\",\"target\":{\"@type\":\"EntryPoint\",\"urlTemplate\":\"https:\/\/kraeuter-groz.de\/?s={search_term_string}\"},\"query-input\":\"required name=search_term_string\"}],\"inLanguage\":\"en-GB\"},{\"@type\":\"Organization\",\"@id\":\"https:\/\/kraeuter-groz.de\/#organization\",\"name\":\"Daniel Groz Soehne GmbH & Co. KG\",\"url\":\"https:\/\/kraeuter-groz.de\/\",\"sameAs\":[],\"logo\":{\"@type\":\"ImageObject\",\"inLanguage\":\"en-GB\",\"@id\":\"https:\/\/kraeuter-groz.de\/#\/schema\/logo\/image\/\",\"url\":\"https:\/\/kraeuter-groz.de\/wp-content\/uploads\/2019\/02\/logo.png\",\"contentUrl\":\"https:\/\/kraeuter-groz.de\/wp-content\/uploads\/2019\/02\/logo.png\",\"width\":1451,\"height\":1208,\"caption\":\"Daniel Groz Soehne GmbH & Co. KG\"},\"image\":{\"@id\":\"https:\/\/kraeuter-groz.de\/#\/schema\/logo\/image\/\"}}]}<\/script>\n<!-- \/ Yoast SEO plugin. -->","yoast_head_json":{"title":"Kontakt aufnehmen","description":"Interessiert an individuellen Tee-, Kr\u00e4uter oder Gew\u00fcrzmischungen? Kontaktieren Sie uns. Wir beraten Sie fachm\u00e4nnisch.","robots":{"index":"index","follow":"follow","max-snippet":"max-snippet:-1","max-image-preview":"max-image-preview:large","max-video-preview":"max-video-preview:-1"},"canonical":"https:\/\/kraeuter-groz.de\/en\/kontakt\/","og_locale":"en_GB","og_type":"article","og_title":"Kontakt aufnehmen","og_description":"Interessiert an individuellen Tee-, Kr\u00e4uter oder Gew\u00fcrzmischungen? Kontaktieren Sie uns. Wir beraten Sie fachm\u00e4nnisch.","og_url":"https:\/\/kraeuter-groz.de\/en\/kontakt\/","og_site_name":"Kraeutergroz","article_modified_time":"2024-04-25T09:06:11+00:00","twitter_card":"summary_large_image","twitter_misc":{"Estimated reading time":"2 minutes"},"schema":{"@context":"https:\/\/schema.org","@graph":[{"@type":"WebPage","@id":"https:\/\/kraeuter-groz.de\/kontakt\/","url":"https:\/\/kraeuter-groz.de\/kontakt\/","name":"Kontakt aufnehmen","isPartOf":{"@id":"https:\/\/kraeuter-groz.de\/#website"},"datePublished":"2017-08-29T13:06:13+00:00","dateModified":"2024-04-25T09:06:11+00:00","description":"Interessiert an individuellen Tee-, Kr\u00e4uter oder Gew\u00fcrzmischungen? Kontaktieren Sie uns. Wir beraten Sie fachm\u00e4nnisch.","breadcrumb":{"@id":"https:\/\/kraeuter-groz.de\/kontakt\/#breadcrumb"},"inLanguage":"en-GB","potentialAction":[{"@type":"ReadAction","target":["https:\/\/kraeuter-groz.de\/kontakt\/"]}]},{"@type":"BreadcrumbList","@id":"https:\/\/kraeuter-groz.de\/kontakt\/#breadcrumb","itemListElement":[{"@type":"ListItem","position":1,"name":"Startseite","item":"https:\/\/kraeuter-groz.de\/"},{"@type":"ListItem","position":2,"name":"Kontakt"}]},{"@type":"WebSite","@id":"https:\/\/kraeuter-groz.de\/#website","url":"https:\/\/kraeuter-groz.de\/","name":"Kraeutergroz","description":"","publisher":{"@id":"https:\/\/kraeuter-groz.de\/#organization"},"potentialAction":[{"@type":"SearchAction","target":{"@type":"EntryPoint","urlTemplate":"https:\/\/kraeuter-groz.de\/?s={search_term_string}"},"query-input":"required name=search_term_string"}],"inLanguage":"en-GB"},{"@type":"Organization","@id":"https:\/\/kraeuter-groz.de\/#organization","name":"Daniel Groz Soehne GmbH & Co. KG","url":"https:\/\/kraeuter-groz.de\/","sameAs":[],"logo":{"@type":"ImageObject","inLanguage":"en-GB","@id":"https:\/\/kraeuter-groz.de\/#\/schema\/logo\/image\/","url":"https:\/\/kraeuter-groz.de\/wp-content\/uploads\/2019\/02\/logo.png","contentUrl":"https:\/\/kraeuter-groz.de\/wp-content\/uploads\/2019\/02\/logo.png","width":1451,"height":1208,"caption":"Daniel Groz Soehne GmbH & Co. KG"},"image":{"@id":"https:\/\/kraeuter-groz.de\/#\/schema\/logo\/image\/"}}]}},"_links":{"self":[{"href":"https:\/\/kraeuter-groz.de\/en\/wp-json\/wp\/v2\/pages\/7181"}],"collection":[{"href":"https:\/\/kraeuter-groz.de\/en\/wp-json\/wp\/v2\/pages"}],"about":[{"href":"https:\/\/kraeuter-groz.de\/en\/wp-json\/wp\/v2\/types\/page"}],"author":[{"embeddable":true,"href":"https:\/\/kraeuter-groz.de\/en\/wp-json\/wp\/v2\/users\/3"}],"replies":[{"embeddable":true,"href":"https:\/\/kraeuter-groz.de\/en\/wp-json\/wp\/v2\/comments?post=7181"}],"version-history":[{"count":15,"href":"https:\/\/kraeuter-groz.de\/en\/wp-json\/wp\/v2\/pages\/7181\/revisions"}],"predecessor-version":[{"id":10590,"href":"https:\/\/kraeuter-groz.de\/en\/wp-json\/wp\/v2\/pages\/7181\/revisions\/10590"}],"wp:attachment":[{"href":"https:\/\/kraeuter-groz.de\/en\/wp-json\/wp\/v2\/media?parent=7181"}],"curies":[{"name":"wp","href":"https:\/\/api.w.org\/{rel}","templated":true}]}}