{"id":10158,"date":"2021-09-07T16:07:19","date_gmt":"2021-09-07T14:07:19","guid":{"rendered":"https:\/\/kraeuter-groz.de\/?page_id=10158"},"modified":"2022-04-13T11:29:29","modified_gmt":"2022-04-13T09:29:29","slug":"schlauchbeutel-und-stick-herstellung","status":"publish","type":"page","link":"https:\/\/kraeuter-groz.de\/en\/schlauchbeutel-und-stick-herstellung\/","title":{"rendered":"Tubular bags"},"content":{"rendered":"<div data-row-brightness=\"light\" class=\"vc_row wpb_row vc_row-fluid rella-row-shadowbox-69da0a430446b\" style=\"\"><div class=\"wpb_column vc_column_container vc_col-sm-12\" ><div class=\"vc_column-inner\"  style=\"\"><div class=\"wpb_wrapper\"><style>.ra_section_title_69da0a4304b60 h1{font-size:26px;border-bottom-color:1.25em;color:#1b6b56;line-height:1.25em;}<\/style><header class=\"section-title section-title-default align-left ra_section_title_69da0a4304b60\" >\n\t<h1 class=\"title\">Tubular bags<\/h1><\/header>\r\n\t<div class=\"wpb_single_image wpb_content_element vc_align_left\" >\r\n\t\t\r\n\t\t<figure class=\"wpb_wrapper vc_figure\">\r\n\t\t\t<div class=\"vc_single_image-wrapper   vc_box_border_grey\"><img data-rjs=\"https:\/\/kraeuter-groz.de\/wp-content\/uploads\/2021\/09\/AdobeStock_323212505-scaled.jpeg\" class=\"vc_single_image-img\" src=\"https:\/\/kraeuter-groz.de\/wp-content\/uploads\/2021\/09\/AdobeStock_323212505-scaled-500x200.jpeg\" width=\"500\" height=\"200\" alt=\"Schlauchbeutel Muster\" title=\"Green packaging template for your design. In different angles on a white background\" \/><\/div>\r\n\t\t<\/figure>\r\n\t<\/div>\r\n\n\t<div class=\"wpb_text_column wpb_content_element\">\n\t\t<div class=\"wpb_wrapper\">\n\t\t\t<figure class=\"wp-block-image size-large\"><figcaption>\n<p>Do you value a perfect presentation of your products?<br \/>We recommend a tubular bag that hugs your product like a second skin.<\/p>\n<p>We offer filling for the following products:<\/p>\n<p>- Coffee \/ drinking powder<br \/>- sugar \/ salt<br \/>- Spice mixes and granulates<br \/>- Powdered tea and herbs<br \/>- Animal feed \/ vegetable mix for birds and rodents<br \/>- Spice and incense mixes<br \/>- seeds<\/p>\n<p>Depending on your individual needs, we can offer you different materials, lengths and widths. Foils are produced in 4c Duck according to your specifications.<\/p>\n<p>Furthermore, tubular bags are also often used in:<\/p>\n<p>Cans, folding boxes, advent calendars, advertising materials, tray displays, etc.<\/p>\n<p>Stick filling also possible in different variants and packaging options.<\/p>\n<\/figcaption><\/figure>\n<p>&nbsp;<\/p>\n\n\t\t<\/div>\n\t<\/div>\n<\/div><\/div><\/div><script type=\"text\/javascript\">(function($) {$(\"head\").append(\"<style>.rella-row-shadowbox-69da0a430446b{-webkit-box-shadow:;-moz-box-shadow:;box-shadow:;}<\/style>\");})(jQuery);<\/script><\/div>","protected":false},"excerpt":{"rendered":".ra_section_title_69da0a4305d25 h1{font-size:26px;border-bottom-color:1.25em;color:#1b6b56;line-height:1.25em;} Schlauchbeutel und Stick Herstellung Sie legen auf eine perfekte Pr\u00e4sentation Ihrer Produkte Wert?Wir empfehlen ihnen einen Schlauchbeutel der sich wie eine zweite Haut Ihrem Produkt anschmiegt. F\u00fcr folgende Produkte bieten wir eine Abf\u00fcllung an: - Kaffe\/ Trinkpulver- Zucker\/ Salz- Gew\u00fcrzmischungen und Granulate- Tee- und Kr\u00e4uterpulver- Tierfuttermittel \/ Gem\u00fcsemix f\u00fcr V\u00f6gel und Nager- Gew\u00fcrz [...]","protected":false},"author":7,"featured_media":0,"parent":0,"menu_order":0,"comment_status":"closed","ping_status":"closed","template":"","meta":[],"yoast_head":"<!-- This site is optimized with the Yoast SEO plugin v19.6 - https:\/\/yoast.com\/wordpress\/plugins\/seo\/ -->\n<title>Herstellung Schlauchbeutel und Stickpack<\/title>\n<meta name=\"description\" content=\"Schlauchbeutel &amp; Stickabf\u00fcllung in vielen Varianten &amp; Verpackungsm\u00f6glichkeiten f\u00fcr Kaffee, Tee, Kr\u00e4uter, Gew\u00fcrze, Tierfutter, Saaten\" \/>\n<meta name=\"robots\" content=\"index, follow, max-snippet:-1, max-image-preview:large, max-video-preview:-1\" \/>\n<link rel=\"canonical\" href=\"https:\/\/kraeuter-groz.de\/en\/schlauchbeutel-und-stick-herstellung\/\" \/>\n<meta property=\"og:locale\" content=\"en_GB\" \/>\n<meta property=\"og:type\" content=\"article\" \/>\n<meta property=\"og:title\" content=\"Herstellung Schlauchbeutel und Stickpack\" \/>\n<meta property=\"og:description\" content=\"Schlauchbeutel &amp; Stickabf\u00fcllung in vielen Varianten &amp; Verpackungsm\u00f6glichkeiten f\u00fcr Kaffee, Tee, Kr\u00e4uter, Gew\u00fcrze, Tierfutter, Saaten\" \/>\n<meta property=\"og:url\" content=\"https:\/\/kraeuter-groz.de\/en\/schlauchbeutel-und-stick-herstellung\/\" \/>\n<meta property=\"og:site_name\" content=\"Kraeutergroz\" \/>\n<meta property=\"article:modified_time\" content=\"2022-04-13T09:29:29+00:00\" \/>\n<meta name=\"twitter:card\" content=\"summary_large_image\" \/>\n<meta name=\"twitter:label1\" content=\"Estimated reading time\" \/>\n\t<meta name=\"twitter:data1\" content=\"1 minute\" \/>\n<script type=\"application\/ld+json\" class=\"yoast-schema-graph\">{\"@context\":\"https:\/\/schema.org\",\"@graph\":[{\"@type\":\"WebPage\",\"@id\":\"https:\/\/kraeuter-groz.de\/schlauchbeutel-und-stick-herstellung\/\",\"url\":\"https:\/\/kraeuter-groz.de\/schlauchbeutel-und-stick-herstellung\/\",\"name\":\"Herstellung Schlauchbeutel und Stickpack\",\"isPartOf\":{\"@id\":\"https:\/\/kraeuter-groz.de\/#website\"},\"datePublished\":\"2021-09-07T14:07:19+00:00\",\"dateModified\":\"2022-04-13T09:29:29+00:00\",\"description\":\"Schlauchbeutel & Stickabf\u00fcllung in vielen Varianten & Verpackungsm\u00f6glichkeiten f\u00fcr Kaffee, Tee, Kr\u00e4uter, Gew\u00fcrze, Tierfutter, Saaten\",\"breadcrumb\":{\"@id\":\"https:\/\/kraeuter-groz.de\/schlauchbeutel-und-stick-herstellung\/#breadcrumb\"},\"inLanguage\":\"en-GB\",\"potentialAction\":[{\"@type\":\"ReadAction\",\"target\":[\"https:\/\/kraeuter-groz.de\/schlauchbeutel-und-stick-herstellung\/\"]}]},{\"@type\":\"BreadcrumbList\",\"@id\":\"https:\/\/kraeuter-groz.de\/schlauchbeutel-und-stick-herstellung\/#breadcrumb\",\"itemListElement\":[{\"@type\":\"ListItem\",\"position\":1,\"name\":\"Startseite\",\"item\":\"https:\/\/kraeuter-groz.de\/\"},{\"@type\":\"ListItem\",\"position\":2,\"name\":\"Schlauchbeutel und Stick Herstellung\"}]},{\"@type\":\"WebSite\",\"@id\":\"https:\/\/kraeuter-groz.de\/#website\",\"url\":\"https:\/\/kraeuter-groz.de\/\",\"name\":\"Kraeutergroz\",\"description\":\"\",\"publisher\":{\"@id\":\"https:\/\/kraeuter-groz.de\/#organization\"},\"potentialAction\":[{\"@type\":\"SearchAction\",\"target\":{\"@type\":\"EntryPoint\",\"urlTemplate\":\"https:\/\/kraeuter-groz.de\/?s={search_term_string}\"},\"query-input\":\"required name=search_term_string\"}],\"inLanguage\":\"en-GB\"},{\"@type\":\"Organization\",\"@id\":\"https:\/\/kraeuter-groz.de\/#organization\",\"name\":\"Daniel Groz Soehne GmbH & Co. KG\",\"url\":\"https:\/\/kraeuter-groz.de\/\",\"sameAs\":[],\"logo\":{\"@type\":\"ImageObject\",\"inLanguage\":\"en-GB\",\"@id\":\"https:\/\/kraeuter-groz.de\/#\/schema\/logo\/image\/\",\"url\":\"https:\/\/kraeuter-groz.de\/wp-content\/uploads\/2019\/02\/logo.png\",\"contentUrl\":\"https:\/\/kraeuter-groz.de\/wp-content\/uploads\/2019\/02\/logo.png\",\"width\":1451,\"height\":1208,\"caption\":\"Daniel Groz Soehne GmbH & Co. KG\"},\"image\":{\"@id\":\"https:\/\/kraeuter-groz.de\/#\/schema\/logo\/image\/\"}}]}<\/script>\n<!-- \/ Yoast SEO plugin. -->","yoast_head_json":{"title":"Herstellung Schlauchbeutel und Stickpack","description":"Schlauchbeutel & Stickabf\u00fcllung in vielen Varianten & Verpackungsm\u00f6glichkeiten f\u00fcr Kaffee, Tee, Kr\u00e4uter, Gew\u00fcrze, Tierfutter, Saaten","robots":{"index":"index","follow":"follow","max-snippet":"max-snippet:-1","max-image-preview":"max-image-preview:large","max-video-preview":"max-video-preview:-1"},"canonical":"https:\/\/kraeuter-groz.de\/en\/schlauchbeutel-und-stick-herstellung\/","og_locale":"en_GB","og_type":"article","og_title":"Herstellung Schlauchbeutel und Stickpack","og_description":"Schlauchbeutel & Stickabf\u00fcllung in vielen Varianten & Verpackungsm\u00f6glichkeiten f\u00fcr Kaffee, Tee, Kr\u00e4uter, Gew\u00fcrze, Tierfutter, Saaten","og_url":"https:\/\/kraeuter-groz.de\/en\/schlauchbeutel-und-stick-herstellung\/","og_site_name":"Kraeutergroz","article_modified_time":"2022-04-13T09:29:29+00:00","twitter_card":"summary_large_image","twitter_misc":{"Estimated reading time":"1 minute"},"schema":{"@context":"https:\/\/schema.org","@graph":[{"@type":"WebPage","@id":"https:\/\/kraeuter-groz.de\/schlauchbeutel-und-stick-herstellung\/","url":"https:\/\/kraeuter-groz.de\/schlauchbeutel-und-stick-herstellung\/","name":"Herstellung Schlauchbeutel und Stickpack","isPartOf":{"@id":"https:\/\/kraeuter-groz.de\/#website"},"datePublished":"2021-09-07T14:07:19+00:00","dateModified":"2022-04-13T09:29:29+00:00","description":"Schlauchbeutel & Stickabf\u00fcllung in vielen Varianten & Verpackungsm\u00f6glichkeiten f\u00fcr Kaffee, Tee, Kr\u00e4uter, Gew\u00fcrze, Tierfutter, Saaten","breadcrumb":{"@id":"https:\/\/kraeuter-groz.de\/schlauchbeutel-und-stick-herstellung\/#breadcrumb"},"inLanguage":"en-GB","potentialAction":[{"@type":"ReadAction","target":["https:\/\/kraeuter-groz.de\/schlauchbeutel-und-stick-herstellung\/"]}]},{"@type":"BreadcrumbList","@id":"https:\/\/kraeuter-groz.de\/schlauchbeutel-und-stick-herstellung\/#breadcrumb","itemListElement":[{"@type":"ListItem","position":1,"name":"Startseite","item":"https:\/\/kraeuter-groz.de\/"},{"@type":"ListItem","position":2,"name":"Schlauchbeutel und Stick Herstellung"}]},{"@type":"WebSite","@id":"https:\/\/kraeuter-groz.de\/#website","url":"https:\/\/kraeuter-groz.de\/","name":"Kraeutergroz","description":"","publisher":{"@id":"https:\/\/kraeuter-groz.de\/#organization"},"potentialAction":[{"@type":"SearchAction","target":{"@type":"EntryPoint","urlTemplate":"https:\/\/kraeuter-groz.de\/?s={search_term_string}"},"query-input":"required name=search_term_string"}],"inLanguage":"en-GB"},{"@type":"Organization","@id":"https:\/\/kraeuter-groz.de\/#organization","name":"Daniel Groz Soehne GmbH & Co. KG","url":"https:\/\/kraeuter-groz.de\/","sameAs":[],"logo":{"@type":"ImageObject","inLanguage":"en-GB","@id":"https:\/\/kraeuter-groz.de\/#\/schema\/logo\/image\/","url":"https:\/\/kraeuter-groz.de\/wp-content\/uploads\/2019\/02\/logo.png","contentUrl":"https:\/\/kraeuter-groz.de\/wp-content\/uploads\/2019\/02\/logo.png","width":1451,"height":1208,"caption":"Daniel Groz Soehne GmbH & Co. KG"},"image":{"@id":"https:\/\/kraeuter-groz.de\/#\/schema\/logo\/image\/"}}]}},"_links":{"self":[{"href":"https:\/\/kraeuter-groz.de\/en\/wp-json\/wp\/v2\/pages\/10158"}],"collection":[{"href":"https:\/\/kraeuter-groz.de\/en\/wp-json\/wp\/v2\/pages"}],"about":[{"href":"https:\/\/kraeuter-groz.de\/en\/wp-json\/wp\/v2\/types\/page"}],"author":[{"embeddable":true,"href":"https:\/\/kraeuter-groz.de\/en\/wp-json\/wp\/v2\/users\/7"}],"replies":[{"embeddable":true,"href":"https:\/\/kraeuter-groz.de\/en\/wp-json\/wp\/v2\/comments?post=10158"}],"version-history":[{"count":3,"href":"https:\/\/kraeuter-groz.de\/en\/wp-json\/wp\/v2\/pages\/10158\/revisions"}],"predecessor-version":[{"id":10179,"href":"https:\/\/kraeuter-groz.de\/en\/wp-json\/wp\/v2\/pages\/10158\/revisions\/10179"}],"wp:attachment":[{"href":"https:\/\/kraeuter-groz.de\/en\/wp-json\/wp\/v2\/media?parent=10158"}],"curies":[{"name":"wp","href":"https:\/\/api.w.org\/{rel}","templated":true}]}}